{"id":3420,"date":"2022-07-05T11:31:20","date_gmt":"2022-07-05T10:31:20","guid":{"rendered":"https:\/\/www.abseguridad.com\/serveis-especials-de-seguretat\/"},"modified":"2022-07-05T11:31:20","modified_gmt":"2022-07-05T10:31:20","slug":"serveis-especials-de-seguretat","status":"publish","type":"page","link":"https:\/\/www.abseguridad.com\/ca\/serveis-especials-de-seguretat\/","title":{"rendered":"Serveis Especials de Seguretat"},"content":{"rendered":"<p>A <a href=\"https:\/\/www.abseguridad.com\/ca\/qui-som-empresa-de-seguretat-a-barcelona\/\">AB Seguretat<\/a> tenim un \u00fanic objectiu, garantir la protecci\u00f3 i seguretat de les persones i la dels seus b\u00e9ns a qualsevol entorn. Per assegurar que es compleix aquest objectiu, a AB Seguretat disposem d&#8217;un servei de vigilant de seguretat i d&#8217;altres serveis especials de seguretat.<\/p>\n<p>A partir del Projecte de Seguretat, fixem les necessitats i les prioritats en mat\u00e8ria de seguretat responent als requisits dels nostres clients.<\/p>\n<p>A AB Seguretat realitzem tot tipus d&#8217;<a href=\"https:\/\/www.abseguridad.com\/ca\/serveis-de-seguretat\/\">instal\u00b7lacions de seguretat<\/a>, implementant productes de darrera generaci\u00f3, garantint la seguretat de l&#8217;entorn. De vegades, associats a aquests sistemes, cal l&#8217;execuci\u00f3 d&#8217;alguns serveis especials:<\/p>\n<ul>\n<li>Serveis d&#8217;acudits i\/o vigilants.<\/li>\n<li>Localitzaci\u00f3 de micr\u00f2fons espia. Escombrats electr\u00f2nics.<\/li>\n<li>Controls de ronda.<\/li>\n<li>Videoan\u00e0lisi.<\/li>\n<li>Videoan\u00e0lisi per a detecci\u00f3 de flama.<\/li>\n<li>Instal\u00b7lacions a zona ATEX.<\/li>\n<li>Etc.<\/li>\n<\/ul>\n<p>Si el que est\u00e0 buscant en una empresa de seguretat, que li ofereixi un assessorament professional i un servei integral d&#8217;acord amb les seves necessitats, AB Seguretat \u00e9s la soluci\u00f3, posi&#8217;s en contacte amb nosaltres<a href=\"https:\/\/www.abseguridad.com\/ca\/contacte\/\"> omplint el q\u00fcestionari<\/a> o si ho prefereix truqui&#8217;ns al tel\u00e8fon\u00a0<a href=\"tel:932936673\">932936673<\/a> on us atendrem personalment.<\/p>\n<p>Estem a la seva disposici\u00f3!<\/p>\n","protected":false},"excerpt":{"rendered":"<p>A AB Seguretat tenim un \u00fanic objectiu, garantir la protecci\u00f3 i seguretat de les persones i la dels seus b\u00e9ns a qualsevol entorn. Per assegurar que es compleix aquest objectiu, a AB Seguretat disposem d&#8217;un servei de vigilant de seguretat i d&#8217;altres serveis especials de seguretat. A partir del Projecte de Seguretat, fixem les necessitats [&hellip;]<\/p>\n","protected":false},"author":49,"featured_media":2717,"parent":0,"menu_order":0,"comment_status":"closed","ping_status":"closed","template":"","meta":{"footnotes":""},"class_list":["post-3420","page","type-page","status-publish","has-post-thumbnail","hentry"],"yoast_head":"<!-- This site is optimized with the Yoast SEO plugin v27.4 - https:\/\/yoast.com\/product\/yoast-seo-wordpress\/ -->\n<title>Serveis Especials de Seguretat - AB Seguretat<\/title>\n<meta name=\"description\" content=\"A AB Seguretat som especialistes en la instal\u00b7laci\u00f3 i manteniment de serveis especials de seguretat en empreses, comer\u00e7os i habitatges.\" \/>\n<meta name=\"robots\" content=\"index, follow, max-snippet:-1, max-image-preview:large, max-video-preview:-1\" \/>\n<link rel=\"canonical\" href=\"https:\/\/www.abseguridad.com\/ca\/serveis-especials-de-seguretat\/\" \/>\n<meta property=\"og:locale\" content=\"ca_ES\" \/>\n<meta property=\"og:type\" content=\"article\" \/>\n<meta property=\"og:title\" content=\"Serveis Especials de Seguretat - AB Seguretat\" \/>\n<meta property=\"og:description\" content=\"A AB Seguretat som especialistes en la instal\u00b7laci\u00f3 i manteniment de serveis especials de seguretat en empreses, comer\u00e7os i habitatges.\" \/>\n<meta property=\"og:url\" content=\"https:\/\/www.abseguridad.com\/ca\/serveis-especials-de-seguretat\/\" \/>\n<meta property=\"og:site_name\" content=\"AB Seguridad\" \/>\n<meta property=\"og:image\" content=\"https:\/\/www.abseguridad.com\/wp-content\/uploads\/2016\/03\/servicios-especiales.jpg\" \/>\n\t<meta property=\"og:image:width\" content=\"1687\" \/>\n\t<meta property=\"og:image:height\" content=\"1126\" \/>\n\t<meta property=\"og:image:type\" content=\"image\/jpeg\" \/>\n<meta name=\"twitter:card\" content=\"summary_large_image\" \/>\n<meta name=\"twitter:site\" content=\"@ab_seguridad\" \/>\n<meta name=\"twitter:label1\" content=\"Temps estimat de lectura\" \/>\n\t<meta name=\"twitter:data1\" content=\"1 minute\" \/>\n<script type=\"application\/ld+json\" class=\"yoast-schema-graph\">{\"@context\":\"https:\\\/\\\/schema.org\",\"@graph\":[{\"@type\":\"WebPage\",\"@id\":\"https:\\\/\\\/www.abseguridad.com\\\/ca\\\/serveis-especials-de-seguretat\\\/\",\"url\":\"https:\\\/\\\/www.abseguridad.com\\\/ca\\\/serveis-especials-de-seguretat\\\/\",\"name\":\"Serveis Especials de Seguretat - AB Seguretat\",\"isPartOf\":{\"@id\":\"https:\\\/\\\/www.abseguridad.com\\\/ca\\\/#website\"},\"primaryImageOfPage\":{\"@id\":\"https:\\\/\\\/www.abseguridad.com\\\/ca\\\/serveis-especials-de-seguretat\\\/#primaryimage\"},\"image\":{\"@id\":\"https:\\\/\\\/www.abseguridad.com\\\/ca\\\/serveis-especials-de-seguretat\\\/#primaryimage\"},\"thumbnailUrl\":\"https:\\\/\\\/www.abseguridad.com\\\/wp-content\\\/uploads\\\/2016\\\/03\\\/servicios-especiales.jpg\",\"datePublished\":\"2022-07-05T10:31:20+00:00\",\"description\":\"A AB Seguretat som especialistes en la instal\u00b7laci\u00f3 i manteniment de serveis especials de seguretat en empreses, comer\u00e7os i habitatges.\",\"breadcrumb\":{\"@id\":\"https:\\\/\\\/www.abseguridad.com\\\/ca\\\/serveis-especials-de-seguretat\\\/#breadcrumb\"},\"inLanguage\":\"ca\",\"potentialAction\":[{\"@type\":\"ReadAction\",\"target\":[\"https:\\\/\\\/www.abseguridad.com\\\/ca\\\/serveis-especials-de-seguretat\\\/\"]}]},{\"@type\":\"ImageObject\",\"inLanguage\":\"ca\",\"@id\":\"https:\\\/\\\/www.abseguridad.com\\\/ca\\\/serveis-especials-de-seguretat\\\/#primaryimage\",\"url\":\"https:\\\/\\\/www.abseguridad.com\\\/wp-content\\\/uploads\\\/2016\\\/03\\\/servicios-especiales.jpg\",\"contentUrl\":\"https:\\\/\\\/www.abseguridad.com\\\/wp-content\\\/uploads\\\/2016\\\/03\\\/servicios-especiales.jpg\",\"width\":1687,\"height\":1126},{\"@type\":\"BreadcrumbList\",\"@id\":\"https:\\\/\\\/www.abseguridad.com\\\/ca\\\/serveis-especials-de-seguretat\\\/#breadcrumb\",\"itemListElement\":[{\"@type\":\"ListItem\",\"position\":1,\"name\":\"Portada\",\"item\":\"https:\\\/\\\/www.abseguridad.com\\\/ca\\\/inici\\\/\"},{\"@type\":\"ListItem\",\"position\":2,\"name\":\"Serveis Especials de Seguretat\"}]},{\"@type\":\"WebSite\",\"@id\":\"https:\\\/\\\/www.abseguridad.com\\\/ca\\\/#website\",\"url\":\"https:\\\/\\\/www.abseguridad.com\\\/ca\\\/\",\"name\":\"AB Seguridad\",\"description\":\"Seguridad y Contraincendios en Barcelona\",\"publisher\":{\"@id\":\"https:\\\/\\\/www.abseguridad.com\\\/ca\\\/#organization\"},\"potentialAction\":[{\"@type\":\"SearchAction\",\"target\":{\"@type\":\"EntryPoint\",\"urlTemplate\":\"https:\\\/\\\/www.abseguridad.com\\\/ca\\\/?s={search_term_string}\"},\"query-input\":{\"@type\":\"PropertyValueSpecification\",\"valueRequired\":true,\"valueName\":\"search_term_string\"}}],\"inLanguage\":\"ca\"},{\"@type\":\"Organization\",\"@id\":\"https:\\\/\\\/www.abseguridad.com\\\/ca\\\/#organization\",\"name\":\"AB Seguridad\",\"url\":\"https:\\\/\\\/www.abseguridad.com\\\/ca\\\/\",\"logo\":{\"@type\":\"ImageObject\",\"inLanguage\":\"ca\",\"@id\":\"https:\\\/\\\/www.abseguridad.com\\\/ca\\\/#\\\/schema\\\/logo\\\/image\\\/\",\"url\":\"https:\\\/\\\/www.abseguridad.com\\\/wp-content\\\/uploads\\\/2021\\\/06\\\/ab_seguridad_OK.png\",\"contentUrl\":\"https:\\\/\\\/www.abseguridad.com\\\/wp-content\\\/uploads\\\/2021\\\/06\\\/ab_seguridad_OK.png\",\"width\":260,\"height\":190,\"caption\":\"AB Seguridad\"},\"image\":{\"@id\":\"https:\\\/\\\/www.abseguridad.com\\\/ca\\\/#\\\/schema\\\/logo\\\/image\\\/\"},\"sameAs\":[\"https:\\\/\\\/x.com\\\/ab_seguridad\",\"https:\\\/\\\/es.linkedin.com\\\/company\\\/ab-seguridad\"]}]}<\/script>\n<!-- \/ Yoast SEO plugin. -->","yoast_head_json":{"title":"Serveis Especials de Seguretat - AB Seguretat","description":"A AB Seguretat som especialistes en la instal\u00b7laci\u00f3 i manteniment de serveis especials de seguretat en empreses, comer\u00e7os i habitatges.","robots":{"index":"index","follow":"follow","max-snippet":"max-snippet:-1","max-image-preview":"max-image-preview:large","max-video-preview":"max-video-preview:-1"},"canonical":"https:\/\/www.abseguridad.com\/ca\/serveis-especials-de-seguretat\/","og_locale":"ca_ES","og_type":"article","og_title":"Serveis Especials de Seguretat - AB Seguretat","og_description":"A AB Seguretat som especialistes en la instal\u00b7laci\u00f3 i manteniment de serveis especials de seguretat en empreses, comer\u00e7os i habitatges.","og_url":"https:\/\/www.abseguridad.com\/ca\/serveis-especials-de-seguretat\/","og_site_name":"AB Seguridad","og_image":[{"width":1687,"height":1126,"url":"https:\/\/www.abseguridad.com\/wp-content\/uploads\/2016\/03\/servicios-especiales.jpg","type":"image\/jpeg"}],"twitter_card":"summary_large_image","twitter_site":"@ab_seguridad","twitter_misc":{"Temps estimat de lectura":"1 minute"},"schema":{"@context":"https:\/\/schema.org","@graph":[{"@type":"WebPage","@id":"https:\/\/www.abseguridad.com\/ca\/serveis-especials-de-seguretat\/","url":"https:\/\/www.abseguridad.com\/ca\/serveis-especials-de-seguretat\/","name":"Serveis Especials de Seguretat - AB Seguretat","isPartOf":{"@id":"https:\/\/www.abseguridad.com\/ca\/#website"},"primaryImageOfPage":{"@id":"https:\/\/www.abseguridad.com\/ca\/serveis-especials-de-seguretat\/#primaryimage"},"image":{"@id":"https:\/\/www.abseguridad.com\/ca\/serveis-especials-de-seguretat\/#primaryimage"},"thumbnailUrl":"https:\/\/www.abseguridad.com\/wp-content\/uploads\/2016\/03\/servicios-especiales.jpg","datePublished":"2022-07-05T10:31:20+00:00","description":"A AB Seguretat som especialistes en la instal\u00b7laci\u00f3 i manteniment de serveis especials de seguretat en empreses, comer\u00e7os i habitatges.","breadcrumb":{"@id":"https:\/\/www.abseguridad.com\/ca\/serveis-especials-de-seguretat\/#breadcrumb"},"inLanguage":"ca","potentialAction":[{"@type":"ReadAction","target":["https:\/\/www.abseguridad.com\/ca\/serveis-especials-de-seguretat\/"]}]},{"@type":"ImageObject","inLanguage":"ca","@id":"https:\/\/www.abseguridad.com\/ca\/serveis-especials-de-seguretat\/#primaryimage","url":"https:\/\/www.abseguridad.com\/wp-content\/uploads\/2016\/03\/servicios-especiales.jpg","contentUrl":"https:\/\/www.abseguridad.com\/wp-content\/uploads\/2016\/03\/servicios-especiales.jpg","width":1687,"height":1126},{"@type":"BreadcrumbList","@id":"https:\/\/www.abseguridad.com\/ca\/serveis-especials-de-seguretat\/#breadcrumb","itemListElement":[{"@type":"ListItem","position":1,"name":"Portada","item":"https:\/\/www.abseguridad.com\/ca\/inici\/"},{"@type":"ListItem","position":2,"name":"Serveis Especials de Seguretat"}]},{"@type":"WebSite","@id":"https:\/\/www.abseguridad.com\/ca\/#website","url":"https:\/\/www.abseguridad.com\/ca\/","name":"AB Seguridad","description":"Seguridad y Contraincendios en Barcelona","publisher":{"@id":"https:\/\/www.abseguridad.com\/ca\/#organization"},"potentialAction":[{"@type":"SearchAction","target":{"@type":"EntryPoint","urlTemplate":"https:\/\/www.abseguridad.com\/ca\/?s={search_term_string}"},"query-input":{"@type":"PropertyValueSpecification","valueRequired":true,"valueName":"search_term_string"}}],"inLanguage":"ca"},{"@type":"Organization","@id":"https:\/\/www.abseguridad.com\/ca\/#organization","name":"AB Seguridad","url":"https:\/\/www.abseguridad.com\/ca\/","logo":{"@type":"ImageObject","inLanguage":"ca","@id":"https:\/\/www.abseguridad.com\/ca\/#\/schema\/logo\/image\/","url":"https:\/\/www.abseguridad.com\/wp-content\/uploads\/2021\/06\/ab_seguridad_OK.png","contentUrl":"https:\/\/www.abseguridad.com\/wp-content\/uploads\/2021\/06\/ab_seguridad_OK.png","width":260,"height":190,"caption":"AB Seguridad"},"image":{"@id":"https:\/\/www.abseguridad.com\/ca\/#\/schema\/logo\/image\/"},"sameAs":["https:\/\/x.com\/ab_seguridad","https:\/\/es.linkedin.com\/company\/ab-seguridad"]}]}},"_links":{"self":[{"href":"https:\/\/www.abseguridad.com\/ca\/wp-json\/wp\/v2\/pages\/3420","targetHints":{"allow":["GET"]}}],"collection":[{"href":"https:\/\/www.abseguridad.com\/ca\/wp-json\/wp\/v2\/pages"}],"about":[{"href":"https:\/\/www.abseguridad.com\/ca\/wp-json\/wp\/v2\/types\/page"}],"author":[{"embeddable":true,"href":"https:\/\/www.abseguridad.com\/ca\/wp-json\/wp\/v2\/users\/49"}],"replies":[{"embeddable":true,"href":"https:\/\/www.abseguridad.com\/ca\/wp-json\/wp\/v2\/comments?post=3420"}],"version-history":[{"count":0,"href":"https:\/\/www.abseguridad.com\/ca\/wp-json\/wp\/v2\/pages\/3420\/revisions"}],"wp:featuredmedia":[{"embeddable":true,"href":"https:\/\/www.abseguridad.com\/ca\/wp-json\/wp\/v2\/media\/2717"}],"wp:attachment":[{"href":"https:\/\/www.abseguridad.com\/ca\/wp-json\/wp\/v2\/media?parent=3420"}],"curies":[{"name":"wp","href":"https:\/\/api.w.org\/{rel}","templated":true}]}}