{"id":3390,"date":"2022-07-05T09:38:14","date_gmt":"2022-07-05T08:38:14","guid":{"rendered":"https:\/\/www.abseguridad.com\/proteccio-contra-incendi\/"},"modified":"2022-07-05T09:38:14","modified_gmt":"2022-07-05T08:38:14","slug":"proteccio-contra-incendi","status":"publish","type":"page","link":"https:\/\/www.abseguridad.com\/ca\/proteccio-contra-incendi\/","title":{"rendered":"Protecci\u00f3 contra incendi"},"content":{"rendered":"<p>A <a href=\"https:\/\/www.abseguridad.com\/ca\/qui-som-empresa-de-seguretat-a-barcelona\/\">AB Seguretat<\/a> som conscients de les necessitats normatives en l&#8217;\u00e0mbit de la\u00a0<strong>protecci\u00f3 contra incendis.<\/strong><\/p>\n<p>Disposem d&#8217;un departament especialitzat en el tema, tant a nivell d&#8217;ingenyeria, interpretant les indicacions normatives, dissenyant i calculant instal\u00b7lacions, com a nivell comercial atenent personalment a cada client, detectant les seves necessitats i oferint el sistema m\u00e9s fiable i econ\u00f2mic.<\/p>\n<p>Tenim una gran experi\u00e8ncia en l&#8217;\u00e0mbit de l&#8217;ind\u00fastria. Realitzem ins<\/p>\n<p>Tenim una gran experi\u00e8ncia a l&#8217;\u00e0mbit de la ind\u00fastria. Realitzem instal\u00b7lacions de <strong>sistemes de P.C.I<\/strong> (Protecci\u00f3 contra incendis) de protecci\u00f3 activa:<\/p>\n<ul>\n<li>Extintors.<\/li>\n<li>Boques d&#8217;incendi equipades.<\/li>\n<li>Detecci\u00f3 i alarma d&#8217;incendi.<\/li>\n<li>Grups de bombeig.<\/li>\n<li>Sistemes de ruixadors.<\/li>\n<li>Sistemes d&#8217;hidrants.<\/li>\n<li>Extincions autom\u00e0tiques.<\/li>\n<\/ul>\n<p>Som especialistes en instal\u00b7lacions de<strong> protecci\u00f3 pasiva<\/strong>:<\/p>\n<ul>\n<li>Ignifugaci\u00f3 d&#8217;estructures.<\/li>\n<li>Sellat de pas d&#8217;instal\u00b7lacions.<\/li>\n<li>Compartimentaci\u00f3 mitjan\u00e7ant pladur RF.<\/li>\n<\/ul>\n<p>Tamb\u00e9 realitzem maniobres associades, com retenidors a portes, obertures de claraboies, aturades d&#8217;aire condicionat, talls de fluid el\u00e8ctric, etc.<\/p>\n<p>Dins l&#8217;\u00e0mbit comercial i des de l&#8217;any 1990, hem executat gran quantitat d&#8217;instal\u00b7lacions de P.C.I, a centres comercials i locals, realitzant les actuacions en el termini requerit i amb preus ajustats. A la finalitzaci\u00f3 dels nostres projectes, AB Seguretat lliura pl\u00e0nols de les instal\u00b7lacions implantades, documentaci\u00f3 de les mateixes i manuals d&#8217;usuari. Tamb\u00e9 oferim els <a href=\"https:\/\/www.abseguridad.com\/ca\/servicio-de-mantenimiento-para-sistemas-de-seguridad\/\">serveis de manteniment<\/a> de tots els equips instal\u00b7lats i la <a href=\"https:\/\/www.abseguridad.com\/ca\/seguretat-fisica\/\">seguretat f\u00edsica<\/a> que juntament amb l&#8217;electr\u00f2nica proporcionen una protecci\u00f3 integral.<\/p>\n<p>El manteniment \u00e9s un dels nostres pilars b\u00e0sics. \u00c9s indispensable mantenir adequadament els equips, seguint les indicacions del programa de manteniment del RIPCI, per identificar les anomalies i corregir-les amb rapidesa.<\/p>\n<p>A m\u00e9s, fem plans de seguretat i simulacres d&#8217;emerg\u00e8ncia, formaci\u00f3 teoricopr\u00e0ctica en mat\u00e8ria de seguretat contra incendis i assessoria a enginyeries i arquitectures.<\/p>\n<p>Si el que est\u00e0 buscant en una empresa de seguretat que li ofereixi una excel\u00b7lent protecci\u00f3 contra incendi i un servei integral d&#8217;acord amb les seves necessitats, AB Seguretat \u00e9s la soluci\u00f3. Pot posar-se en contacte amb nosaltres <a href=\"https:\/\/www.abseguridad.com\/ca\/contacte\/\">omplint el q\u00fcestionari<\/a> o si ho prefereix trucar-nos al tel\u00e8fon \u00a0<a href=\"tel:932936673\">932936673<\/a> on li atendrem personalment.<\/p>\n<p>Estem a la seva disposici\u00f3!<\/p>\n","protected":false},"excerpt":{"rendered":"<p>A AB Seguretat som conscients de les necessitats normatives en l&#8217;\u00e0mbit de la\u00a0protecci\u00f3 contra incendis. Disposem d&#8217;un departament especialitzat en el tema, tant a nivell d&#8217;ingenyeria, interpretant les indicacions normatives, dissenyant i calculant instal\u00b7lacions, com a nivell comercial atenent personalment a cada client, detectant les seves necessitats i oferint el sistema m\u00e9s fiable i econ\u00f2mic. [&hellip;]<\/p>\n","protected":false},"author":49,"featured_media":2791,"parent":0,"menu_order":0,"comment_status":"closed","ping_status":"closed","template":"elementor_header_footer","meta":{"footnotes":""},"class_list":["post-3390","page","type-page","status-publish","has-post-thumbnail","hentry"],"yoast_head":"<!-- This site is optimized with the Yoast SEO plugin v27.5 - https:\/\/yoast.com\/product\/yoast-seo-wordpress\/ -->\n<title>Protecci\u00f3 contra Incendis - AB Seguretat<\/title>\n<meta name=\"description\" content=\"A AB Seguretat som especialistes en la creaci\u00f3 de projectes de protecci\u00f3 contra incendis a empreses, comer\u00e7os i vivendes.\" \/>\n<meta name=\"robots\" content=\"index, follow, max-snippet:-1, max-image-preview:large, max-video-preview:-1\" \/>\n<link rel=\"canonical\" href=\"https:\/\/www.abseguridad.com\/ca\/proteccio-contra-incendi\/\" \/>\n<meta property=\"og:locale\" content=\"ca_ES\" \/>\n<meta property=\"og:type\" content=\"article\" \/>\n<meta property=\"og:title\" content=\"Protecci\u00f3 contra Incendis - AB Seguretat\" \/>\n<meta property=\"og:description\" content=\"A AB Seguretat som especialistes en la creaci\u00f3 de projectes de protecci\u00f3 contra incendis a empreses, comer\u00e7os i vivendes.\" \/>\n<meta property=\"og:url\" content=\"https:\/\/www.abseguridad.com\/ca\/proteccio-contra-incendi\/\" \/>\n<meta property=\"og:site_name\" content=\"AB Seguridad\" \/>\n<meta property=\"og:image\" content=\"https:\/\/www.abseguridad.com\/wp-content\/uploads\/2019\/06\/BIE-Incendios-e1560757631706.jpg\" \/>\n\t<meta property=\"og:image:width\" content=\"1920\" \/>\n\t<meta property=\"og:image:height\" content=\"1056\" \/>\n\t<meta property=\"og:image:type\" content=\"image\/jpeg\" \/>\n<meta name=\"twitter:card\" content=\"summary_large_image\" \/>\n<meta name=\"twitter:site\" content=\"@ab_seguridad\" \/>\n<meta name=\"twitter:label1\" content=\"Temps estimat de lectura\" \/>\n\t<meta name=\"twitter:data1\" content=\"2 minutes\" \/>\n<script type=\"application\/ld+json\" class=\"yoast-schema-graph\">{\"@context\":\"https:\\\/\\\/schema.org\",\"@graph\":[{\"@type\":\"WebPage\",\"@id\":\"https:\\\/\\\/www.abseguridad.com\\\/ca\\\/proteccio-contra-incendi\\\/\",\"url\":\"https:\\\/\\\/www.abseguridad.com\\\/ca\\\/proteccio-contra-incendi\\\/\",\"name\":\"Protecci\u00f3 contra Incendis - AB Seguretat\",\"isPartOf\":{\"@id\":\"https:\\\/\\\/www.abseguridad.com\\\/ca\\\/#website\"},\"primaryImageOfPage\":{\"@id\":\"https:\\\/\\\/www.abseguridad.com\\\/ca\\\/proteccio-contra-incendi\\\/#primaryimage\"},\"image\":{\"@id\":\"https:\\\/\\\/www.abseguridad.com\\\/ca\\\/proteccio-contra-incendi\\\/#primaryimage\"},\"thumbnailUrl\":\"https:\\\/\\\/www.abseguridad.com\\\/wp-content\\\/uploads\\\/2019\\\/06\\\/BIE-Incendios-e1560757631706.jpg\",\"datePublished\":\"2022-07-05T08:38:14+00:00\",\"description\":\"A AB Seguretat som especialistes en la creaci\u00f3 de projectes de protecci\u00f3 contra incendis a empreses, comer\u00e7os i vivendes.\",\"breadcrumb\":{\"@id\":\"https:\\\/\\\/www.abseguridad.com\\\/ca\\\/proteccio-contra-incendi\\\/#breadcrumb\"},\"inLanguage\":\"ca\",\"potentialAction\":[{\"@type\":\"ReadAction\",\"target\":[\"https:\\\/\\\/www.abseguridad.com\\\/ca\\\/proteccio-contra-incendi\\\/\"]}]},{\"@type\":\"ImageObject\",\"inLanguage\":\"ca\",\"@id\":\"https:\\\/\\\/www.abseguridad.com\\\/ca\\\/proteccio-contra-incendi\\\/#primaryimage\",\"url\":\"https:\\\/\\\/www.abseguridad.com\\\/wp-content\\\/uploads\\\/2019\\\/06\\\/BIE-Incendios-e1560757631706.jpg\",\"contentUrl\":\"https:\\\/\\\/www.abseguridad.com\\\/wp-content\\\/uploads\\\/2019\\\/06\\\/BIE-Incendios-e1560757631706.jpg\",\"width\":1920,\"height\":1056,\"caption\":\"Protecci\u00f3n contra Incendios\"},{\"@type\":\"BreadcrumbList\",\"@id\":\"https:\\\/\\\/www.abseguridad.com\\\/ca\\\/proteccio-contra-incendi\\\/#breadcrumb\",\"itemListElement\":[{\"@type\":\"ListItem\",\"position\":1,\"name\":\"Portada\",\"item\":\"https:\\\/\\\/www.abseguridad.com\\\/ca\\\/inici\\\/\"},{\"@type\":\"ListItem\",\"position\":2,\"name\":\"Protecci\u00f3 contra incendi\"}]},{\"@type\":\"WebSite\",\"@id\":\"https:\\\/\\\/www.abseguridad.com\\\/ca\\\/#website\",\"url\":\"https:\\\/\\\/www.abseguridad.com\\\/ca\\\/\",\"name\":\"AB Seguridad\",\"description\":\"Seguridad y Contraincendios en Barcelona\",\"publisher\":{\"@id\":\"https:\\\/\\\/www.abseguridad.com\\\/ca\\\/#organization\"},\"potentialAction\":[{\"@type\":\"SearchAction\",\"target\":{\"@type\":\"EntryPoint\",\"urlTemplate\":\"https:\\\/\\\/www.abseguridad.com\\\/ca\\\/?s={search_term_string}\"},\"query-input\":{\"@type\":\"PropertyValueSpecification\",\"valueRequired\":true,\"valueName\":\"search_term_string\"}}],\"inLanguage\":\"ca\"},{\"@type\":\"Organization\",\"@id\":\"https:\\\/\\\/www.abseguridad.com\\\/ca\\\/#organization\",\"name\":\"AB Seguridad\",\"url\":\"https:\\\/\\\/www.abseguridad.com\\\/ca\\\/\",\"logo\":{\"@type\":\"ImageObject\",\"inLanguage\":\"ca\",\"@id\":\"https:\\\/\\\/www.abseguridad.com\\\/ca\\\/#\\\/schema\\\/logo\\\/image\\\/\",\"url\":\"https:\\\/\\\/www.abseguridad.com\\\/wp-content\\\/uploads\\\/2021\\\/06\\\/ab_seguridad_OK.png\",\"contentUrl\":\"https:\\\/\\\/www.abseguridad.com\\\/wp-content\\\/uploads\\\/2021\\\/06\\\/ab_seguridad_OK.png\",\"width\":260,\"height\":190,\"caption\":\"AB Seguridad\"},\"image\":{\"@id\":\"https:\\\/\\\/www.abseguridad.com\\\/ca\\\/#\\\/schema\\\/logo\\\/image\\\/\"},\"sameAs\":[\"https:\\\/\\\/x.com\\\/ab_seguridad\",\"https:\\\/\\\/es.linkedin.com\\\/company\\\/ab-seguridad\"]}]}<\/script>\n<!-- \/ Yoast SEO plugin. -->","yoast_head_json":{"title":"Protecci\u00f3 contra Incendis - AB Seguretat","description":"A AB Seguretat som especialistes en la creaci\u00f3 de projectes de protecci\u00f3 contra incendis a empreses, comer\u00e7os i vivendes.","robots":{"index":"index","follow":"follow","max-snippet":"max-snippet:-1","max-image-preview":"max-image-preview:large","max-video-preview":"max-video-preview:-1"},"canonical":"https:\/\/www.abseguridad.com\/ca\/proteccio-contra-incendi\/","og_locale":"ca_ES","og_type":"article","og_title":"Protecci\u00f3 contra Incendis - AB Seguretat","og_description":"A AB Seguretat som especialistes en la creaci\u00f3 de projectes de protecci\u00f3 contra incendis a empreses, comer\u00e7os i vivendes.","og_url":"https:\/\/www.abseguridad.com\/ca\/proteccio-contra-incendi\/","og_site_name":"AB Seguridad","og_image":[{"width":1920,"height":1056,"url":"https:\/\/www.abseguridad.com\/wp-content\/uploads\/2019\/06\/BIE-Incendios-e1560757631706.jpg","type":"image\/jpeg"}],"twitter_card":"summary_large_image","twitter_site":"@ab_seguridad","twitter_misc":{"Temps estimat de lectura":"2 minutes"},"schema":{"@context":"https:\/\/schema.org","@graph":[{"@type":"WebPage","@id":"https:\/\/www.abseguridad.com\/ca\/proteccio-contra-incendi\/","url":"https:\/\/www.abseguridad.com\/ca\/proteccio-contra-incendi\/","name":"Protecci\u00f3 contra Incendis - AB Seguretat","isPartOf":{"@id":"https:\/\/www.abseguridad.com\/ca\/#website"},"primaryImageOfPage":{"@id":"https:\/\/www.abseguridad.com\/ca\/proteccio-contra-incendi\/#primaryimage"},"image":{"@id":"https:\/\/www.abseguridad.com\/ca\/proteccio-contra-incendi\/#primaryimage"},"thumbnailUrl":"https:\/\/www.abseguridad.com\/wp-content\/uploads\/2019\/06\/BIE-Incendios-e1560757631706.jpg","datePublished":"2022-07-05T08:38:14+00:00","description":"A AB Seguretat som especialistes en la creaci\u00f3 de projectes de protecci\u00f3 contra incendis a empreses, comer\u00e7os i vivendes.","breadcrumb":{"@id":"https:\/\/www.abseguridad.com\/ca\/proteccio-contra-incendi\/#breadcrumb"},"inLanguage":"ca","potentialAction":[{"@type":"ReadAction","target":["https:\/\/www.abseguridad.com\/ca\/proteccio-contra-incendi\/"]}]},{"@type":"ImageObject","inLanguage":"ca","@id":"https:\/\/www.abseguridad.com\/ca\/proteccio-contra-incendi\/#primaryimage","url":"https:\/\/www.abseguridad.com\/wp-content\/uploads\/2019\/06\/BIE-Incendios-e1560757631706.jpg","contentUrl":"https:\/\/www.abseguridad.com\/wp-content\/uploads\/2019\/06\/BIE-Incendios-e1560757631706.jpg","width":1920,"height":1056,"caption":"Protecci\u00f3n contra Incendios"},{"@type":"BreadcrumbList","@id":"https:\/\/www.abseguridad.com\/ca\/proteccio-contra-incendi\/#breadcrumb","itemListElement":[{"@type":"ListItem","position":1,"name":"Portada","item":"https:\/\/www.abseguridad.com\/ca\/inici\/"},{"@type":"ListItem","position":2,"name":"Protecci\u00f3 contra incendi"}]},{"@type":"WebSite","@id":"https:\/\/www.abseguridad.com\/ca\/#website","url":"https:\/\/www.abseguridad.com\/ca\/","name":"AB Seguridad","description":"Seguridad y Contraincendios en Barcelona","publisher":{"@id":"https:\/\/www.abseguridad.com\/ca\/#organization"},"potentialAction":[{"@type":"SearchAction","target":{"@type":"EntryPoint","urlTemplate":"https:\/\/www.abseguridad.com\/ca\/?s={search_term_string}"},"query-input":{"@type":"PropertyValueSpecification","valueRequired":true,"valueName":"search_term_string"}}],"inLanguage":"ca"},{"@type":"Organization","@id":"https:\/\/www.abseguridad.com\/ca\/#organization","name":"AB Seguridad","url":"https:\/\/www.abseguridad.com\/ca\/","logo":{"@type":"ImageObject","inLanguage":"ca","@id":"https:\/\/www.abseguridad.com\/ca\/#\/schema\/logo\/image\/","url":"https:\/\/www.abseguridad.com\/wp-content\/uploads\/2021\/06\/ab_seguridad_OK.png","contentUrl":"https:\/\/www.abseguridad.com\/wp-content\/uploads\/2021\/06\/ab_seguridad_OK.png","width":260,"height":190,"caption":"AB Seguridad"},"image":{"@id":"https:\/\/www.abseguridad.com\/ca\/#\/schema\/logo\/image\/"},"sameAs":["https:\/\/x.com\/ab_seguridad","https:\/\/es.linkedin.com\/company\/ab-seguridad"]}]}},"_links":{"self":[{"href":"https:\/\/www.abseguridad.com\/ca\/wp-json\/wp\/v2\/pages\/3390","targetHints":{"allow":["GET"]}}],"collection":[{"href":"https:\/\/www.abseguridad.com\/ca\/wp-json\/wp\/v2\/pages"}],"about":[{"href":"https:\/\/www.abseguridad.com\/ca\/wp-json\/wp\/v2\/types\/page"}],"author":[{"embeddable":true,"href":"https:\/\/www.abseguridad.com\/ca\/wp-json\/wp\/v2\/users\/49"}],"replies":[{"embeddable":true,"href":"https:\/\/www.abseguridad.com\/ca\/wp-json\/wp\/v2\/comments?post=3390"}],"version-history":[{"count":0,"href":"https:\/\/www.abseguridad.com\/ca\/wp-json\/wp\/v2\/pages\/3390\/revisions"}],"wp:featuredmedia":[{"embeddable":true,"href":"https:\/\/www.abseguridad.com\/ca\/wp-json\/wp\/v2\/media\/2791"}],"wp:attachment":[{"href":"https:\/\/www.abseguridad.com\/ca\/wp-json\/wp\/v2\/media?parent=3390"}],"curies":[{"name":"wp","href":"https:\/\/api.w.org\/{rel}","templated":true}]}}