{"id":3356,"date":"2022-06-30T11:47:52","date_gmt":"2022-06-30T10:47:52","guid":{"rendered":"https:\/\/www.abseguridad.com\/seguretat-fisica\/"},"modified":"2022-06-30T11:47:52","modified_gmt":"2022-06-30T10:47:52","slug":"seguretat-fisica","status":"publish","type":"page","link":"https:\/\/www.abseguridad.com\/ca\/seguretat-fisica\/","title":{"rendered":"Seguretat F\u00edsica"},"content":{"rendered":"<p>A <strong><a href=\"https:\/\/www.abseguridad.com\/ca\/qui-som-empresa-de-seguretat-a-barcelona\/\">AB Seguretat<\/a> <\/strong>tamb\u00e9 oferim servei vinculat a la Seguretat F\u00edsica. Els sistemes actius de seguretat (sistemes contra l&#8217;intrusi\u00f3 anal\u00edtica de v\u00eddeo, CCTV, etc.) detecten l&#8217;intrusi\u00f3 i la comuniquen, per\u00f2 no retarden l&#8217;intrusi\u00f3 si al final aquesta es duu a terme.<\/p>\n<p>Des que es detecta l&#8217;intrusi\u00f3 i es comunica a les forces i cossos de seguretat, fins que aquests es presenten, transcorre un temps que varia en funci\u00f3 d&#8217;on es trobi la instal\u00b7laci\u00f3 protegida, per exemple, no \u00e9s el mateix una intrusi\u00f3 al centre d&#8217;una ciutat amb comissaries properes, l&#8217;assalt a un habitatge en una urbanitzaci\u00f3 d&#8217;una poblaci\u00f3 que no compta amb policia local.<\/p>\n<p>Aquesta variable de temps \u00e9s la que hem de valorar per instal\u00b7lar sistemes electr\u00f2nics de manera que la detecci\u00f3 sigui la m\u00e9s r\u00e0pida possible, aix\u00ed com dissenyant instal\u00b7lacions f\u00edsiques que siguin capaces de suportar, un acc\u00e9s no perm\u00e8s, el temps necessari fins que arribin les forces i cossos de seguretat. Aquesta premissa t\u00e9 una rellev\u00e0ncia especial quan l&#8217;assalt es produeix amb persones a l&#8217;interior de l&#8217;immoble.<\/p>\n<p>Paral\u00b7lelament, cal valorar la necessitat de protegir de manera especial certes pertinences d&#8217;alt valor, per a la qual cosa s&#8217;ha de completar la seguretat de la instal\u00b7laci\u00f3 amb elements f\u00edsics de protecci\u00f3.<\/p>\n<p>Per aix\u00f2, des d&#8217;AB Seguretat dissenyem les mesures adequades de protecci\u00f3 f\u00edsica i electr\u00f2nica, de manera que treballin de forma complement\u00e0ria i maximitzin el temps disponible per a l&#8217;arribada de les forces i cossos de seguretat abans que la intrusi\u00f3 sigui efectiva. Protegir les instal\u00b7lacions i els seus b\u00e9ns es complementa amb la seguretat de les persones.<\/p>\n<p>Sectors com l&#8217;administraci\u00f3 p\u00fablica, armeries, banca, casinos\/bingos, benzineres, hospitals, hotels, restauraci\u00f3, joieries, loteries, supermercats entre d&#8217;altres, s\u00f3n llocs que requereixen una alta exig\u00e8ncia de seguretat per garantir la tranquil\u00b7litat de l&#8217;activitat.<\/p>\n<p>Dins el nostre extens cat\u00e0leg de productes que oferim relacionats amb la Seguretat F\u00edsica estan:<\/p>\n<ul>\n<li>Portes de seguretat, de tota mena i amb est\u00e8tica cuidada<\/li>\n<li>Finestres de seguretat<\/li>\n<li>Habitacions del p\u00e0nic completament equipades<\/li>\n<li>Cambres Cuirassades<\/li>\n<li>Caixes Fortes<\/li>\n<li>Caixes de Seguretat<\/li>\n<li>Click &amp; Collet Empresa<\/li>\n<li>Sistemes d&#8217;ingressos<\/li>\n<li>Consignes<\/li>\n<li>Armers<\/li>\n<li>Armaris de Seguretat<\/li>\n<li>Vitrines Blindades<\/li>\n<li>Productes Ign\u00edfugs<\/li>\n<\/ul>\n<p>Amb el nostre servei integral, protegim persones, instal\u00b7lacions i b\u00e9ns, amb serveis de <strong><a href=\"https:\/\/www.abseguridad.com\/ca\/\">protecci\u00f3 contra incendi<\/a>, <a href=\"https:\/\/www.abseguridad.com\/ca\/sistemas-de-seguridad-anti-intrusion\/\">sistemes antiintrusi\u00f3<\/a>, <\/strong><a href=\"https:\/\/www.abseguridad.com\/ca\/control-daccessos-i-presencia\/\"><strong>control d&#8217;accessos i pres\u00e8ncia<\/strong>,<\/a> serveis especials i seguretat f\u00edsica.<\/p>\n<p>Si el que esteu buscant en una empresa de seguretat, que us ofereixi un assessorament professional i un servei integral d&#8217;acord amb les vostres necessitats, AB Seguretat \u00e9s la soluci\u00f3, poseu-vos en contacte amb nosaltres <strong><a href=\"https:\/\/www.abseguridad.com\/ca\/contacte\/\">omplint el q\u00fcestionari<\/a><\/strong> o si ho preferiu truqueu-nos al tel\u00e8fon 932936673 on us atendrem personalment.<\/p>\n<p>Estem a la vostra disposici\u00f3!<\/p>\n","protected":false},"excerpt":{"rendered":"<p>A AB Seguretat tamb\u00e9 oferim servei vinculat a la Seguretat F\u00edsica. Els sistemes actius de seguretat (sistemes contra l&#8217;intrusi\u00f3 anal\u00edtica de v\u00eddeo, CCTV, etc.) detecten l&#8217;intrusi\u00f3 i la comuniquen, per\u00f2 no retarden l&#8217;intrusi\u00f3 si al final aquesta es duu a terme. Des que es detecta l&#8217;intrusi\u00f3 i es comunica a les forces i cossos de [&hellip;]<\/p>\n","protected":false},"author":49,"featured_media":2809,"parent":0,"menu_order":0,"comment_status":"closed","ping_status":"closed","template":"elementor_header_footer","meta":{"footnotes":""},"class_list":["post-3356","page","type-page","status-publish","has-post-thumbnail","hentry"],"yoast_head":"<!-- This site is optimized with the Yoast SEO plugin v27.4 - https:\/\/yoast.com\/product\/yoast-seo-wordpress\/ -->\n<title>Sistemes de seguretat f\u00edsica a Barcelona - AB Seguretat<\/title>\n<meta name=\"description\" content=\"A AB Seguretat oferim serveis vinculats a la Seguretat F\u00edsica. Dissenyem caixes de seguretat i sistemes de protecci\u00f3 f\u00edsics per l&#039;empresa\" \/>\n<meta name=\"robots\" content=\"index, follow, max-snippet:-1, max-image-preview:large, max-video-preview:-1\" \/>\n<link rel=\"canonical\" href=\"https:\/\/www.abseguridad.com\/ca\/seguretat-fisica\/\" \/>\n<meta property=\"og:locale\" content=\"ca_ES\" \/>\n<meta property=\"og:type\" content=\"article\" \/>\n<meta property=\"og:title\" content=\"Sistemes de seguretat f\u00edsica a Barcelona - AB Seguretat\" \/>\n<meta property=\"og:description\" content=\"A AB Seguretat oferim serveis vinculats a la Seguretat F\u00edsica. Dissenyem caixes de seguretat i sistemes de protecci\u00f3 f\u00edsics per l&#039;empresa\" \/>\n<meta property=\"og:url\" content=\"https:\/\/www.abseguridad.com\/ca\/seguretat-fisica\/\" \/>\n<meta property=\"og:site_name\" content=\"AB Seguridad\" \/>\n<meta property=\"og:image\" content=\"https:\/\/www.abseguridad.com\/wp-content\/uploads\/2020\/04\/cajas-de-seguridad.jpg\" \/>\n\t<meta property=\"og:image:width\" content=\"640\" \/>\n\t<meta property=\"og:image:height\" content=\"360\" \/>\n\t<meta property=\"og:image:type\" content=\"image\/jpeg\" \/>\n<meta name=\"twitter:card\" content=\"summary_large_image\" \/>\n<meta name=\"twitter:site\" content=\"@ab_seguridad\" \/>\n<meta name=\"twitter:label1\" content=\"Temps estimat de lectura\" \/>\n\t<meta name=\"twitter:data1\" content=\"2 minutes\" \/>\n<script type=\"application\/ld+json\" class=\"yoast-schema-graph\">{\"@context\":\"https:\\\/\\\/schema.org\",\"@graph\":[{\"@type\":\"WebPage\",\"@id\":\"https:\\\/\\\/www.abseguridad.com\\\/ca\\\/seguretat-fisica\\\/\",\"url\":\"https:\\\/\\\/www.abseguridad.com\\\/ca\\\/seguretat-fisica\\\/\",\"name\":\"Sistemes de seguretat f\u00edsica a Barcelona - AB Seguretat\",\"isPartOf\":{\"@id\":\"https:\\\/\\\/www.abseguridad.com\\\/ca\\\/#website\"},\"primaryImageOfPage\":{\"@id\":\"https:\\\/\\\/www.abseguridad.com\\\/ca\\\/seguretat-fisica\\\/#primaryimage\"},\"image\":{\"@id\":\"https:\\\/\\\/www.abseguridad.com\\\/ca\\\/seguretat-fisica\\\/#primaryimage\"},\"thumbnailUrl\":\"https:\\\/\\\/www.abseguridad.com\\\/wp-content\\\/uploads\\\/2020\\\/04\\\/cajas-de-seguridad.jpg\",\"datePublished\":\"2022-06-30T10:47:52+00:00\",\"description\":\"A AB Seguretat oferim serveis vinculats a la Seguretat F\u00edsica. Dissenyem caixes de seguretat i sistemes de protecci\u00f3 f\u00edsics per l'empresa\",\"breadcrumb\":{\"@id\":\"https:\\\/\\\/www.abseguridad.com\\\/ca\\\/seguretat-fisica\\\/#breadcrumb\"},\"inLanguage\":\"ca\",\"potentialAction\":[{\"@type\":\"ReadAction\",\"target\":[\"https:\\\/\\\/www.abseguridad.com\\\/ca\\\/seguretat-fisica\\\/\"]}]},{\"@type\":\"ImageObject\",\"inLanguage\":\"ca\",\"@id\":\"https:\\\/\\\/www.abseguridad.com\\\/ca\\\/seguretat-fisica\\\/#primaryimage\",\"url\":\"https:\\\/\\\/www.abseguridad.com\\\/wp-content\\\/uploads\\\/2020\\\/04\\\/cajas-de-seguridad.jpg\",\"contentUrl\":\"https:\\\/\\\/www.abseguridad.com\\\/wp-content\\\/uploads\\\/2020\\\/04\\\/cajas-de-seguridad.jpg\",\"width\":640,\"height\":360},{\"@type\":\"BreadcrumbList\",\"@id\":\"https:\\\/\\\/www.abseguridad.com\\\/ca\\\/seguretat-fisica\\\/#breadcrumb\",\"itemListElement\":[{\"@type\":\"ListItem\",\"position\":1,\"name\":\"Portada\",\"item\":\"https:\\\/\\\/www.abseguridad.com\\\/ca\\\/inici\\\/\"},{\"@type\":\"ListItem\",\"position\":2,\"name\":\"Seguretat F\u00edsica\"}]},{\"@type\":\"WebSite\",\"@id\":\"https:\\\/\\\/www.abseguridad.com\\\/ca\\\/#website\",\"url\":\"https:\\\/\\\/www.abseguridad.com\\\/ca\\\/\",\"name\":\"AB Seguridad\",\"description\":\"Seguridad y Contraincendios en Barcelona\",\"publisher\":{\"@id\":\"https:\\\/\\\/www.abseguridad.com\\\/ca\\\/#organization\"},\"potentialAction\":[{\"@type\":\"SearchAction\",\"target\":{\"@type\":\"EntryPoint\",\"urlTemplate\":\"https:\\\/\\\/www.abseguridad.com\\\/ca\\\/?s={search_term_string}\"},\"query-input\":{\"@type\":\"PropertyValueSpecification\",\"valueRequired\":true,\"valueName\":\"search_term_string\"}}],\"inLanguage\":\"ca\"},{\"@type\":\"Organization\",\"@id\":\"https:\\\/\\\/www.abseguridad.com\\\/ca\\\/#organization\",\"name\":\"AB Seguridad\",\"url\":\"https:\\\/\\\/www.abseguridad.com\\\/ca\\\/\",\"logo\":{\"@type\":\"ImageObject\",\"inLanguage\":\"ca\",\"@id\":\"https:\\\/\\\/www.abseguridad.com\\\/ca\\\/#\\\/schema\\\/logo\\\/image\\\/\",\"url\":\"https:\\\/\\\/www.abseguridad.com\\\/wp-content\\\/uploads\\\/2021\\\/06\\\/ab_seguridad_OK.png\",\"contentUrl\":\"https:\\\/\\\/www.abseguridad.com\\\/wp-content\\\/uploads\\\/2021\\\/06\\\/ab_seguridad_OK.png\",\"width\":260,\"height\":190,\"caption\":\"AB Seguridad\"},\"image\":{\"@id\":\"https:\\\/\\\/www.abseguridad.com\\\/ca\\\/#\\\/schema\\\/logo\\\/image\\\/\"},\"sameAs\":[\"https:\\\/\\\/x.com\\\/ab_seguridad\",\"https:\\\/\\\/es.linkedin.com\\\/company\\\/ab-seguridad\"]}]}<\/script>\n<!-- \/ Yoast SEO plugin. -->","yoast_head_json":{"title":"Sistemes de seguretat f\u00edsica a Barcelona - AB Seguretat","description":"A AB Seguretat oferim serveis vinculats a la Seguretat F\u00edsica. Dissenyem caixes de seguretat i sistemes de protecci\u00f3 f\u00edsics per l'empresa","robots":{"index":"index","follow":"follow","max-snippet":"max-snippet:-1","max-image-preview":"max-image-preview:large","max-video-preview":"max-video-preview:-1"},"canonical":"https:\/\/www.abseguridad.com\/ca\/seguretat-fisica\/","og_locale":"ca_ES","og_type":"article","og_title":"Sistemes de seguretat f\u00edsica a Barcelona - AB Seguretat","og_description":"A AB Seguretat oferim serveis vinculats a la Seguretat F\u00edsica. Dissenyem caixes de seguretat i sistemes de protecci\u00f3 f\u00edsics per l'empresa","og_url":"https:\/\/www.abseguridad.com\/ca\/seguretat-fisica\/","og_site_name":"AB Seguridad","og_image":[{"width":640,"height":360,"url":"https:\/\/www.abseguridad.com\/wp-content\/uploads\/2020\/04\/cajas-de-seguridad.jpg","type":"image\/jpeg"}],"twitter_card":"summary_large_image","twitter_site":"@ab_seguridad","twitter_misc":{"Temps estimat de lectura":"2 minutes"},"schema":{"@context":"https:\/\/schema.org","@graph":[{"@type":"WebPage","@id":"https:\/\/www.abseguridad.com\/ca\/seguretat-fisica\/","url":"https:\/\/www.abseguridad.com\/ca\/seguretat-fisica\/","name":"Sistemes de seguretat f\u00edsica a Barcelona - AB Seguretat","isPartOf":{"@id":"https:\/\/www.abseguridad.com\/ca\/#website"},"primaryImageOfPage":{"@id":"https:\/\/www.abseguridad.com\/ca\/seguretat-fisica\/#primaryimage"},"image":{"@id":"https:\/\/www.abseguridad.com\/ca\/seguretat-fisica\/#primaryimage"},"thumbnailUrl":"https:\/\/www.abseguridad.com\/wp-content\/uploads\/2020\/04\/cajas-de-seguridad.jpg","datePublished":"2022-06-30T10:47:52+00:00","description":"A AB Seguretat oferim serveis vinculats a la Seguretat F\u00edsica. Dissenyem caixes de seguretat i sistemes de protecci\u00f3 f\u00edsics per l'empresa","breadcrumb":{"@id":"https:\/\/www.abseguridad.com\/ca\/seguretat-fisica\/#breadcrumb"},"inLanguage":"ca","potentialAction":[{"@type":"ReadAction","target":["https:\/\/www.abseguridad.com\/ca\/seguretat-fisica\/"]}]},{"@type":"ImageObject","inLanguage":"ca","@id":"https:\/\/www.abseguridad.com\/ca\/seguretat-fisica\/#primaryimage","url":"https:\/\/www.abseguridad.com\/wp-content\/uploads\/2020\/04\/cajas-de-seguridad.jpg","contentUrl":"https:\/\/www.abseguridad.com\/wp-content\/uploads\/2020\/04\/cajas-de-seguridad.jpg","width":640,"height":360},{"@type":"BreadcrumbList","@id":"https:\/\/www.abseguridad.com\/ca\/seguretat-fisica\/#breadcrumb","itemListElement":[{"@type":"ListItem","position":1,"name":"Portada","item":"https:\/\/www.abseguridad.com\/ca\/inici\/"},{"@type":"ListItem","position":2,"name":"Seguretat F\u00edsica"}]},{"@type":"WebSite","@id":"https:\/\/www.abseguridad.com\/ca\/#website","url":"https:\/\/www.abseguridad.com\/ca\/","name":"AB Seguridad","description":"Seguridad y Contraincendios en Barcelona","publisher":{"@id":"https:\/\/www.abseguridad.com\/ca\/#organization"},"potentialAction":[{"@type":"SearchAction","target":{"@type":"EntryPoint","urlTemplate":"https:\/\/www.abseguridad.com\/ca\/?s={search_term_string}"},"query-input":{"@type":"PropertyValueSpecification","valueRequired":true,"valueName":"search_term_string"}}],"inLanguage":"ca"},{"@type":"Organization","@id":"https:\/\/www.abseguridad.com\/ca\/#organization","name":"AB Seguridad","url":"https:\/\/www.abseguridad.com\/ca\/","logo":{"@type":"ImageObject","inLanguage":"ca","@id":"https:\/\/www.abseguridad.com\/ca\/#\/schema\/logo\/image\/","url":"https:\/\/www.abseguridad.com\/wp-content\/uploads\/2021\/06\/ab_seguridad_OK.png","contentUrl":"https:\/\/www.abseguridad.com\/wp-content\/uploads\/2021\/06\/ab_seguridad_OK.png","width":260,"height":190,"caption":"AB Seguridad"},"image":{"@id":"https:\/\/www.abseguridad.com\/ca\/#\/schema\/logo\/image\/"},"sameAs":["https:\/\/x.com\/ab_seguridad","https:\/\/es.linkedin.com\/company\/ab-seguridad"]}]}},"_links":{"self":[{"href":"https:\/\/www.abseguridad.com\/ca\/wp-json\/wp\/v2\/pages\/3356","targetHints":{"allow":["GET"]}}],"collection":[{"href":"https:\/\/www.abseguridad.com\/ca\/wp-json\/wp\/v2\/pages"}],"about":[{"href":"https:\/\/www.abseguridad.com\/ca\/wp-json\/wp\/v2\/types\/page"}],"author":[{"embeddable":true,"href":"https:\/\/www.abseguridad.com\/ca\/wp-json\/wp\/v2\/users\/49"}],"replies":[{"embeddable":true,"href":"https:\/\/www.abseguridad.com\/ca\/wp-json\/wp\/v2\/comments?post=3356"}],"version-history":[{"count":0,"href":"https:\/\/www.abseguridad.com\/ca\/wp-json\/wp\/v2\/pages\/3356\/revisions"}],"wp:featuredmedia":[{"embeddable":true,"href":"https:\/\/www.abseguridad.com\/ca\/wp-json\/wp\/v2\/media\/2809"}],"wp:attachment":[{"href":"https:\/\/www.abseguridad.com\/ca\/wp-json\/wp\/v2\/media?parent=3356"}],"curies":[{"name":"wp","href":"https:\/\/api.w.org\/{rel}","templated":true}]}}