{"id":3354,"date":"2022-06-30T11:29:15","date_gmt":"2022-06-30T10:29:15","guid":{"rendered":"https:\/\/www.abseguridad.com\/projectes-de-seguretat\/"},"modified":"2022-06-30T11:29:15","modified_gmt":"2022-06-30T10:29:15","slug":"projectes-de-seguretat","status":"publish","type":"page","link":"https:\/\/www.abseguridad.com\/ca\/projectes-de-seguretat\/","title":{"rendered":"Projectes de seguretat"},"content":{"rendered":"<p>A <a href=\"https:\/\/www.abseguridad.com\/ca\/qui-som-empresa-de-seguretat-a-barcelona\/\">AB Seguretat<\/a> tenim un objectiu: garantitzar la protecci\u00f3 i seguretat de les persones i la dels seus b\u00e9ns en qualsevol circumst\u00e0ncia. Per assegurar l&#8217;\u00e8xit, realitzem projectes de seguretat a mesura per a cada client.<\/p>\n<p>Un projecte de seguretat \u00e9s un estudi general del nivell de protecci\u00f3 per a la protecci\u00f3 de les persones i els b\u00e9ns, en relaci\u00f3 a l&#8217;entorn que els envolta. Identifiquem els riscos existents, i en base a aquests, desenvolupem els subsistemes de seguretat que minimitzen o neutralitzen aquests riscos, determinant els mitjans necessaris per cobrir els objectius espec\u00edfics i obtenir un nivell adequat en seguretat integral.<\/p>\n<p>Analitzem i incloem les solucions id\u00f2nies per l&#8217;integraci\u00f3 de tots els subsistemes de seguretat, implantant el hardware i software necessari que permeti una \u00f2ptima protecci\u00f3 de tots els sistemes instal\u00b7lats. Els subsistemes habituals s\u00f3n:<\/p>\n<ul>\n<li>Els <a href=\"https:\/\/www.abseguridad.com\/ca\/sistemas-de-seguridad-anti-intrusion\/\">sistemes anti-intrusi\u00f3<\/a> s\u00f3n necessaris per garantitzar la seguretat de les persones i els b\u00e9ns.<\/li>\n<li>Els <a href=\"https:\/\/www.abseguridad.com\/ca\/cameres-de-seguretat\/\">sistemes de c\u00e0meres de vigil\u00e0ncia<\/a> poden conectar-se si es desitja, a una Central Receptora d&#8217;Alarmes, de forma associada a altres sistemes.<\/li>\n<li>Amb el <a href=\"https:\/\/www.abseguridad.com\/ca\/control-daccessos-i-presencia\/\">control d&#8217;accessos i pres\u00e8ncia<\/a> es cobreix l&#8217;objectiu de garantitzar la seguretat d&#8217;acc\u00e9s a edificis sencers o a zones restringides, permetent controlar en tot moment qui i quan accedeixen a aquests espais o facilitatnt permisos temporals d&#8217;acc\u00e9s.<\/li>\n<li>La <a href=\"https:\/\/www.abseguridad.com\/ca\/\">protecci\u00f3 contra incendi<\/a> \u00e9s clau i molt important per la seguretat de qualsevol ind\u00fastria i instituci\u00f3. Les diferents solucions per l&#8217;obtenci\u00f3 d&#8217;una \u00f2ptima protecci\u00f3 contra un incendi permeten asegurar l&#8217;efic\u00e0cia davant qualsevol advertsitat.<\/li>\n<li>Els serveis especials de seguretat complementen el pla integral de protecci\u00f3, com sala de cust\u00f2dia, formaci\u00f3, cust\u00f2dia de claus, vigil\u00e0ncia amb i sense armes, log\u00edstica, consultoria, control de falsificaci\u00f3, recerca de dispositius espia, etc.<\/li>\n<\/ul>\n<p>Un altre apartat important \u00e9s la <a href=\"https:\/\/www.abseguridad.com\/ca\/\">seguretat f\u00edsica<\/a>. Dissenyem les mesures adequades de protecci\u00f3 f\u00edsica i electr\u00f2nica en els nostres projectes de seguretat, de forma que treballin de forma complement\u00e0ria i maximitzin el temps disponible per l&#8217;arribada de les forces i cossos de seguretat abans de que l&#8217;intrusi\u00f3 sigui efectiva. Protegir les instal\u00b7lacions i els seus b\u00e9ns es complementa amb la seguretat de les persones.<\/p>\n<p>Si el que est\u00e0 buscant en una empresa de seguretat per protegir-vos o que us ofereixi un assessorament professional i un servei integral d&#8217;acord amb les vostres necessitats, AB Seguretat \u00e9s la soluci\u00f3. Poseu-vos en contacte amb nosaltres <a href=\"https:\/\/www.abseguridad.com\/ca\/contacte\/\">omplint el q\u00fcestionari<\/a> o si ho preferiu truqueu-nos al tel\u00e8fon 932936673 on us atendrem personalment.<\/p>\n","protected":false},"excerpt":{"rendered":"<p>A AB Seguretat tenim un objectiu: garantitzar la protecci\u00f3 i seguretat de les persones i la dels seus b\u00e9ns en qualsevol circumst\u00e0ncia. Per assegurar l&#8217;\u00e8xit, realitzem projectes de seguretat a mesura per a cada client. Un projecte de seguretat \u00e9s un estudi general del nivell de protecci\u00f3 per a la protecci\u00f3 de les persones i [&hellip;]<\/p>\n","protected":false},"author":49,"featured_media":2737,"parent":0,"menu_order":0,"comment_status":"closed","ping_status":"closed","template":"","meta":{"footnotes":""},"class_list":["post-3354","page","type-page","status-publish","has-post-thumbnail","hentry"],"yoast_head":"<!-- This site is optimized with the Yoast SEO plugin v27.4 - https:\/\/yoast.com\/product\/yoast-seo-wordpress\/ -->\n<title>Projectes de seguretat - AB Seguridad<\/title>\n<meta name=\"description\" content=\"A AB Seguretat som especialistes en la creaci\u00f3 de projectes de seguretat integral per a empreses, comer\u00e7os i habitatges.\" \/>\n<meta name=\"robots\" content=\"index, follow, max-snippet:-1, max-image-preview:large, max-video-preview:-1\" \/>\n<link rel=\"canonical\" href=\"https:\/\/www.abseguridad.com\/ca\/projectes-de-seguretat\/\" \/>\n<meta property=\"og:locale\" content=\"ca_ES\" \/>\n<meta property=\"og:type\" content=\"article\" \/>\n<meta property=\"og:title\" content=\"Projectes de seguretat - AB Seguridad\" \/>\n<meta property=\"og:description\" content=\"A AB Seguretat som especialistes en la creaci\u00f3 de projectes de seguretat integral per a empreses, comer\u00e7os i habitatges.\" \/>\n<meta property=\"og:url\" content=\"https:\/\/www.abseguridad.com\/ca\/projectes-de-seguretat\/\" \/>\n<meta property=\"og:site_name\" content=\"AB Seguridad\" \/>\n<meta property=\"og:image\" content=\"https:\/\/www.abseguridad.com\/wp-content\/uploads\/2016\/03\/red-de-rociadores-verticales-3.jpg\" \/>\n\t<meta property=\"og:image:width\" content=\"1024\" \/>\n\t<meta property=\"og:image:height\" content=\"576\" \/>\n\t<meta property=\"og:image:type\" content=\"image\/jpeg\" \/>\n<meta name=\"twitter:card\" content=\"summary_large_image\" \/>\n<meta name=\"twitter:site\" content=\"@ab_seguridad\" \/>\n<meta name=\"twitter:label1\" content=\"Temps estimat de lectura\" \/>\n\t<meta name=\"twitter:data1\" content=\"2 minutes\" \/>\n<script type=\"application\/ld+json\" class=\"yoast-schema-graph\">{\"@context\":\"https:\\\/\\\/schema.org\",\"@graph\":[{\"@type\":\"WebPage\",\"@id\":\"https:\\\/\\\/www.abseguridad.com\\\/ca\\\/projectes-de-seguretat\\\/\",\"url\":\"https:\\\/\\\/www.abseguridad.com\\\/ca\\\/projectes-de-seguretat\\\/\",\"name\":\"Projectes de seguretat - AB Seguridad\",\"isPartOf\":{\"@id\":\"https:\\\/\\\/www.abseguridad.com\\\/ca\\\/#website\"},\"primaryImageOfPage\":{\"@id\":\"https:\\\/\\\/www.abseguridad.com\\\/ca\\\/projectes-de-seguretat\\\/#primaryimage\"},\"image\":{\"@id\":\"https:\\\/\\\/www.abseguridad.com\\\/ca\\\/projectes-de-seguretat\\\/#primaryimage\"},\"thumbnailUrl\":\"https:\\\/\\\/www.abseguridad.com\\\/wp-content\\\/uploads\\\/2016\\\/03\\\/red-de-rociadores-verticales-3.jpg\",\"datePublished\":\"2022-06-30T10:29:15+00:00\",\"description\":\"A AB Seguretat som especialistes en la creaci\u00f3 de projectes de seguretat integral per a empreses, comer\u00e7os i habitatges.\",\"breadcrumb\":{\"@id\":\"https:\\\/\\\/www.abseguridad.com\\\/ca\\\/projectes-de-seguretat\\\/#breadcrumb\"},\"inLanguage\":\"ca\",\"potentialAction\":[{\"@type\":\"ReadAction\",\"target\":[\"https:\\\/\\\/www.abseguridad.com\\\/ca\\\/projectes-de-seguretat\\\/\"]}]},{\"@type\":\"ImageObject\",\"inLanguage\":\"ca\",\"@id\":\"https:\\\/\\\/www.abseguridad.com\\\/ca\\\/projectes-de-seguretat\\\/#primaryimage\",\"url\":\"https:\\\/\\\/www.abseguridad.com\\\/wp-content\\\/uploads\\\/2016\\\/03\\\/red-de-rociadores-verticales-3.jpg\",\"contentUrl\":\"https:\\\/\\\/www.abseguridad.com\\\/wp-content\\\/uploads\\\/2016\\\/03\\\/red-de-rociadores-verticales-3.jpg\",\"width\":1024,\"height\":576},{\"@type\":\"BreadcrumbList\",\"@id\":\"https:\\\/\\\/www.abseguridad.com\\\/ca\\\/projectes-de-seguretat\\\/#breadcrumb\",\"itemListElement\":[{\"@type\":\"ListItem\",\"position\":1,\"name\":\"Portada\",\"item\":\"https:\\\/\\\/www.abseguridad.com\\\/ca\\\/inici\\\/\"},{\"@type\":\"ListItem\",\"position\":2,\"name\":\"Projectes de seguretat\"}]},{\"@type\":\"WebSite\",\"@id\":\"https:\\\/\\\/www.abseguridad.com\\\/ca\\\/#website\",\"url\":\"https:\\\/\\\/www.abseguridad.com\\\/ca\\\/\",\"name\":\"AB Seguridad\",\"description\":\"Seguridad y Contraincendios en Barcelona\",\"publisher\":{\"@id\":\"https:\\\/\\\/www.abseguridad.com\\\/ca\\\/#organization\"},\"potentialAction\":[{\"@type\":\"SearchAction\",\"target\":{\"@type\":\"EntryPoint\",\"urlTemplate\":\"https:\\\/\\\/www.abseguridad.com\\\/ca\\\/?s={search_term_string}\"},\"query-input\":{\"@type\":\"PropertyValueSpecification\",\"valueRequired\":true,\"valueName\":\"search_term_string\"}}],\"inLanguage\":\"ca\"},{\"@type\":\"Organization\",\"@id\":\"https:\\\/\\\/www.abseguridad.com\\\/ca\\\/#organization\",\"name\":\"AB Seguridad\",\"url\":\"https:\\\/\\\/www.abseguridad.com\\\/ca\\\/\",\"logo\":{\"@type\":\"ImageObject\",\"inLanguage\":\"ca\",\"@id\":\"https:\\\/\\\/www.abseguridad.com\\\/ca\\\/#\\\/schema\\\/logo\\\/image\\\/\",\"url\":\"https:\\\/\\\/www.abseguridad.com\\\/wp-content\\\/uploads\\\/2021\\\/06\\\/ab_seguridad_OK.png\",\"contentUrl\":\"https:\\\/\\\/www.abseguridad.com\\\/wp-content\\\/uploads\\\/2021\\\/06\\\/ab_seguridad_OK.png\",\"width\":260,\"height\":190,\"caption\":\"AB Seguridad\"},\"image\":{\"@id\":\"https:\\\/\\\/www.abseguridad.com\\\/ca\\\/#\\\/schema\\\/logo\\\/image\\\/\"},\"sameAs\":[\"https:\\\/\\\/x.com\\\/ab_seguridad\",\"https:\\\/\\\/es.linkedin.com\\\/company\\\/ab-seguridad\"]}]}<\/script>\n<!-- \/ Yoast SEO plugin. -->","yoast_head_json":{"title":"Projectes de seguretat - AB Seguridad","description":"A AB Seguretat som especialistes en la creaci\u00f3 de projectes de seguretat integral per a empreses, comer\u00e7os i habitatges.","robots":{"index":"index","follow":"follow","max-snippet":"max-snippet:-1","max-image-preview":"max-image-preview:large","max-video-preview":"max-video-preview:-1"},"canonical":"https:\/\/www.abseguridad.com\/ca\/projectes-de-seguretat\/","og_locale":"ca_ES","og_type":"article","og_title":"Projectes de seguretat - AB Seguridad","og_description":"A AB Seguretat som especialistes en la creaci\u00f3 de projectes de seguretat integral per a empreses, comer\u00e7os i habitatges.","og_url":"https:\/\/www.abseguridad.com\/ca\/projectes-de-seguretat\/","og_site_name":"AB Seguridad","og_image":[{"width":1024,"height":576,"url":"https:\/\/www.abseguridad.com\/wp-content\/uploads\/2016\/03\/red-de-rociadores-verticales-3.jpg","type":"image\/jpeg"}],"twitter_card":"summary_large_image","twitter_site":"@ab_seguridad","twitter_misc":{"Temps estimat de lectura":"2 minutes"},"schema":{"@context":"https:\/\/schema.org","@graph":[{"@type":"WebPage","@id":"https:\/\/www.abseguridad.com\/ca\/projectes-de-seguretat\/","url":"https:\/\/www.abseguridad.com\/ca\/projectes-de-seguretat\/","name":"Projectes de seguretat - AB Seguridad","isPartOf":{"@id":"https:\/\/www.abseguridad.com\/ca\/#website"},"primaryImageOfPage":{"@id":"https:\/\/www.abseguridad.com\/ca\/projectes-de-seguretat\/#primaryimage"},"image":{"@id":"https:\/\/www.abseguridad.com\/ca\/projectes-de-seguretat\/#primaryimage"},"thumbnailUrl":"https:\/\/www.abseguridad.com\/wp-content\/uploads\/2016\/03\/red-de-rociadores-verticales-3.jpg","datePublished":"2022-06-30T10:29:15+00:00","description":"A AB Seguretat som especialistes en la creaci\u00f3 de projectes de seguretat integral per a empreses, comer\u00e7os i habitatges.","breadcrumb":{"@id":"https:\/\/www.abseguridad.com\/ca\/projectes-de-seguretat\/#breadcrumb"},"inLanguage":"ca","potentialAction":[{"@type":"ReadAction","target":["https:\/\/www.abseguridad.com\/ca\/projectes-de-seguretat\/"]}]},{"@type":"ImageObject","inLanguage":"ca","@id":"https:\/\/www.abseguridad.com\/ca\/projectes-de-seguretat\/#primaryimage","url":"https:\/\/www.abseguridad.com\/wp-content\/uploads\/2016\/03\/red-de-rociadores-verticales-3.jpg","contentUrl":"https:\/\/www.abseguridad.com\/wp-content\/uploads\/2016\/03\/red-de-rociadores-verticales-3.jpg","width":1024,"height":576},{"@type":"BreadcrumbList","@id":"https:\/\/www.abseguridad.com\/ca\/projectes-de-seguretat\/#breadcrumb","itemListElement":[{"@type":"ListItem","position":1,"name":"Portada","item":"https:\/\/www.abseguridad.com\/ca\/inici\/"},{"@type":"ListItem","position":2,"name":"Projectes de seguretat"}]},{"@type":"WebSite","@id":"https:\/\/www.abseguridad.com\/ca\/#website","url":"https:\/\/www.abseguridad.com\/ca\/","name":"AB Seguridad","description":"Seguridad y Contraincendios en Barcelona","publisher":{"@id":"https:\/\/www.abseguridad.com\/ca\/#organization"},"potentialAction":[{"@type":"SearchAction","target":{"@type":"EntryPoint","urlTemplate":"https:\/\/www.abseguridad.com\/ca\/?s={search_term_string}"},"query-input":{"@type":"PropertyValueSpecification","valueRequired":true,"valueName":"search_term_string"}}],"inLanguage":"ca"},{"@type":"Organization","@id":"https:\/\/www.abseguridad.com\/ca\/#organization","name":"AB Seguridad","url":"https:\/\/www.abseguridad.com\/ca\/","logo":{"@type":"ImageObject","inLanguage":"ca","@id":"https:\/\/www.abseguridad.com\/ca\/#\/schema\/logo\/image\/","url":"https:\/\/www.abseguridad.com\/wp-content\/uploads\/2021\/06\/ab_seguridad_OK.png","contentUrl":"https:\/\/www.abseguridad.com\/wp-content\/uploads\/2021\/06\/ab_seguridad_OK.png","width":260,"height":190,"caption":"AB Seguridad"},"image":{"@id":"https:\/\/www.abseguridad.com\/ca\/#\/schema\/logo\/image\/"},"sameAs":["https:\/\/x.com\/ab_seguridad","https:\/\/es.linkedin.com\/company\/ab-seguridad"]}]}},"_links":{"self":[{"href":"https:\/\/www.abseguridad.com\/ca\/wp-json\/wp\/v2\/pages\/3354","targetHints":{"allow":["GET"]}}],"collection":[{"href":"https:\/\/www.abseguridad.com\/ca\/wp-json\/wp\/v2\/pages"}],"about":[{"href":"https:\/\/www.abseguridad.com\/ca\/wp-json\/wp\/v2\/types\/page"}],"author":[{"embeddable":true,"href":"https:\/\/www.abseguridad.com\/ca\/wp-json\/wp\/v2\/users\/49"}],"replies":[{"embeddable":true,"href":"https:\/\/www.abseguridad.com\/ca\/wp-json\/wp\/v2\/comments?post=3354"}],"version-history":[{"count":0,"href":"https:\/\/www.abseguridad.com\/ca\/wp-json\/wp\/v2\/pages\/3354\/revisions"}],"wp:featuredmedia":[{"embeddable":true,"href":"https:\/\/www.abseguridad.com\/ca\/wp-json\/wp\/v2\/media\/2737"}],"wp:attachment":[{"href":"https:\/\/www.abseguridad.com\/ca\/wp-json\/wp\/v2\/media?parent=3354"}],"curies":[{"name":"wp","href":"https:\/\/api.w.org\/{rel}","templated":true}]}}