{"id":3287,"date":"2022-04-28T11:37:40","date_gmt":"2022-04-28T10:37:40","guid":{"rendered":"https:\/\/www.abseguridad.com\/qui-som-empresa-de-seguretat-a-barcelona\/"},"modified":"2024-04-26T08:28:32","modified_gmt":"2024-04-26T07:28:32","slug":"qui-som-empresa-de-seguretat-a-barcelona","status":"publish","type":"page","link":"https:\/\/www.abseguridad.com\/ca\/qui-som-empresa-de-seguretat-a-barcelona\/","title":{"rendered":"Qui som &#8211; Empresa de seguretat a Barcelona"},"content":{"rendered":"\t\t<div data-elementor-type=\"wp-page\" data-elementor-id=\"3287\" class=\"elementor elementor-3287 elementor-11\" data-elementor-post-type=\"page\">\n\t\t\t\t\t\t<section class=\"elementor-section elementor-top-section elementor-element elementor-element-1b3dcea9 elementor-section-height-min-height elementor-section-content-middle elementor-section-boxed elementor-section-height-default elementor-section-items-middle\" data-id=\"1b3dcea9\" data-element_type=\"section\" data-e-type=\"section\" data-settings=\"{&quot;background_background&quot;:&quot;classic&quot;,&quot;background_motion_fx_motion_fx_scrolling&quot;:&quot;yes&quot;,&quot;background_motion_fx_scale_effect&quot;:&quot;yes&quot;,&quot;background_motion_fx_scale_direction&quot;:&quot;out-in&quot;,&quot;background_motion_fx_scale_speed&quot;:{&quot;unit&quot;:&quot;px&quot;,&quot;size&quot;:4,&quot;sizes&quot;:[]},&quot;background_motion_fx_scale_range&quot;:{&quot;unit&quot;:&quot;%&quot;,&quot;size&quot;:&quot;&quot;,&quot;sizes&quot;:{&quot;start&quot;:20,&quot;end&quot;:80}},&quot;background_motion_fx_devices&quot;:[&quot;desktop&quot;,&quot;tablet_extra&quot;,&quot;tablet&quot;,&quot;mobile&quot;]}\">\n\t\t\t\t\t\t\t<div class=\"elementor-background-overlay\"><\/div>\n\t\t\t\t\t\t\t<div class=\"elementor-container elementor-column-gap-no\">\n\t\t\t\t\t<div class=\"elementor-column elementor-col-100 elementor-top-column elementor-element elementor-element-67704d0\" data-id=\"67704d0\" data-element_type=\"column\" data-e-type=\"column\">\n\t\t\t<div class=\"elementor-widget-wrap elementor-element-populated\">\n\t\t\t\t\t\t<div class=\"elementor-element elementor-element-56a69e54 elementor-widget elementor-widget-heading\" data-id=\"56a69e54\" data-element_type=\"widget\" data-e-type=\"widget\" data-widget_type=\"heading.default\">\n\t\t\t\t\t<p class=\"elementor-heading-title elementor-size-default\">QUI SOM<\/p>\t\t\t\t<\/div>\n\t\t\t\t<div class=\"elementor-element elementor-element-5d85c17b elementor-widget elementor-widget-heading\" data-id=\"5d85c17b\" data-element_type=\"widget\" data-e-type=\"widget\" data-widget_type=\"heading.default\">\n\t\t\t\t\t<p class=\"elementor-heading-title elementor-size-default\">Seguretat i Protecci\u00f3 Contra Incendi en Barcelona<\/p>\t\t\t\t<\/div>\n\t\t\t\t\t<\/div>\n\t\t<\/div>\n\t\t\t\t\t<\/div>\n\t\t<\/section>\n\t\t\t\t<section class=\"elementor-section elementor-top-section elementor-element elementor-element-1aeaf6b7 elementor-section-boxed elementor-section-height-default elementor-section-height-default\" data-id=\"1aeaf6b7\" data-element_type=\"section\" data-e-type=\"section\">\n\t\t\t\t\t\t<div class=\"elementor-container elementor-column-gap-default\">\n\t\t\t\t\t<div class=\"elementor-column elementor-col-50 elementor-top-column elementor-element elementor-element-7cd24da8\" data-id=\"7cd24da8\" data-element_type=\"column\" data-e-type=\"column\">\n\t\t\t<div class=\"elementor-widget-wrap elementor-element-populated\">\n\t\t\t\t\t\t<div class=\"elementor-element elementor-element-7bf09bc elementor-widget elementor-widget-heading\" data-id=\"7bf09bc\" data-element_type=\"widget\" data-e-type=\"widget\" data-widget_type=\"heading.default\">\n\t\t\t\t\t<h2 class=\"elementor-heading-title elementor-size-default\">Som una empresa de serveis de seguretat ubicada a Molins de Rei, especialistes en sistemes de protecci\u00f3 contra incendi, control d'accessos i seguretat anti intrusi\u00f3.<\/h2>\t\t\t\t<\/div>\n\t\t\t\t\t<\/div>\n\t\t<\/div>\n\t\t\t\t<div class=\"elementor-column elementor-col-50 elementor-top-column elementor-element elementor-element-2910709\" data-id=\"2910709\" data-element_type=\"column\" data-e-type=\"column\">\n\t\t\t<div class=\"elementor-widget-wrap elementor-element-populated\">\n\t\t\t\t\t\t<div class=\"elementor-element elementor-element-e9f5d11 elementor-widget elementor-widget-heading\" data-id=\"e9f5d11\" data-element_type=\"widget\" data-e-type=\"widget\" data-widget_type=\"heading.default\">\n\t\t\t\t\t<h1 class=\"elementor-heading-title elementor-size-default\">Empresa de Seguretat a Barcelona, Madrid y Val\u00e8ncia<\/h1>\t\t\t\t<\/div>\n\t\t\t\t<div class=\"elementor-element elementor-element-2cf81f0a elementor-widget elementor-widget-text-editor\" data-id=\"2cf81f0a\" data-element_type=\"widget\" data-e-type=\"widget\" data-widget_type=\"text-editor.default\">\n\t\t\t\t\t\t\t\t\t<p>Som una empresa de serveis de seguretat ubicada a Molins de Rei (Barcelona) i Alcorc\u00f3n (Madrid), especialistes en sistemes de protecci\u00f3 contra incendi, control d&#8217;accessos i seguretat anti intrusi\u00f3.<\/p>\n<p>Som una empresa de seguretat s\u00f2lida, din\u00e0mica, flexible i que ens adaptem al canvi. La innovaci\u00f3 \u00e9s una de les nostres preocupacions i comptem amb un equip hum\u00e0 comprom\u00e8s i molt professional.<\/p>\n<p>Totes aquestes caracter\u00edstiques han col\u00b7locat AB Seguretat com l&#8217;empresa l\u00edder en l&#8217;\u00e0mbit de seguretat en totes les vessants, prestant els seus serveis a ind\u00fastries, comer\u00e7os, institucions i llars.<\/p>\n<p>Tenim una gran pres\u00e8ncia al sector retail aix\u00ed com a grans empreses i al sector residencial d&#8217;alt standing i som pioners en l&#8217;aplicaci\u00f3 de noves tecnologies, donant servei a tot el territori nacional.<\/p>\n\t\t\t\t\t\t\t\t<\/div>\n\t\t\t\t<div class=\"elementor-element elementor-element-47a5f1f elementor-widget elementor-widget-heading\" data-id=\"47a5f1f\" data-element_type=\"widget\" data-e-type=\"widget\" data-widget_type=\"heading.default\">\n\t\t\t\t\t<h2 class=\"elementor-heading-title elementor-size-default\">La nostra seu est\u00e0 situada a Molins de Rei (Barcelona) i cobrim tot el territori nacional. Disposem d'un departament d'enginyeria propi, per la qual cosa podem dissenyar una soluci\u00f3 integral d'acord amb les vostres necessitats per oferir-vos les m\u00e0ximes garanties de protecci\u00f3 per a persones i b\u00e9ns.<\/h2>\t\t\t\t<\/div>\n\t\t\t\t<div class=\"elementor-element elementor-element-c56b009 elementor-widget elementor-widget-heading\" data-id=\"c56b009\" data-element_type=\"widget\" data-e-type=\"widget\" data-widget_type=\"heading.default\">\n\t\t\t\t\t<h1 class=\"elementor-heading-title elementor-size-default\">AB Seguretat forma part d'associacions de seguretat protecci\u00f3 contra incendi<\/h1>\t\t\t\t<\/div>\n\t\t\t\t<section class=\"elementor-section elementor-inner-section elementor-element elementor-element-5224877 elementor-section-boxed elementor-section-height-default elementor-section-height-default\" data-id=\"5224877\" data-element_type=\"section\" data-e-type=\"section\">\n\t\t\t\t\t\t<div class=\"elementor-container elementor-column-gap-default\">\n\t\t\t\t\t<div class=\"elementor-column elementor-col-33 elementor-inner-column elementor-element elementor-element-c580cf6\" data-id=\"c580cf6\" data-element_type=\"column\" data-e-type=\"column\">\n\t\t\t<div class=\"elementor-widget-wrap elementor-element-populated\">\n\t\t\t\t\t\t<div class=\"elementor-element elementor-element-7ad056d elementor-widget elementor-widget-image\" data-id=\"7ad056d\" data-element_type=\"widget\" data-e-type=\"widget\" data-widget_type=\"image.default\">\n\t\t\t\t\t\t\t\t\t\t\t\t\t\t\t<img fetchpriority=\"high\" decoding=\"async\" width=\"542\" height=\"296\" src=\"https:\/\/www.abseguridad.com\/wp-content\/uploads\/2024\/04\/on-08.png\" class=\"attachment-large size-large wp-image-4632\" alt=\"\" \/>\t\t\t\t\t\t\t\t\t\t\t\t\t\t\t<\/div>\n\t\t\t\t\t<\/div>\n\t\t<\/div>\n\t\t\t\t<div class=\"elementor-column elementor-col-33 elementor-inner-column elementor-element elementor-element-4871a43\" data-id=\"4871a43\" data-element_type=\"column\" data-e-type=\"column\">\n\t\t\t<div class=\"elementor-widget-wrap elementor-element-populated\">\n\t\t\t\t\t\t<div class=\"elementor-element elementor-element-f28abf4 elementor-widget elementor-widget-image\" data-id=\"f28abf4\" data-element_type=\"widget\" data-e-type=\"widget\" data-widget_type=\"image.default\">\n\t\t\t\t\t\t\t\t\t\t\t\t\t\t\t<img decoding=\"async\" width=\"600\" height=\"305\" src=\"https:\/\/www.abseguridad.com\/wp-content\/uploads\/2023\/01\/logo-cluster_800px-600x305-1.png\" class=\"attachment-large size-large wp-image-3625\" alt=\"\" srcset=\"https:\/\/www.abseguridad.com\/wp-content\/uploads\/2023\/01\/logo-cluster_800px-600x305-1.png 600w, https:\/\/www.abseguridad.com\/wp-content\/uploads\/2023\/01\/logo-cluster_800px-600x305-1-300x153.png 300w\" sizes=\"(max-width: 600px) 100vw, 600px\" \/>\t\t\t\t\t\t\t\t\t\t\t\t\t\t\t<\/div>\n\t\t\t\t\t<\/div>\n\t\t<\/div>\n\t\t\t\t<div class=\"elementor-column elementor-col-33 elementor-inner-column elementor-element elementor-element-8fa4340\" data-id=\"8fa4340\" data-element_type=\"column\" data-e-type=\"column\">\n\t\t\t<div class=\"elementor-widget-wrap elementor-element-populated\">\n\t\t\t\t\t\t<div class=\"elementor-element elementor-element-7004fad elementor-widget elementor-widget-image\" data-id=\"7004fad\" data-element_type=\"widget\" data-e-type=\"widget\" data-widget_type=\"image.default\">\n\t\t\t\t\t\t\t\t\t\t\t\t\t\t\t<img decoding=\"async\" width=\"355\" height=\"142\" src=\"https:\/\/www.abseguridad.com\/wp-content\/uploads\/2023\/01\/descarga.png\" class=\"attachment-large size-large wp-image-3627\" alt=\"\" srcset=\"https:\/\/www.abseguridad.com\/wp-content\/uploads\/2023\/01\/descarga.png 355w, https:\/\/www.abseguridad.com\/wp-content\/uploads\/2023\/01\/descarga-300x120.png 300w\" sizes=\"(max-width: 355px) 100vw, 355px\" \/>\t\t\t\t\t\t\t\t\t\t\t\t\t\t\t<\/div>\n\t\t\t\t\t<\/div>\n\t\t<\/div>\n\t\t\t\t\t<\/div>\n\t\t<\/section>\n\t\t\t\t<div class=\"elementor-element elementor-element-90c4d31 elementor-widget elementor-widget-heading\" data-id=\"90c4d31\" data-element_type=\"widget\" data-e-type=\"widget\" data-widget_type=\"heading.default\">\n\t\t\t\t\t<h2 class=\"elementor-heading-title elementor-size-default\">M\u00e9s de 30 anys d'experi\u00e8ncia en serveis de seguretat i protecci\u00f3 contra incendi<\/h2>\t\t\t\t<\/div>\n\t\t\t\t<div class=\"elementor-element elementor-element-4597cfa elementor-widget elementor-widget-text-editor\" data-id=\"4597cfa\" data-element_type=\"widget\" data-e-type=\"widget\" data-widget_type=\"text-editor.default\">\n\t\t\t\t\t\t\t\t\t<p>AB Seguretat es crea l&#8217;any 1990 a Terrassa com a empresa per oferir <a href=\"https:\/\/www.abseguridad.com\/ca\/proteccio-contra-incendi\/\">serveis de protecci\u00f3 contra incendi<\/a>, <a href=\"https:\/\/www.abseguridad.com\/ca\/cameres-de-seguretat\/\">sistemes de c\u00e0meres de vigil\u00e0ncia (CCTV)<\/a>, <a href=\"https:\/\/www.abseguridad.com\/ca\/sistemas-de-seguridad-anti-intrusion\/\">sistemes antiintrusi\u00f3<\/a>, <a href=\"https:\/\/www.abseguridad.com\/ca\/control-daccessos-i-presencia\/\">control d&#8217;accessos i pres\u00e8ncia<\/a>, serveis especials i s<a href=\"https:\/\/www.abseguridad.com\/ca\/seguretat-fisica\/\">eguretat f\u00edsica<\/a>, relacionats amb la seguretat de persones, b\u00e9ns i pertinences, sempre brindant un servei integral, r\u00e0pid i efica\u00e7. Disposem de totes les certificacions, homologacions i autoritzacions que la llei indica per operar com a empresa de seguretat als diferents \u00e0mbits d&#8217;actuaci\u00f3.<\/p>\n<p>Dissenyem, subministrem, instal\u00b7lem i <a href=\"https:\/\/www.abseguridad.com\/ca\/servicio-de-mantenimiento-para-sistemas-de-seguridad\/\">mantenim<\/a> instal\u00b7lacions de protecci\u00f3 contra incendi, anti intrusi\u00f3, CCTV, control d&#8217;acc\u00e9s i pres\u00e8ncia de personal. Utilitzem tecnologia de darrera generaci\u00f3 i treballem sempre amb materials d&#8217;alta qualitat. Les instal\u00b7lacions i els processos de protecci\u00f3 estan pensats per oferir una seguretat m\u00e0xima i un control altament efica\u00e7.<\/p>\n<p>L&#8217;objectiu \u00e9s oferir un servei de protecci\u00f3 a mida i ajustat a la situaci\u00f3 concreta de cada client. Tots els nostres estudis estan pensats per obtenir una rendibilitat m\u00e0xima per a qualsevol tipus d&#8217;inversi\u00f3 i protecci\u00f3 de les persones i els seus b\u00e9ns.<\/p>\n<p>Si el que esteu buscant en una empresa de seguretat que us ofereixi un assessorament professional i un servei integral d&#8217;acord amb les vostres necessitats, AB Seguridad \u00e9s la soluci\u00f3. Podeu posar-vos en contacte amb nosaltres <a href=\"https:\/\/www.abseguridad.com\/ca\/contacte\/\">omplint el q\u00fcestionari<\/a> o si ho preferiu truqueu-nos al tel\u00e8fon \u00a0<a href=\"tel:932936673\">932936673<\/a> on us atendrem personalment.<\/p>\n\t\t\t\t\t\t\t\t<\/div>\n\t\t\t\t\t<\/div>\n\t\t<\/div>\n\t\t\t\t\t<\/div>\n\t\t<\/section>\n\t\t\t\t<\/div>\n\t\t","protected":false},"excerpt":{"rendered":"<p>QUI SOM Seguretat i Protecci\u00f3 Contra Incendi en Barcelona Som una empresa de serveis de seguretat ubicada a Molins de Rei, especialistes en sistemes de protecci\u00f3 contra incendi, control d&#8217;accessos i seguretat anti intrusi\u00f3. Empresa de Seguretat a Barcelona, Madrid y Val\u00e8ncia Som una empresa de serveis de seguretat ubicada a Molins de Rei (Barcelona) [&hellip;]<\/p>\n","protected":false},"author":49,"featured_media":4080,"parent":0,"menu_order":0,"comment_status":"closed","ping_status":"closed","template":"elementor_header_footer","meta":{"footnotes":""},"class_list":["post-3287","page","type-page","status-publish","has-post-thumbnail","hentry"],"yoast_head":"<!-- This site is optimized with the Yoast SEO plugin v27.6 - https:\/\/yoast.com\/product\/yoast-seo-wordpress\/ -->\n<title>Empresa de Seguretat a Barcelona- AB Seguretat<\/title>\n<meta name=\"description\" content=\"Som una empresa de seguretat i protecci\u00f3 contra incendi de Barcelona i Madrid. La innovaci\u00f3 \u00e9s una de les nostres preocupacions.\" \/>\n<meta name=\"robots\" content=\"index, follow, max-snippet:-1, max-image-preview:large, max-video-preview:-1\" \/>\n<link rel=\"canonical\" href=\"https:\/\/www.abseguridad.com\/ca\/qui-som-empresa-de-seguretat-a-barcelona\/\" \/>\n<meta property=\"og:locale\" content=\"ca_ES\" \/>\n<meta property=\"og:type\" content=\"article\" \/>\n<meta property=\"og:title\" content=\"Empresa de Seguretat a Barcelona- AB Seguretat\" \/>\n<meta property=\"og:description\" content=\"Som una empresa de seguretat i protecci\u00f3 contra incendi de Barcelona i Madrid. La innovaci\u00f3 \u00e9s una de les nostres preocupacions.\" \/>\n<meta property=\"og:url\" content=\"https:\/\/www.abseguridad.com\/ca\/qui-som-empresa-de-seguretat-a-barcelona\/\" \/>\n<meta property=\"og:site_name\" content=\"AB Seguridad\" \/>\n<meta property=\"article:modified_time\" content=\"2024-04-26T07:28:32+00:00\" \/>\n<meta property=\"og:image\" content=\"https:\/\/www.abseguridad.com\/wp-content\/uploads\/2023\/08\/ab-seguridad-1.png\" \/>\n\t<meta property=\"og:image:width\" content=\"1200\" \/>\n\t<meta property=\"og:image:height\" content=\"628\" \/>\n\t<meta property=\"og:image:type\" content=\"image\/png\" \/>\n<meta name=\"twitter:card\" content=\"summary_large_image\" \/>\n<meta name=\"twitter:site\" content=\"@ab_seguridad\" \/>\n<meta name=\"twitter:label1\" content=\"Temps estimat de lectura\" \/>\n\t<meta name=\"twitter:data1\" content=\"2 minutes\" \/>\n<script type=\"application\/ld+json\" class=\"yoast-schema-graph\">{\"@context\":\"https:\\\/\\\/schema.org\",\"@graph\":[{\"@type\":\"WebPage\",\"@id\":\"https:\\\/\\\/www.abseguridad.com\\\/ca\\\/qui-som-empresa-de-seguretat-a-barcelona\\\/\",\"url\":\"https:\\\/\\\/www.abseguridad.com\\\/ca\\\/qui-som-empresa-de-seguretat-a-barcelona\\\/\",\"name\":\"Empresa de Seguretat a Barcelona- AB Seguretat\",\"isPartOf\":{\"@id\":\"https:\\\/\\\/www.abseguridad.com\\\/ca\\\/#website\"},\"primaryImageOfPage\":{\"@id\":\"https:\\\/\\\/www.abseguridad.com\\\/ca\\\/qui-som-empresa-de-seguretat-a-barcelona\\\/#primaryimage\"},\"image\":{\"@id\":\"https:\\\/\\\/www.abseguridad.com\\\/ca\\\/qui-som-empresa-de-seguretat-a-barcelona\\\/#primaryimage\"},\"thumbnailUrl\":\"https:\\\/\\\/www.abseguridad.com\\\/wp-content\\\/uploads\\\/2023\\\/08\\\/ab-seguridad-1.png\",\"datePublished\":\"2022-04-28T10:37:40+00:00\",\"dateModified\":\"2024-04-26T07:28:32+00:00\",\"description\":\"Som una empresa de seguretat i protecci\u00f3 contra incendi de Barcelona i Madrid. La innovaci\u00f3 \u00e9s una de les nostres preocupacions.\",\"breadcrumb\":{\"@id\":\"https:\\\/\\\/www.abseguridad.com\\\/ca\\\/qui-som-empresa-de-seguretat-a-barcelona\\\/#breadcrumb\"},\"inLanguage\":\"ca\",\"potentialAction\":[{\"@type\":\"ReadAction\",\"target\":[\"https:\\\/\\\/www.abseguridad.com\\\/ca\\\/qui-som-empresa-de-seguretat-a-barcelona\\\/\"]}]},{\"@type\":\"ImageObject\",\"inLanguage\":\"ca\",\"@id\":\"https:\\\/\\\/www.abseguridad.com\\\/ca\\\/qui-som-empresa-de-seguretat-a-barcelona\\\/#primaryimage\",\"url\":\"https:\\\/\\\/www.abseguridad.com\\\/wp-content\\\/uploads\\\/2023\\\/08\\\/ab-seguridad-1.png\",\"contentUrl\":\"https:\\\/\\\/www.abseguridad.com\\\/wp-content\\\/uploads\\\/2023\\\/08\\\/ab-seguridad-1.png\",\"width\":1200,\"height\":628,\"caption\":\"Empresa de Seguridad en Barcelona y Madrid\"},{\"@type\":\"BreadcrumbList\",\"@id\":\"https:\\\/\\\/www.abseguridad.com\\\/ca\\\/qui-som-empresa-de-seguretat-a-barcelona\\\/#breadcrumb\",\"itemListElement\":[{\"@type\":\"ListItem\",\"position\":1,\"name\":\"Portada\",\"item\":\"https:\\\/\\\/www.abseguridad.com\\\/ca\\\/inici\\\/\"},{\"@type\":\"ListItem\",\"position\":2,\"name\":\"Qui som &#8211; Empresa de seguretat a Barcelona\"}]},{\"@type\":\"WebSite\",\"@id\":\"https:\\\/\\\/www.abseguridad.com\\\/ca\\\/#website\",\"url\":\"https:\\\/\\\/www.abseguridad.com\\\/ca\\\/\",\"name\":\"AB Seguridad\",\"description\":\"Seguridad y Contraincendios en Barcelona\",\"publisher\":{\"@id\":\"https:\\\/\\\/www.abseguridad.com\\\/ca\\\/#organization\"},\"potentialAction\":[{\"@type\":\"SearchAction\",\"target\":{\"@type\":\"EntryPoint\",\"urlTemplate\":\"https:\\\/\\\/www.abseguridad.com\\\/ca\\\/?s={search_term_string}\"},\"query-input\":{\"@type\":\"PropertyValueSpecification\",\"valueRequired\":true,\"valueName\":\"search_term_string\"}}],\"inLanguage\":\"ca\"},{\"@type\":\"Organization\",\"@id\":\"https:\\\/\\\/www.abseguridad.com\\\/ca\\\/#organization\",\"name\":\"AB Seguridad\",\"url\":\"https:\\\/\\\/www.abseguridad.com\\\/ca\\\/\",\"logo\":{\"@type\":\"ImageObject\",\"inLanguage\":\"ca\",\"@id\":\"https:\\\/\\\/www.abseguridad.com\\\/ca\\\/#\\\/schema\\\/logo\\\/image\\\/\",\"url\":\"https:\\\/\\\/www.abseguridad.com\\\/wp-content\\\/uploads\\\/2021\\\/06\\\/ab_seguridad_OK.png\",\"contentUrl\":\"https:\\\/\\\/www.abseguridad.com\\\/wp-content\\\/uploads\\\/2021\\\/06\\\/ab_seguridad_OK.png\",\"width\":260,\"height\":190,\"caption\":\"AB Seguridad\"},\"image\":{\"@id\":\"https:\\\/\\\/www.abseguridad.com\\\/ca\\\/#\\\/schema\\\/logo\\\/image\\\/\"},\"sameAs\":[\"https:\\\/\\\/x.com\\\/ab_seguridad\",\"https:\\\/\\\/es.linkedin.com\\\/company\\\/ab-seguridad\"]}]}<\/script>\n<!-- \/ Yoast SEO plugin. -->","yoast_head_json":{"title":"Empresa de Seguretat a Barcelona- AB Seguretat","description":"Som una empresa de seguretat i protecci\u00f3 contra incendi de Barcelona i Madrid. La innovaci\u00f3 \u00e9s una de les nostres preocupacions.","robots":{"index":"index","follow":"follow","max-snippet":"max-snippet:-1","max-image-preview":"max-image-preview:large","max-video-preview":"max-video-preview:-1"},"canonical":"https:\/\/www.abseguridad.com\/ca\/qui-som-empresa-de-seguretat-a-barcelona\/","og_locale":"ca_ES","og_type":"article","og_title":"Empresa de Seguretat a Barcelona- AB Seguretat","og_description":"Som una empresa de seguretat i protecci\u00f3 contra incendi de Barcelona i Madrid. La innovaci\u00f3 \u00e9s una de les nostres preocupacions.","og_url":"https:\/\/www.abseguridad.com\/ca\/qui-som-empresa-de-seguretat-a-barcelona\/","og_site_name":"AB Seguridad","article_modified_time":"2024-04-26T07:28:32+00:00","og_image":[{"width":1200,"height":628,"url":"https:\/\/www.abseguridad.com\/wp-content\/uploads\/2023\/08\/ab-seguridad-1.png","type":"image\/png"}],"twitter_card":"summary_large_image","twitter_site":"@ab_seguridad","twitter_misc":{"Temps estimat de lectura":"2 minutes"},"schema":{"@context":"https:\/\/schema.org","@graph":[{"@type":"WebPage","@id":"https:\/\/www.abseguridad.com\/ca\/qui-som-empresa-de-seguretat-a-barcelona\/","url":"https:\/\/www.abseguridad.com\/ca\/qui-som-empresa-de-seguretat-a-barcelona\/","name":"Empresa de Seguretat a Barcelona- AB Seguretat","isPartOf":{"@id":"https:\/\/www.abseguridad.com\/ca\/#website"},"primaryImageOfPage":{"@id":"https:\/\/www.abseguridad.com\/ca\/qui-som-empresa-de-seguretat-a-barcelona\/#primaryimage"},"image":{"@id":"https:\/\/www.abseguridad.com\/ca\/qui-som-empresa-de-seguretat-a-barcelona\/#primaryimage"},"thumbnailUrl":"https:\/\/www.abseguridad.com\/wp-content\/uploads\/2023\/08\/ab-seguridad-1.png","datePublished":"2022-04-28T10:37:40+00:00","dateModified":"2024-04-26T07:28:32+00:00","description":"Som una empresa de seguretat i protecci\u00f3 contra incendi de Barcelona i Madrid. La innovaci\u00f3 \u00e9s una de les nostres preocupacions.","breadcrumb":{"@id":"https:\/\/www.abseguridad.com\/ca\/qui-som-empresa-de-seguretat-a-barcelona\/#breadcrumb"},"inLanguage":"ca","potentialAction":[{"@type":"ReadAction","target":["https:\/\/www.abseguridad.com\/ca\/qui-som-empresa-de-seguretat-a-barcelona\/"]}]},{"@type":"ImageObject","inLanguage":"ca","@id":"https:\/\/www.abseguridad.com\/ca\/qui-som-empresa-de-seguretat-a-barcelona\/#primaryimage","url":"https:\/\/www.abseguridad.com\/wp-content\/uploads\/2023\/08\/ab-seguridad-1.png","contentUrl":"https:\/\/www.abseguridad.com\/wp-content\/uploads\/2023\/08\/ab-seguridad-1.png","width":1200,"height":628,"caption":"Empresa de Seguridad en Barcelona y Madrid"},{"@type":"BreadcrumbList","@id":"https:\/\/www.abseguridad.com\/ca\/qui-som-empresa-de-seguretat-a-barcelona\/#breadcrumb","itemListElement":[{"@type":"ListItem","position":1,"name":"Portada","item":"https:\/\/www.abseguridad.com\/ca\/inici\/"},{"@type":"ListItem","position":2,"name":"Qui som &#8211; Empresa de seguretat a Barcelona"}]},{"@type":"WebSite","@id":"https:\/\/www.abseguridad.com\/ca\/#website","url":"https:\/\/www.abseguridad.com\/ca\/","name":"AB Seguridad","description":"Seguridad y Contraincendios en Barcelona","publisher":{"@id":"https:\/\/www.abseguridad.com\/ca\/#organization"},"potentialAction":[{"@type":"SearchAction","target":{"@type":"EntryPoint","urlTemplate":"https:\/\/www.abseguridad.com\/ca\/?s={search_term_string}"},"query-input":{"@type":"PropertyValueSpecification","valueRequired":true,"valueName":"search_term_string"}}],"inLanguage":"ca"},{"@type":"Organization","@id":"https:\/\/www.abseguridad.com\/ca\/#organization","name":"AB Seguridad","url":"https:\/\/www.abseguridad.com\/ca\/","logo":{"@type":"ImageObject","inLanguage":"ca","@id":"https:\/\/www.abseguridad.com\/ca\/#\/schema\/logo\/image\/","url":"https:\/\/www.abseguridad.com\/wp-content\/uploads\/2021\/06\/ab_seguridad_OK.png","contentUrl":"https:\/\/www.abseguridad.com\/wp-content\/uploads\/2021\/06\/ab_seguridad_OK.png","width":260,"height":190,"caption":"AB Seguridad"},"image":{"@id":"https:\/\/www.abseguridad.com\/ca\/#\/schema\/logo\/image\/"},"sameAs":["https:\/\/x.com\/ab_seguridad","https:\/\/es.linkedin.com\/company\/ab-seguridad"]}]}},"_links":{"self":[{"href":"https:\/\/www.abseguridad.com\/ca\/wp-json\/wp\/v2\/pages\/3287","targetHints":{"allow":["GET"]}}],"collection":[{"href":"https:\/\/www.abseguridad.com\/ca\/wp-json\/wp\/v2\/pages"}],"about":[{"href":"https:\/\/www.abseguridad.com\/ca\/wp-json\/wp\/v2\/types\/page"}],"author":[{"embeddable":true,"href":"https:\/\/www.abseguridad.com\/ca\/wp-json\/wp\/v2\/users\/49"}],"replies":[{"embeddable":true,"href":"https:\/\/www.abseguridad.com\/ca\/wp-json\/wp\/v2\/comments?post=3287"}],"version-history":[{"count":0,"href":"https:\/\/www.abseguridad.com\/ca\/wp-json\/wp\/v2\/pages\/3287\/revisions"}],"wp:featuredmedia":[{"embeddable":true,"href":"https:\/\/www.abseguridad.com\/ca\/wp-json\/wp\/v2\/media\/4080"}],"wp:attachment":[{"href":"https:\/\/www.abseguridad.com\/ca\/wp-json\/wp\/v2\/media?parent=3287"}],"curies":[{"name":"wp","href":"https:\/\/api.w.org\/{rel}","templated":true}]}}