{"id":2981,"date":"2021-11-17T10:43:45","date_gmt":"2021-11-17T09:43:45","guid":{"rendered":"https:\/\/www.abseguridad.com\/industries\/"},"modified":"2022-07-05T10:43:16","modified_gmt":"2022-07-05T09:43:16","slug":"industries","status":"publish","type":"page","link":"https:\/\/www.abseguridad.com\/ca\/industries\/","title":{"rendered":"Ind\u00fastries"},"content":{"rendered":"<p>En <a href=\"https:\/\/www.abseguridad.com\/empresa-de-seguridad\/\">AB Seguretat<\/a> som especialistes en la creaci\u00f3 de projectes de seguretat per ind\u00fastries i institucions.<\/p>\n<p>Ens encarreguem de que els nostres clients es sentin segurs oferint-lis un servei integral, que inclou la <a href=\"https:\/\/www.abseguridad.com\/proteccion-contra-incendio\/\">protecci\u00f3 contra incendi<\/a>, <a href=\"https:\/\/www.abseguridad.com\/instalacion-de-camaras-de-seguridad\/\">c\u00e0meres de vigil\u00e0ncia<\/a>, els <a href=\"https:\/\/www.abseguridad.com\/sistemas-de-seguridad-anti-intrusion\/\">sistemes anti-intrusi\u00f3<\/a>, i <a href=\"https:\/\/www.abseguridad.com\/sistemas-de-control-de-acceso\/\">control d&#8217;accessos i pres\u00e8ncia<\/a> relacionats amb la seguretat de persones, b\u00e9ns i pertinences.<\/p>\n<p>Tamb\u00e9 oferim serveis especials com sala de cust\u00f2dia, formaci\u00f3, cust\u00f2dia de claus, vigil\u00e0ncia amb i sense armes, log\u00edstica, consultoria, control de falsificaci\u00f3, cerca de dispositius espia, plans d&#8217;auto protecci\u00f3, registres LOPD, seguretat informaci\u00f3 corporativa, investigacions, IT seguretat, etc., el <a href=\"https:\/\/www.abseguridad.com\/servicio-de-mantenimiento\/\">manteniment<\/a> de les instal\u00b7lacions de seguretat per ind\u00fastria anteriorment indicades i tamb\u00e9 <a href=\"https:\/\/www.abseguridad.com\/seguridad-fisica\/\" target=\"_blank\" rel=\"noopener noreferrer\">seguretat f\u00edsica<\/a> (portes i finestres de seguretat, habitacions del p\u00e0nic, c\u00e0meres acoratzades, caixes fortes, armaris de seguretat, etc.)<\/p>\n<p>La seguretat per a ind\u00fastries i institucions requereix sempre projectes personalitzats i moltes vegades s\u00f3n necess\u00e0ries instal\u00b7lacions de protecci\u00f3 mixtes, sempre subjectes a un pla d&#8217;actuaci\u00f3 adequat a cada cas. Ens encarreguem de realitzar l&#8217;estudi d&#8217;enginyeria que permeti analitzar les caracter\u00edstiques de cada zona a protegir per establir les necessitats de cada client, assessorant des de la fase inicial del projecte, subministrament i implantaci\u00f3 de sistemes fins a mantenir-los.<\/p>\n<p>Si el que estan buscant en una empresa de seguretat per protegir la seva ind\u00fastria o instituci\u00f3, que els ofereixi un assessorament professional i un servei integral d&#8217;acord amb les seves necessitats, AB Seguretat \u00e9s la soluci\u00f3, poden posar-se en contacte amb nosaltres <a href=\"http:\/\/www.abseguridad.com\/contacto\/\">omplint el q\u00fcestionari<\/a> o si ho prefereixen truqui&#8217;ns al tel\u00e8fon <a href=\"tel:932936673\">932936673<\/a> on lis atindrem personalment.<\/p>\n<p>Estem a la seva disposici\u00f3!<\/p>\n","protected":false},"excerpt":{"rendered":"<p>En AB Seguretat som especialistes en la creaci\u00f3 de projectes de seguretat per ind\u00fastries i institucions. Ens encarreguem de que els nostres clients es sentin segurs oferint-lis un servei integral, que inclou la protecci\u00f3 contra incendi, c\u00e0meres de vigil\u00e0ncia, els sistemes anti-intrusi\u00f3, i control d&#8217;accessos i pres\u00e8ncia relacionats amb la seguretat de persones, b\u00e9ns i [&hellip;]<\/p>\n","protected":false},"author":49,"featured_media":2715,"parent":0,"menu_order":0,"comment_status":"closed","ping_status":"closed","template":"elementor_header_footer","meta":{"footnotes":""},"class_list":["post-2981","page","type-page","status-publish","has-post-thumbnail","hentry"],"yoast_head":"<!-- This site is optimized with the Yoast SEO plugin v27.6 - https:\/\/yoast.com\/product\/yoast-seo-wordpress\/ -->\n<title>Seguretat per Ind\u00fastries - AB Seguretat<\/title>\n<meta name=\"description\" content=\"En AB Segurtat ens encarreguem de oferir les millors solucions i projectes de seguretat per ind\u00fastries i institucions.\" \/>\n<meta name=\"robots\" content=\"index, follow, max-snippet:-1, max-image-preview:large, max-video-preview:-1\" \/>\n<link rel=\"canonical\" href=\"https:\/\/www.abseguridad.com\/ca\/industries\/\" \/>\n<meta property=\"og:locale\" content=\"ca_ES\" \/>\n<meta property=\"og:type\" content=\"article\" \/>\n<meta property=\"og:title\" content=\"Seguretat per Ind\u00fastries - AB Seguretat\" \/>\n<meta property=\"og:description\" content=\"En AB Segurtat ens encarreguem de oferir les millors solucions i projectes de seguretat per ind\u00fastries i institucions.\" \/>\n<meta property=\"og:url\" content=\"https:\/\/www.abseguridad.com\/ca\/industries\/\" \/>\n<meta property=\"og:site_name\" content=\"AB Seguridad\" \/>\n<meta property=\"article:modified_time\" content=\"2022-07-05T09:43:16+00:00\" \/>\n<meta property=\"og:image\" content=\"https:\/\/www.abseguridad.com\/wp-content\/uploads\/2016\/03\/industrias-1.jpg\" \/>\n\t<meta property=\"og:image:width\" content=\"1432\" \/>\n\t<meta property=\"og:image:height\" content=\"954\" \/>\n\t<meta property=\"og:image:type\" content=\"image\/jpeg\" \/>\n<meta name=\"twitter:card\" content=\"summary_large_image\" \/>\n<meta name=\"twitter:site\" content=\"@ab_seguridad\" \/>\n<meta name=\"twitter:label1\" content=\"Temps estimat de lectura\" \/>\n\t<meta name=\"twitter:data1\" content=\"1 minute\" \/>\n<script type=\"application\/ld+json\" class=\"yoast-schema-graph\">{\"@context\":\"https:\\\/\\\/schema.org\",\"@graph\":[{\"@type\":\"WebPage\",\"@id\":\"https:\\\/\\\/www.abseguridad.com\\\/ca\\\/industries\\\/\",\"url\":\"https:\\\/\\\/www.abseguridad.com\\\/ca\\\/industries\\\/\",\"name\":\"Seguretat per Ind\u00fastries - AB Seguretat\",\"isPartOf\":{\"@id\":\"https:\\\/\\\/www.abseguridad.com\\\/ca\\\/#website\"},\"primaryImageOfPage\":{\"@id\":\"https:\\\/\\\/www.abseguridad.com\\\/ca\\\/industries\\\/#primaryimage\"},\"image\":{\"@id\":\"https:\\\/\\\/www.abseguridad.com\\\/ca\\\/industries\\\/#primaryimage\"},\"thumbnailUrl\":\"https:\\\/\\\/www.abseguridad.com\\\/wp-content\\\/uploads\\\/2016\\\/03\\\/industrias-1.jpg\",\"datePublished\":\"2021-11-17T09:43:45+00:00\",\"dateModified\":\"2022-07-05T09:43:16+00:00\",\"description\":\"En AB Segurtat ens encarreguem de oferir les millors solucions i projectes de seguretat per ind\u00fastries i institucions.\",\"breadcrumb\":{\"@id\":\"https:\\\/\\\/www.abseguridad.com\\\/ca\\\/industries\\\/#breadcrumb\"},\"inLanguage\":\"ca\",\"potentialAction\":[{\"@type\":\"ReadAction\",\"target\":[\"https:\\\/\\\/www.abseguridad.com\\\/ca\\\/industries\\\/\"]}]},{\"@type\":\"ImageObject\",\"inLanguage\":\"ca\",\"@id\":\"https:\\\/\\\/www.abseguridad.com\\\/ca\\\/industries\\\/#primaryimage\",\"url\":\"https:\\\/\\\/www.abseguridad.com\\\/wp-content\\\/uploads\\\/2016\\\/03\\\/industrias-1.jpg\",\"contentUrl\":\"https:\\\/\\\/www.abseguridad.com\\\/wp-content\\\/uploads\\\/2016\\\/03\\\/industrias-1.jpg\",\"width\":1432,\"height\":954},{\"@type\":\"BreadcrumbList\",\"@id\":\"https:\\\/\\\/www.abseguridad.com\\\/ca\\\/industries\\\/#breadcrumb\",\"itemListElement\":[{\"@type\":\"ListItem\",\"position\":1,\"name\":\"Portada\",\"item\":\"https:\\\/\\\/www.abseguridad.com\\\/ca\\\/inici\\\/\"},{\"@type\":\"ListItem\",\"position\":2,\"name\":\"Ind\u00fastries\"}]},{\"@type\":\"WebSite\",\"@id\":\"https:\\\/\\\/www.abseguridad.com\\\/ca\\\/#website\",\"url\":\"https:\\\/\\\/www.abseguridad.com\\\/ca\\\/\",\"name\":\"AB Seguridad\",\"description\":\"Seguridad y Contraincendios en Barcelona\",\"publisher\":{\"@id\":\"https:\\\/\\\/www.abseguridad.com\\\/ca\\\/#organization\"},\"potentialAction\":[{\"@type\":\"SearchAction\",\"target\":{\"@type\":\"EntryPoint\",\"urlTemplate\":\"https:\\\/\\\/www.abseguridad.com\\\/ca\\\/?s={search_term_string}\"},\"query-input\":{\"@type\":\"PropertyValueSpecification\",\"valueRequired\":true,\"valueName\":\"search_term_string\"}}],\"inLanguage\":\"ca\"},{\"@type\":\"Organization\",\"@id\":\"https:\\\/\\\/www.abseguridad.com\\\/ca\\\/#organization\",\"name\":\"AB Seguridad\",\"url\":\"https:\\\/\\\/www.abseguridad.com\\\/ca\\\/\",\"logo\":{\"@type\":\"ImageObject\",\"inLanguage\":\"ca\",\"@id\":\"https:\\\/\\\/www.abseguridad.com\\\/ca\\\/#\\\/schema\\\/logo\\\/image\\\/\",\"url\":\"https:\\\/\\\/www.abseguridad.com\\\/wp-content\\\/uploads\\\/2021\\\/06\\\/ab_seguridad_OK.png\",\"contentUrl\":\"https:\\\/\\\/www.abseguridad.com\\\/wp-content\\\/uploads\\\/2021\\\/06\\\/ab_seguridad_OK.png\",\"width\":260,\"height\":190,\"caption\":\"AB Seguridad\"},\"image\":{\"@id\":\"https:\\\/\\\/www.abseguridad.com\\\/ca\\\/#\\\/schema\\\/logo\\\/image\\\/\"},\"sameAs\":[\"https:\\\/\\\/x.com\\\/ab_seguridad\",\"https:\\\/\\\/es.linkedin.com\\\/company\\\/ab-seguridad\"]}]}<\/script>\n<!-- \/ Yoast SEO plugin. -->","yoast_head_json":{"title":"Seguretat per Ind\u00fastries - AB Seguretat","description":"En AB Segurtat ens encarreguem de oferir les millors solucions i projectes de seguretat per ind\u00fastries i institucions.","robots":{"index":"index","follow":"follow","max-snippet":"max-snippet:-1","max-image-preview":"max-image-preview:large","max-video-preview":"max-video-preview:-1"},"canonical":"https:\/\/www.abseguridad.com\/ca\/industries\/","og_locale":"ca_ES","og_type":"article","og_title":"Seguretat per Ind\u00fastries - AB Seguretat","og_description":"En AB Segurtat ens encarreguem de oferir les millors solucions i projectes de seguretat per ind\u00fastries i institucions.","og_url":"https:\/\/www.abseguridad.com\/ca\/industries\/","og_site_name":"AB Seguridad","article_modified_time":"2022-07-05T09:43:16+00:00","og_image":[{"width":1432,"height":954,"url":"https:\/\/www.abseguridad.com\/wp-content\/uploads\/2016\/03\/industrias-1.jpg","type":"image\/jpeg"}],"twitter_card":"summary_large_image","twitter_site":"@ab_seguridad","twitter_misc":{"Temps estimat de lectura":"1 minute"},"schema":{"@context":"https:\/\/schema.org","@graph":[{"@type":"WebPage","@id":"https:\/\/www.abseguridad.com\/ca\/industries\/","url":"https:\/\/www.abseguridad.com\/ca\/industries\/","name":"Seguretat per Ind\u00fastries - AB Seguretat","isPartOf":{"@id":"https:\/\/www.abseguridad.com\/ca\/#website"},"primaryImageOfPage":{"@id":"https:\/\/www.abseguridad.com\/ca\/industries\/#primaryimage"},"image":{"@id":"https:\/\/www.abseguridad.com\/ca\/industries\/#primaryimage"},"thumbnailUrl":"https:\/\/www.abseguridad.com\/wp-content\/uploads\/2016\/03\/industrias-1.jpg","datePublished":"2021-11-17T09:43:45+00:00","dateModified":"2022-07-05T09:43:16+00:00","description":"En AB Segurtat ens encarreguem de oferir les millors solucions i projectes de seguretat per ind\u00fastries i institucions.","breadcrumb":{"@id":"https:\/\/www.abseguridad.com\/ca\/industries\/#breadcrumb"},"inLanguage":"ca","potentialAction":[{"@type":"ReadAction","target":["https:\/\/www.abseguridad.com\/ca\/industries\/"]}]},{"@type":"ImageObject","inLanguage":"ca","@id":"https:\/\/www.abseguridad.com\/ca\/industries\/#primaryimage","url":"https:\/\/www.abseguridad.com\/wp-content\/uploads\/2016\/03\/industrias-1.jpg","contentUrl":"https:\/\/www.abseguridad.com\/wp-content\/uploads\/2016\/03\/industrias-1.jpg","width":1432,"height":954},{"@type":"BreadcrumbList","@id":"https:\/\/www.abseguridad.com\/ca\/industries\/#breadcrumb","itemListElement":[{"@type":"ListItem","position":1,"name":"Portada","item":"https:\/\/www.abseguridad.com\/ca\/inici\/"},{"@type":"ListItem","position":2,"name":"Ind\u00fastries"}]},{"@type":"WebSite","@id":"https:\/\/www.abseguridad.com\/ca\/#website","url":"https:\/\/www.abseguridad.com\/ca\/","name":"AB Seguridad","description":"Seguridad y Contraincendios en Barcelona","publisher":{"@id":"https:\/\/www.abseguridad.com\/ca\/#organization"},"potentialAction":[{"@type":"SearchAction","target":{"@type":"EntryPoint","urlTemplate":"https:\/\/www.abseguridad.com\/ca\/?s={search_term_string}"},"query-input":{"@type":"PropertyValueSpecification","valueRequired":true,"valueName":"search_term_string"}}],"inLanguage":"ca"},{"@type":"Organization","@id":"https:\/\/www.abseguridad.com\/ca\/#organization","name":"AB Seguridad","url":"https:\/\/www.abseguridad.com\/ca\/","logo":{"@type":"ImageObject","inLanguage":"ca","@id":"https:\/\/www.abseguridad.com\/ca\/#\/schema\/logo\/image\/","url":"https:\/\/www.abseguridad.com\/wp-content\/uploads\/2021\/06\/ab_seguridad_OK.png","contentUrl":"https:\/\/www.abseguridad.com\/wp-content\/uploads\/2021\/06\/ab_seguridad_OK.png","width":260,"height":190,"caption":"AB Seguridad"},"image":{"@id":"https:\/\/www.abseguridad.com\/ca\/#\/schema\/logo\/image\/"},"sameAs":["https:\/\/x.com\/ab_seguridad","https:\/\/es.linkedin.com\/company\/ab-seguridad"]}]}},"_links":{"self":[{"href":"https:\/\/www.abseguridad.com\/ca\/wp-json\/wp\/v2\/pages\/2981","targetHints":{"allow":["GET"]}}],"collection":[{"href":"https:\/\/www.abseguridad.com\/ca\/wp-json\/wp\/v2\/pages"}],"about":[{"href":"https:\/\/www.abseguridad.com\/ca\/wp-json\/wp\/v2\/types\/page"}],"author":[{"embeddable":true,"href":"https:\/\/www.abseguridad.com\/ca\/wp-json\/wp\/v2\/users\/49"}],"replies":[{"embeddable":true,"href":"https:\/\/www.abseguridad.com\/ca\/wp-json\/wp\/v2\/comments?post=2981"}],"version-history":[{"count":0,"href":"https:\/\/www.abseguridad.com\/ca\/wp-json\/wp\/v2\/pages\/2981\/revisions"}],"wp:featuredmedia":[{"embeddable":true,"href":"https:\/\/www.abseguridad.com\/ca\/wp-json\/wp\/v2\/media\/2715"}],"wp:attachment":[{"href":"https:\/\/www.abseguridad.com\/ca\/wp-json\/wp\/v2\/media?parent=2981"}],"curies":[{"name":"wp","href":"https:\/\/api.w.org\/{rel}","templated":true}]}}