{"id":2978,"date":"2021-11-17T10:18:59","date_gmt":"2021-11-17T09:18:59","guid":{"rendered":"https:\/\/www.abseguridad.com\/descarregues-i-normativa\/"},"modified":"2021-11-17T10:19:02","modified_gmt":"2021-11-17T09:19:02","slug":"descarregues-i-normativa","status":"publish","type":"page","link":"https:\/\/www.abseguridad.com\/ca\/descarregues-i-normativa\/","title":{"rendered":"Desc\u00e0rregues i Normativa"},"content":{"rendered":"\t\t<div data-elementor-type=\"wp-page\" data-elementor-id=\"2978\" class=\"elementor elementor-2978 elementor-39\" data-elementor-post-type=\"page\">\n\t\t\t\t\t\t<section class=\"elementor-section elementor-top-section elementor-element elementor-element-7e3ee767 elementor-section-height-min-height elementor-section-content-middle elementor-section-boxed elementor-section-height-default elementor-section-items-middle\" data-id=\"7e3ee767\" data-element_type=\"section\" data-e-type=\"section\" data-settings=\"{&quot;background_background&quot;:&quot;classic&quot;,&quot;background_motion_fx_motion_fx_scrolling&quot;:&quot;yes&quot;,&quot;background_motion_fx_scale_effect&quot;:&quot;yes&quot;,&quot;background_motion_fx_scale_direction&quot;:&quot;out-in&quot;,&quot;background_motion_fx_scale_speed&quot;:{&quot;unit&quot;:&quot;px&quot;,&quot;size&quot;:4,&quot;sizes&quot;:[]},&quot;background_motion_fx_scale_range&quot;:{&quot;unit&quot;:&quot;%&quot;,&quot;size&quot;:&quot;&quot;,&quot;sizes&quot;:{&quot;start&quot;:20,&quot;end&quot;:80}},&quot;background_motion_fx_devices&quot;:[&quot;desktop&quot;,&quot;tablet_extra&quot;,&quot;tablet&quot;,&quot;mobile&quot;]}\">\n\t\t\t\t\t\t\t<div class=\"elementor-background-overlay\"><\/div>\n\t\t\t\t\t\t\t<div class=\"elementor-container elementor-column-gap-no\">\n\t\t\t\t\t<div class=\"elementor-column elementor-col-100 elementor-top-column elementor-element elementor-element-43afe8f6\" data-id=\"43afe8f6\" data-element_type=\"column\" data-e-type=\"column\">\n\t\t\t<div class=\"elementor-widget-wrap elementor-element-populated\">\n\t\t\t\t\t\t<div class=\"elementor-element elementor-element-2f024faa elementor-widget elementor-widget-heading\" data-id=\"2f024faa\" data-element_type=\"widget\" data-e-type=\"widget\" data-widget_type=\"heading.default\">\n\t\t\t\t\t<h2 class=\"elementor-heading-title elementor-size-default\">Serveis<\/h2>\t\t\t\t<\/div>\n\t\t\t\t\t<\/div>\n\t\t<\/div>\n\t\t\t\t\t<\/div>\n\t\t<\/section>\n\t\t\t\t<section class=\"elementor-section elementor-top-section elementor-element elementor-element-c833216 elementor-section-boxed elementor-section-height-default elementor-section-height-default\" data-id=\"c833216\" data-element_type=\"section\" data-e-type=\"section\">\n\t\t\t\t\t\t<div class=\"elementor-container elementor-column-gap-default\">\n\t\t\t\t\t<div class=\"elementor-column elementor-col-50 elementor-top-column elementor-element elementor-element-2793585\" data-id=\"2793585\" data-element_type=\"column\" data-e-type=\"column\">\n\t\t\t<div class=\"elementor-widget-wrap elementor-element-populated\">\n\t\t\t\t\t\t<div class=\"elementor-element elementor-element-3b57951 elementor-widget elementor-widget-heading\" data-id=\"3b57951\" data-element_type=\"widget\" data-e-type=\"widget\" data-widget_type=\"heading.default\">\n\t\t\t\t\t<h2 class=\"elementor-heading-title elementor-size-default\">Instal\u00b7lacions Contra Incendi<\/h2>\t\t\t\t<\/div>\n\t\t\t\t<div class=\"elementor-element elementor-element-fde676f elementor-widget elementor-widget-text-editor\" data-id=\"fde676f\" data-element_type=\"widget\" data-e-type=\"widget\" data-widget_type=\"text-editor.default\">\n\t\t\t\t\t\t\t\t\t<ul>\n<li class=\"li1\"><span class=\"s1\"><a href=\"http:\/\/www.apici.es\/\" target=\"_blank\" rel=\"noopener noreferrer\"><span class=\"s2\">Associaci\u00f3 de professionals d&#8217;ingenieria de protecci\u00f3 contra incendis &#8211; apici<\/span><\/a><\/span><\/li>\n<li class=\"li1\"><span class=\"s3\"><a href=\"http:\/\/www.aerme.com\/\" target=\"_blank\" rel=\"noopener noreferrer\"><span class=\"s2\">Associaci\u00f3 espanyola d&#8217;empreses instal\u00b7ladores i mantenidores de sistemes contra incendis &#8211; aerme<\/span><\/a><\/span><\/li>\n<li class=\"li1\"><span class=\"s3\"><a href=\"http:\/\/www.tecnifuego-aespi.org\/\" target=\"_blank\" rel=\"noopener noreferrer\"><span class=\"s2\">Associaci\u00f3 espanyola de societats de protecci\u00f3 contra incendis \u2013 tecnifuego \u2013 aespi<\/span><\/a><\/span><\/li>\n<li class=\"li1\"><span class=\"s3\"><a href=\"http:\/\/www.afiti.com\/\" target=\"_blank\" rel=\"noopener noreferrer\"><span class=\"s2\">Associaci\u00f3 per la fomentaci\u00f3 de l&#8217;investigaci\u00f3 i la tecnologia de la seguretat contra incendis \u2013 afiti<\/span><\/a><\/span><\/li>\n<li class=\"li1\"><span class=\"s3\"><a href=\"http:\/\/www.ctfuego.es\/\" target=\"_blank\" rel=\"noopener noreferrer\"><span class=\"s2\">Centre t\u00e8cnic del foc<\/span><\/a><\/span><\/li>\n<li class=\"li1\"><span class=\"s3\"><a href=\"http:\/\/www.112.es\/consejos\/incendio-de-un-edificio.html\" target=\"_blank\" rel=\"noopener noreferrer\"><span class=\"s2\">Consells del 112 per a casos d&#8217;incendi en un edifici<\/span><\/a><\/span><\/li>\n<li class=\"li1\"><span class=\"s3\"><a href=\"http:\/\/www.comserpro.com\/w\/prevencion-incendios-hogar\/\" target=\"_blank\" rel=\"noopener noreferrer\"><span class=\"s2\">Consells per prevenir incendis casolans<\/span><\/a><\/span><\/li>\n<li class=\"li1\"><span class=\"s3\"><a href=\"http:\/\/www.proteccioncivil.org\/\" target=\"_blank\" rel=\"noopener noreferrer\"><span class=\"s2\">Direcci\u00f3 general de protecci\u00f3 civil i emerg\u00e8ncies<\/span><\/a><\/span><\/li>\n<li class=\"li1\"><span class=\"s3\"><a href=\"http:\/\/www.aenor.es\/desarrollo\/inicio\/home\/home.asp\" target=\"_blank\" rel=\"noopener noreferrer\"><span class=\"s2\">Aenor<\/span><\/a><\/span><\/li>\n<\/ul>\n\t\t\t\t\t\t\t\t<\/div>\n\t\t\t\t\t<\/div>\n\t\t<\/div>\n\t\t\t\t<div class=\"elementor-column elementor-col-50 elementor-top-column elementor-element elementor-element-0fea95c\" data-id=\"0fea95c\" data-element_type=\"column\" data-e-type=\"column\">\n\t\t\t<div class=\"elementor-widget-wrap elementor-element-populated\">\n\t\t\t\t\t\t<div class=\"elementor-element elementor-element-4202eaa elementor-widget elementor-widget-heading\" data-id=\"4202eaa\" data-element_type=\"widget\" data-e-type=\"widget\" data-widget_type=\"heading.default\">\n\t\t\t\t\t<h2 class=\"elementor-heading-title elementor-size-default\">Normativa de Seguretat Contra Incendis<\/h2>\t\t\t\t<\/div>\n\t\t\t\t<div class=\"elementor-element elementor-element-b3d7b2e elementor-widget elementor-widget-text-editor\" data-id=\"b3d7b2e\" data-element_type=\"widget\" data-e-type=\"widget\" data-widget_type=\"text-editor.default\">\n\t\t\t\t\t\t\t\t\t<ul>\n<li class=\"li1\"><span class=\"s1\"><a href=\"http:\/\/www.f2i2.net\/legislacionseguridadindustrial\/Si_Ambito.aspx?id_am=49\" target=\"_blank\" rel=\"noopener noreferrer\"><span class=\"s2\">Normativa \u2013 RIPCI<\/span><\/a><\/span><\/li>\n<li class=\"li1\"><span class=\"s1\"><a href=\"http:\/\/www.f2i2.net\/legislacionseguridadindustrial\/Si_Ambito.aspx?id_am=97\" target=\"_blank\" rel=\"noopener noreferrer\"><span class=\"s2\">Normativa -RSCIEI<\/span><\/a><\/span><\/li>\n<li class=\"li1\"><span class=\"s1\"><a href=\"http:\/\/www.codigotecnico.org\/\" target=\"_blank\" rel=\"noopener noreferrer\"><span class=\"s2\">Normativa \u2013 CTE<\/span><\/a><\/span><\/li>\n<li class=\"li1\"><span class=\"s1\"><a href=\"http:\/\/interior.gencat.cat\/ca\/arees_dactuacio\/bombers\/prevencio_d_incendis\/normativa_aplicable\/\" target=\"_blank\" rel=\"noopener noreferrer\"><span class=\"s2\">Normativa Generalitat<\/span><\/a><\/span><\/li>\n<li class=\"li1\"><span class=\"s1\"><a href=\"http:\/\/interior.gencat.cat\/ca\/arees_dactuacio\/bombers\/prevencio_d_incendis\/\" target=\"_blank\" rel=\"noopener noreferrer\"><span class=\"s2\">Dpt Interior Generalitat \u2013 incendios<\/span><\/a><\/span><\/li>\n<li class=\"li1\"><span class=\"s1\"><a href=\"http:\/\/interior.gencat.cat\/ca\/arees_dactuacio\/bombers\/prevencio_d_incendis\/instruccions_guies_i_recomanacions\/fitxes_del_codi_tecnic_de_l_edificacio_per_usos\/\" target=\"_blank\" rel=\"noopener noreferrer\"><span class=\"s2\">Bombers \u2013 Fitxes d&#8217;usos segons CTE<\/span><\/a><\/span><\/li>\n<li class=\"li1\"><span class=\"s1\"><a href=\"http:\/\/interior.gencat.cat\/ca\/arees_dactuacio\/bombers\/prevencio_d_incendis\/instruccions_guies_i_recomanacions\/interpretacio_normativa_tinsci\/\" target=\"_blank\" rel=\"noopener noreferrer\"><span class=\"s2\">Interpretaci\u00f3 normativa de TINSCI (Taula per a la Interpretaci\u00f3 de la Normativa de Seguretat Contra Incendis)<\/span><\/a><\/span><\/li>\n<li class=\"li1\"><span class=\"s1\"><a href=\"http:\/\/interior.gencat.cat\/ca\/arees_dactuacio\/bombers\/prevencio_d_incendis\/instruccions_guies_i_recomanacions\/instruccions_tecniques_complementaries\/\" target=\"_blank\" rel=\"noopener noreferrer\"><span class=\"s2\">Bombers \u2013 Intruccions t\u00e8cniques<\/span><\/a><\/span><\/li>\n<li class=\"li1\"><span class=\"s1\"><a href=\"http:\/\/interior.gencat.cat\/ca\/arees_dactuacio\/bombers\/prevencio_d_incendis\/instruccions_guies_i_recomanacions\/Guies-tecniques\/\" target=\"_blank\" rel=\"noopener noreferrer\"><span class=\"s2\">Bombers \u2013 Guies T\u00e8cniques<\/span><\/a><\/span><\/li>\n<li class=\"li1\"><a href=\"https:\/\/www.abseguridad.com\/wp-content\/uploads\/2016\/03\/BOE-A-2017-6606.pdf\">NOVA NORMATIVA RIPCI<\/a><\/li>\n<\/ul>\n\t\t\t\t\t\t\t\t<\/div>\n\t\t\t\t\t<\/div>\n\t\t<\/div>\n\t\t\t\t\t<\/div>\n\t\t<\/section>\n\t\t\t\t<section class=\"elementor-section elementor-top-section elementor-element elementor-element-18dd170 elementor-section-boxed elementor-section-height-default elementor-section-height-default\" data-id=\"18dd170\" data-element_type=\"section\" data-e-type=\"section\">\n\t\t\t\t\t\t<div class=\"elementor-container elementor-column-gap-default\">\n\t\t\t\t\t<div class=\"elementor-column elementor-col-50 elementor-top-column elementor-element elementor-element-1c53b65\" data-id=\"1c53b65\" data-element_type=\"column\" data-e-type=\"column\">\n\t\t\t<div class=\"elementor-widget-wrap elementor-element-populated\">\n\t\t\t\t\t\t<div class=\"elementor-element elementor-element-9c81833 elementor-widget elementor-widget-heading\" data-id=\"9c81833\" data-element_type=\"widget\" data-e-type=\"widget\" data-widget_type=\"heading.default\">\n\t\t\t\t\t<h2 class=\"elementor-heading-title elementor-size-default\">Normativa Seguretat Privada<\/h2>\t\t\t\t<\/div>\n\t\t\t\t<div class=\"elementor-element elementor-element-96c7362 elementor-widget elementor-widget-text-editor\" data-id=\"96c7362\" data-element_type=\"widget\" data-e-type=\"widget\" data-widget_type=\"text-editor.default\">\n\t\t\t\t\t\t\t\t\t<ul>\n<li class=\"li1\"><span class=\"s1\"><a href=\"http:\/\/www.interior.gob.es\/web\/servicios-al-ciudadano\/personal-de-seguridad-privada\/normativa-basica-reguladora\" target=\"_blank\" rel=\"noopener noreferrer\"><span class=\"s2\">Normativa b\u00e0sica de Seguretat Privada<\/span><\/a><\/span><\/li>\n<li class=\"li1\"><span class=\"s3\"><a href=\"http:\/\/www.boe.es\/boe\/dias\/1992\/08\/04\/pdfs\/A27116-27122.pdf\" target=\"_blank\" rel=\"noopener noreferrer\"><span class=\"s2\">Llei de Seguretat Privada. 23\/1992, de 30 de Juliol<\/span><\/a><\/span><\/li>\n<li class=\"li1\"><span class=\"s3\"><a href=\"http:\/\/www.boe.es\/boe\/dias\/1995\/01\/10\/pdfs\/A00779-00815.pdf\" target=\"_blank\" rel=\"noopener noreferrer\"><span class=\"s2\">Reglament de Seguretat Privada<\/span><\/a><\/span><\/li>\n<li class=\"li1\"><span class=\"s3\"><a href=\"https:\/\/www.boe.es\/diario_boe\/txt.php?id=BOE-A-2011-3170\" target=\"_blank\" rel=\"noopener noreferrer\"><span class=\"s2\">Descripci\u00f3 dels graus de seguretat<\/span><\/a><\/span><\/li>\n<li class=\"li1\"><span class=\"s3\"><a href=\"http:\/\/www.agpd.es\/\" target=\"_blank\" rel=\"noopener noreferrer\"><span class=\"s2\">Ag\u00e8ncia Espanyola de Protecci\u00f3 de Dades<\/span><\/a><\/span><\/li>\n<li class=\"li1\"><span class=\"s3\"><a href=\"http:\/\/www.agpd.es\/portalwebAGPD\/canaldocumentacion\/publicaciones\/common\/pdfs\/guia_videovigilancia.pdf\" target=\"_blank\" rel=\"noopener noreferrer\"><span class=\"s2\">Guia de V\u00eddeo Vigil\u00e0ncia<\/span><\/a><\/span><\/li>\n<li class=\"li1\"><span class=\"s4\"><a href=\"http:\/\/www.sesseguridad.com\/documentos\/1328474412_1.pdf\" target=\"_blank\" rel=\"noopener noreferrer\">Guia pr\u00e0ctica de seguretat dirigida al comerciant. Q\u00fcestions que tracta i que considerem de gran inter\u00e9s per al comerciant i que tamb\u00e9 poden ser aplicables al \u00e0mbit residencial en algun dels seus punts. <\/a><\/span><\/li>\n<li class=\"li1\"><span class=\"s3\"><a href=\"http:\/\/interior.gencat.cat\/ca\/arees_dactuacio\/seguretat\/seguretat_privada\/normativa_basica\/\" target=\"_blank\" rel=\"noopener noreferrer\"><span class=\"s2\">Dpt Interior Generalitat- Normativa b\u00e0sica<\/span><\/a><\/span><\/li>\n<li class=\"li1\"><span class=\"s3\"><a href=\"http:\/\/interior.gencat.cat\/web\/sites\/interior\/.content\/home\/030_arees_dactuacio\/seguretat\/seguretat_privada\/normativa_basica\/enllacos\/BOE-A-2014-3649-C.pdf\" target=\"_blank\" rel=\"noopener noreferrer\"><span class=\"s2\">BOE-A-2014-3649-C<\/span><\/a><\/span><\/li>\n<li class=\"li1\"><span class=\"s3\"><a href=\"http:\/\/interior.gencat.cat\/ca\/arees_dactuacio\/seguretat\/seguretat_privada\/\" target=\"_blank\" rel=\"noopener noreferrer\"><span class=\"s2\">Dpt interior Generalitat \u2013 \u00c0rees d&#8217;actuaci\u00f3<\/span><\/a><\/span><\/li>\n<li class=\"li1\"><span class=\"s3\"><span class=\"s2\"><a href=\"http:\/\/interior.gencat.cat\/ca\/arees_dactuacio\/seguretat\/seguretat_privada\/empreses_de_seguretat_privada\/\" target=\"_blank\" rel=\"noopener noreferrer\">Dpt interior Generalitat \u2013 Empreses de seguretat privada<\/a><\/span><\/span><\/li>\n<li class=\"li1\"> <\/li>\n<\/ul>\n\t\t\t\t\t\t\t\t<\/div>\n\t\t\t\t\t<\/div>\n\t\t<\/div>\n\t\t\t\t<div class=\"elementor-column elementor-col-50 elementor-top-column elementor-element elementor-element-a847734\" data-id=\"a847734\" data-element_type=\"column\" data-e-type=\"column\">\n\t\t\t<div class=\"elementor-widget-wrap elementor-element-populated\">\n\t\t\t\t\t\t<div class=\"elementor-element elementor-element-130715e elementor-widget elementor-widget-text-editor\" data-id=\"130715e\" data-element_type=\"widget\" data-e-type=\"widget\" data-widget_type=\"text-editor.default\">\n\t\t\t\t\t\t\t\t\t<ul>\n<li class=\"li1\"><span class=\"s3\"><a href=\"http:\/\/interior.gencat.cat\/ca\/arees_dactuacio\/seguretat\/seguretat_privada\/criteris_per_manteniment_de_sistemes_de_seguretat_i_comunicacio_a_mossos\/\" target=\"_blank\" rel=\"noopener noreferrer\"><span class=\"s2\">Criteris de manteniment de sistemes de seguretat i comunicaci\u00f3 a Mossos<\/span><\/a><\/span><\/li>\n<li class=\"li1\"><span class=\"s3\"><a href=\"http:\/\/ispc.gencat.cat\/ca\/\" target=\"_blank\" rel=\"noopener noreferrer\"><span class=\"s2\">Institut de Seguretat P\u00fablica de Catalunya<\/span><\/a><\/span><\/li>\n<li class=\"li1\"><span class=\"s3\"><a href=\"http:\/\/interior.gencat.cat\/ca\/arees_dactuacio\/seguretat\/seguretat_privada\/establiments_obligats_a_disposar_de_mesures_de_seguretat\/\" target=\"_blank\" rel=\"noopener noreferrer\"><span class=\"s2\">Dpt Interior de la Generalitat \u2013 Establiments obligats a disposar de mesures de seguretat<\/span><\/a><\/span>\n<ul>\n<li class=\"li1\"><span class=\"s3\"><a href=\"http:\/\/interior.gencat.cat\/ca\/arees_dactuacio\/seguretat\/seguretat_privada\/establiments_obligats_a_disposar_de_mesures_de_seguretat\/estacions_de_servei\/\" target=\"_blank\" rel=\"noopener noreferrer\"><span class=\"s2\">Estacions de servei<\/span><\/a><\/span><\/li>\n<li class=\"li1\"><span class=\"s3\"><a href=\"http:\/\/interior.gencat.cat\/ca\/arees_dactuacio\/seguretat\/seguretat_privada\/establiments_obligats_a_disposar_de_mesures_de_seguretat\/oficines_de_farmacia\/\" target=\"_blank\" rel=\"noopener noreferrer\"><span class=\"s2\">Farm\u00e0cies<\/span><\/a><\/span><\/li>\n<li class=\"li1\"><span class=\"s3\"><a href=\"http:\/\/interior.gencat.cat\/ca\/arees_dactuacio\/seguretat\/seguretat_privada\/establiments_obligats_a_disposar_de_mesures_de_seguretat\/bancs_caixes_destalvi_i_altres_entitats_de_credit\/\" target=\"_blank\" rel=\"noopener noreferrer\"><span class=\"s2\">Bancs, caixes i entitats de cr\u00e8dit<\/span><\/a><\/span><\/li>\n<li class=\"li1\"><span class=\"s3\"><a href=\"http:\/\/interior.gencat.cat\/ca\/arees_dactuacio\/seguretat\/seguretat_privada\/establiments_obligats_a_disposar_de_mesures_de_seguretat\/joieries_argenteries_i_tallers_de_joieria_o_argenteria\/\" target=\"_blank\" rel=\"noopener noreferrer\"><span class=\"s2\">Joieries i similars<\/span><\/a><\/span><\/li>\n<li class=\"li1\"><span class=\"s3\"><a href=\"http:\/\/interior.gencat.cat\/ca\/arees_dactuacio\/seguretat\/seguretat_privada\/establiments_obligats_a_disposar_de_mesures_de_seguretat\/galeries_dart_antiquaris_i_establiments_on_habitualment_\/\" target=\"_blank\" rel=\"noopener noreferrer\"><span class=\"s2\">Galeries d&#8217;art i antiquaris<\/span><\/a><\/span><\/li>\n<li class=\"li1\"><span class=\"s3\"><a href=\"http:\/\/interior.gencat.cat\/ca\/arees_dactuacio\/seguretat\/seguretat_privada\/establiments_obligats_a_disposar_de_mesures_de_seguretat\/loteries_i_despatxos_dapostes_mutues\/\" target=\"_blank\" rel=\"noopener noreferrer\"><span class=\"s2\">Loteries i apostes<\/span><\/a><\/span><\/li>\n<li class=\"li1\"><span class=\"s3\"><a href=\"http:\/\/interior.gencat.cat\/ca\/arees_dactuacio\/seguretat\/seguretat_privada\/establiments_obligats_a_disposar_de_mesures_de_seguretat\/establiments_de_joc\/\" target=\"_blank\" rel=\"noopener noreferrer\"><span class=\"s2\">Locals de joc<\/span><\/a><\/span><\/li>\n<li><span class=\"s3\"><a href=\"https:\/\/www.abseguridad.com\/wp-content\/uploads\/2020\/09\/BOE-A-2020-10366.pdf\" target=\"_blank\" rel=\"noopener noreferrer\"><span class=\"s2\">Nova<\/span><\/a><\/span><\/li>\n<li><span class=\"s3\"><a href=\"https:\/\/www.abseguridad.com\/wp-content\/uploads\/2020\/09\/BOE-A-2020-10366.pdf\" target=\"_blank\" rel=\"noopener noreferrer\"><span class=\"s2\">Nova morat\u00f2ria actualitzaci\u00f3 sistema d&#8217;alarma (BOE-A-2020-10366)<\/span><\/a><\/span><\/li>\n<\/ul>\n<\/li>\n<\/ul>\n\t\t\t\t\t\t\t\t<\/div>\n\t\t\t\t\t<\/div>\n\t\t<\/div>\n\t\t\t\t\t<\/div>\n\t\t<\/section>\n\t\t\t\t<\/div>\n\t\t","protected":false},"excerpt":{"rendered":"<p>Serveis Instal\u00b7lacions Contra Incendi Associaci\u00f3 de professionals d&#8217;ingenieria de protecci\u00f3 contra incendis &#8211; apici Associaci\u00f3 espanyola d&#8217;empreses instal\u00b7ladores i mantenidores de sistemes contra incendis &#8211; aerme Associaci\u00f3 espanyola de societats de protecci\u00f3 contra incendis \u2013 tecnifuego \u2013 aespi Associaci\u00f3 per la fomentaci\u00f3 de l&#8217;investigaci\u00f3 i la tecnologia de la seguretat contra incendis \u2013 afiti Centre [&hellip;]<\/p>\n","protected":false},"author":49,"featured_media":0,"parent":0,"menu_order":0,"comment_status":"closed","ping_status":"closed","template":"elementor_header_footer","meta":{"footnotes":""},"class_list":["post-2978","page","type-page","status-publish","hentry"],"yoast_head":"<!-- This site is optimized with the Yoast SEO plugin v27.5 - https:\/\/yoast.com\/product\/yoast-seo-wordpress\/ -->\n<title>Desc\u00e0rregues i Normativa - AB Seguridad<\/title>\n<meta name=\"description\" content=\"Desc\u00e0rregues de documents sobre seguretat i normativa contra incendis a la p\u00e0gina d&#039;AB Seguretat.\" \/>\n<meta name=\"robots\" content=\"index, follow, max-snippet:-1, max-image-preview:large, max-video-preview:-1\" \/>\n<link rel=\"canonical\" href=\"https:\/\/www.abseguridad.com\/ca\/descarregues-i-normativa\/\" \/>\n<meta property=\"og:locale\" content=\"ca_ES\" \/>\n<meta property=\"og:type\" content=\"article\" \/>\n<meta property=\"og:title\" content=\"Desc\u00e0rregues i Normativa - AB Seguridad\" \/>\n<meta property=\"og:description\" content=\"Desc\u00e0rregues de documents sobre seguretat i normativa contra incendis a la p\u00e0gina d&#039;AB Seguretat.\" \/>\n<meta property=\"og:url\" content=\"https:\/\/www.abseguridad.com\/ca\/descarregues-i-normativa\/\" \/>\n<meta property=\"og:site_name\" content=\"AB Seguridad\" \/>\n<meta property=\"article:modified_time\" content=\"2021-11-17T09:19:02+00:00\" \/>\n<meta name=\"twitter:card\" content=\"summary_large_image\" \/>\n<meta name=\"twitter:site\" content=\"@ab_seguridad\" \/>\n<meta name=\"twitter:label1\" content=\"Temps estimat de lectura\" \/>\n\t<meta name=\"twitter:data1\" content=\"1 minute\" \/>\n<script type=\"application\/ld+json\" class=\"yoast-schema-graph\">{\"@context\":\"https:\\\/\\\/schema.org\",\"@graph\":[{\"@type\":\"WebPage\",\"@id\":\"https:\\\/\\\/www.abseguridad.com\\\/ca\\\/descarregues-i-normativa\\\/\",\"url\":\"https:\\\/\\\/www.abseguridad.com\\\/ca\\\/descarregues-i-normativa\\\/\",\"name\":\"Desc\u00e0rregues i Normativa - AB Seguridad\",\"isPartOf\":{\"@id\":\"https:\\\/\\\/www.abseguridad.com\\\/ca\\\/#website\"},\"datePublished\":\"2021-11-17T09:18:59+00:00\",\"dateModified\":\"2021-11-17T09:19:02+00:00\",\"description\":\"Desc\u00e0rregues de documents sobre seguretat i normativa contra incendis a la p\u00e0gina d'AB Seguretat.\",\"breadcrumb\":{\"@id\":\"https:\\\/\\\/www.abseguridad.com\\\/ca\\\/descarregues-i-normativa\\\/#breadcrumb\"},\"inLanguage\":\"ca\",\"potentialAction\":[{\"@type\":\"ReadAction\",\"target\":[\"https:\\\/\\\/www.abseguridad.com\\\/ca\\\/descarregues-i-normativa\\\/\"]}]},{\"@type\":\"BreadcrumbList\",\"@id\":\"https:\\\/\\\/www.abseguridad.com\\\/ca\\\/descarregues-i-normativa\\\/#breadcrumb\",\"itemListElement\":[{\"@type\":\"ListItem\",\"position\":1,\"name\":\"Portada\",\"item\":\"https:\\\/\\\/www.abseguridad.com\\\/ca\\\/inici\\\/\"},{\"@type\":\"ListItem\",\"position\":2,\"name\":\"Desc\u00e0rregues i Normativa\"}]},{\"@type\":\"WebSite\",\"@id\":\"https:\\\/\\\/www.abseguridad.com\\\/ca\\\/#website\",\"url\":\"https:\\\/\\\/www.abseguridad.com\\\/ca\\\/\",\"name\":\"AB Seguridad\",\"description\":\"Seguridad y Contraincendios en Barcelona\",\"publisher\":{\"@id\":\"https:\\\/\\\/www.abseguridad.com\\\/ca\\\/#organization\"},\"potentialAction\":[{\"@type\":\"SearchAction\",\"target\":{\"@type\":\"EntryPoint\",\"urlTemplate\":\"https:\\\/\\\/www.abseguridad.com\\\/ca\\\/?s={search_term_string}\"},\"query-input\":{\"@type\":\"PropertyValueSpecification\",\"valueRequired\":true,\"valueName\":\"search_term_string\"}}],\"inLanguage\":\"ca\"},{\"@type\":\"Organization\",\"@id\":\"https:\\\/\\\/www.abseguridad.com\\\/ca\\\/#organization\",\"name\":\"AB Seguridad\",\"url\":\"https:\\\/\\\/www.abseguridad.com\\\/ca\\\/\",\"logo\":{\"@type\":\"ImageObject\",\"inLanguage\":\"ca\",\"@id\":\"https:\\\/\\\/www.abseguridad.com\\\/ca\\\/#\\\/schema\\\/logo\\\/image\\\/\",\"url\":\"https:\\\/\\\/www.abseguridad.com\\\/wp-content\\\/uploads\\\/2021\\\/06\\\/ab_seguridad_OK.png\",\"contentUrl\":\"https:\\\/\\\/www.abseguridad.com\\\/wp-content\\\/uploads\\\/2021\\\/06\\\/ab_seguridad_OK.png\",\"width\":260,\"height\":190,\"caption\":\"AB Seguridad\"},\"image\":{\"@id\":\"https:\\\/\\\/www.abseguridad.com\\\/ca\\\/#\\\/schema\\\/logo\\\/image\\\/\"},\"sameAs\":[\"https:\\\/\\\/x.com\\\/ab_seguridad\",\"https:\\\/\\\/es.linkedin.com\\\/company\\\/ab-seguridad\"]}]}<\/script>\n<!-- \/ Yoast SEO plugin. -->","yoast_head_json":{"title":"Desc\u00e0rregues i Normativa - AB Seguridad","description":"Desc\u00e0rregues de documents sobre seguretat i normativa contra incendis a la p\u00e0gina d'AB Seguretat.","robots":{"index":"index","follow":"follow","max-snippet":"max-snippet:-1","max-image-preview":"max-image-preview:large","max-video-preview":"max-video-preview:-1"},"canonical":"https:\/\/www.abseguridad.com\/ca\/descarregues-i-normativa\/","og_locale":"ca_ES","og_type":"article","og_title":"Desc\u00e0rregues i Normativa - AB Seguridad","og_description":"Desc\u00e0rregues de documents sobre seguretat i normativa contra incendis a la p\u00e0gina d'AB Seguretat.","og_url":"https:\/\/www.abseguridad.com\/ca\/descarregues-i-normativa\/","og_site_name":"AB Seguridad","article_modified_time":"2021-11-17T09:19:02+00:00","twitter_card":"summary_large_image","twitter_site":"@ab_seguridad","twitter_misc":{"Temps estimat de lectura":"1 minute"},"schema":{"@context":"https:\/\/schema.org","@graph":[{"@type":"WebPage","@id":"https:\/\/www.abseguridad.com\/ca\/descarregues-i-normativa\/","url":"https:\/\/www.abseguridad.com\/ca\/descarregues-i-normativa\/","name":"Desc\u00e0rregues i Normativa - AB Seguridad","isPartOf":{"@id":"https:\/\/www.abseguridad.com\/ca\/#website"},"datePublished":"2021-11-17T09:18:59+00:00","dateModified":"2021-11-17T09:19:02+00:00","description":"Desc\u00e0rregues de documents sobre seguretat i normativa contra incendis a la p\u00e0gina d'AB Seguretat.","breadcrumb":{"@id":"https:\/\/www.abseguridad.com\/ca\/descarregues-i-normativa\/#breadcrumb"},"inLanguage":"ca","potentialAction":[{"@type":"ReadAction","target":["https:\/\/www.abseguridad.com\/ca\/descarregues-i-normativa\/"]}]},{"@type":"BreadcrumbList","@id":"https:\/\/www.abseguridad.com\/ca\/descarregues-i-normativa\/#breadcrumb","itemListElement":[{"@type":"ListItem","position":1,"name":"Portada","item":"https:\/\/www.abseguridad.com\/ca\/inici\/"},{"@type":"ListItem","position":2,"name":"Desc\u00e0rregues i Normativa"}]},{"@type":"WebSite","@id":"https:\/\/www.abseguridad.com\/ca\/#website","url":"https:\/\/www.abseguridad.com\/ca\/","name":"AB Seguridad","description":"Seguridad y Contraincendios en Barcelona","publisher":{"@id":"https:\/\/www.abseguridad.com\/ca\/#organization"},"potentialAction":[{"@type":"SearchAction","target":{"@type":"EntryPoint","urlTemplate":"https:\/\/www.abseguridad.com\/ca\/?s={search_term_string}"},"query-input":{"@type":"PropertyValueSpecification","valueRequired":true,"valueName":"search_term_string"}}],"inLanguage":"ca"},{"@type":"Organization","@id":"https:\/\/www.abseguridad.com\/ca\/#organization","name":"AB Seguridad","url":"https:\/\/www.abseguridad.com\/ca\/","logo":{"@type":"ImageObject","inLanguage":"ca","@id":"https:\/\/www.abseguridad.com\/ca\/#\/schema\/logo\/image\/","url":"https:\/\/www.abseguridad.com\/wp-content\/uploads\/2021\/06\/ab_seguridad_OK.png","contentUrl":"https:\/\/www.abseguridad.com\/wp-content\/uploads\/2021\/06\/ab_seguridad_OK.png","width":260,"height":190,"caption":"AB Seguridad"},"image":{"@id":"https:\/\/www.abseguridad.com\/ca\/#\/schema\/logo\/image\/"},"sameAs":["https:\/\/x.com\/ab_seguridad","https:\/\/es.linkedin.com\/company\/ab-seguridad"]}]}},"_links":{"self":[{"href":"https:\/\/www.abseguridad.com\/ca\/wp-json\/wp\/v2\/pages\/2978","targetHints":{"allow":["GET"]}}],"collection":[{"href":"https:\/\/www.abseguridad.com\/ca\/wp-json\/wp\/v2\/pages"}],"about":[{"href":"https:\/\/www.abseguridad.com\/ca\/wp-json\/wp\/v2\/types\/page"}],"author":[{"embeddable":true,"href":"https:\/\/www.abseguridad.com\/ca\/wp-json\/wp\/v2\/users\/49"}],"replies":[{"embeddable":true,"href":"https:\/\/www.abseguridad.com\/ca\/wp-json\/wp\/v2\/comments?post=2978"}],"version-history":[{"count":0,"href":"https:\/\/www.abseguridad.com\/ca\/wp-json\/wp\/v2\/pages\/2978\/revisions"}],"wp:attachment":[{"href":"https:\/\/www.abseguridad.com\/ca\/wp-json\/wp\/v2\/media?parent=2978"}],"curies":[{"name":"wp","href":"https:\/\/api.w.org\/{rel}","templated":true}]}}