{"id":2976,"date":"2021-11-17T09:50:21","date_gmt":"2021-11-17T08:50:21","guid":{"rendered":"https:\/\/www.abseguridad.com\/control-daccessos-i-presencia\/"},"modified":"2021-11-17T09:50:26","modified_gmt":"2021-11-17T08:50:26","slug":"control-daccessos-i-presencia","status":"publish","type":"page","link":"https:\/\/www.abseguridad.com\/ca\/control-daccessos-i-presencia\/","title":{"rendered":"Control d&#8217;accessos i pres\u00e8ncia"},"content":{"rendered":"<p>En <a href=\"https:\/\/www.abseguridad.com\/empresa-de-seguridad\/\">AB Seguretat<\/a> tenim un \u00fanic objectiu, garantitzar la protecci\u00f3 i seguretat de les persones i la dels seus b\u00e9ns en qualsevol entorn. Per assegurar que s&#8217;asoleix aquest objectiu, dissenyem i instal\u00b7lem sistemes de Control d&#8217;Accessos i pres\u00e8ncia a mesura de les necessitats dels nostres clients.<\/p>\n<p>A partir del <a href=\"https:\/\/www.abseguridad.com\/proyectos-de-seguridad\/\">Projecte de Seguretat<\/a>, fixem les necessitats i prioritats en materia de Control d&#8217;Accessos responent als requisits adeq\u00fcats a cada situaci\u00f3.<\/p>\n<p>Instal\u00b7lem productes d&#8217;\u00faltima generaci\u00f3, el que garantitza la prevenci\u00f3 amb total seguretat l&#8217;acc\u00e9s no autoritzat o restringit en les instal\u00b7lacions dels nostres clients.<\/p>\n<p>El sistema de control d&#8217;accessos tamb\u00e9 s&#8217;utilitza per controlar l&#8217;entrada a \u00e0rees sensibles de les instal\u00b7lacions, amb sofisticats punts de vigil\u00e0ncia, i al mateix temps recopila i analitza el tr\u00e0nsit de persones en les instal\u00b7lacions. Aix\u00f2 inclou control d&#8217;accessos a vehicles, aix\u00ed com la gesti\u00f3 d&#8217;informaci\u00f3 cr\u00edtica.<\/p>\n<p>Ens adaptem a cada client, instal\u00b7lant sistemes aut\u00f2noms o modulars, per a un \u00fanic local o per a un conjunt d&#8217;edificis que hagin de disposar d&#8217;una gesti\u00f3 centralitzada. ELs nostres sistemes de control d&#8217;accessos es podesn associar als <a href=\"https:\/\/www.abseguridad.com\/instalacion-de-camaras-de-seguridad\/\">sistemes de CCTV<\/a>, a <a href=\"https:\/\/www.abseguridad.com\/sistemas-de-seguridad-anti-intrusion\/\">sistemes anti intrusi\u00f3<\/a>, aix\u00ed com a controls horaris del personal.<\/p>\n<p>La tecnologia que fem servir per al nostre control d&#8217;accessos es pot adaptar als seg\u00fcents mitjans de control o combinaci\u00f3 d&#8217;aquests:<\/p>\n<ul>\n<li>Codi d&#8217;entrada.<\/li>\n<li>Lectura de targeta.<\/li>\n<li>Lectura de matr\u00edcula.<\/li>\n<li>Control biom\u00e8tric d&#8217;empremta dactilar, amb aprenentatge i detecci\u00f3 d&#8217;empremta viva.<\/li>\n<li>Control facial.<\/li>\n<li>Control d&#8217;iris dels ulls per aplacions d&#8217;alta seguretat.<\/li>\n<\/ul>\n<p>Oferim solucions corporatives per empreses amb distribuci\u00f3 territorial dels seus negocis que necessiten un control homogeni, des de un \u00fanic punt i que integri tots els sistemes instal\u00b7lats en diferents ubicacions. AB Seguretat tamb\u00e9 suministra i instal\u00b7la les barreres f\u00edsiques (torns i similars) associades al sistema de Control d&#8217;Accessos.<\/p>\n<p>Disposem d&#8217;una gran varietat de sistemes per totes les necessitats de seguretat, amb especificacions especials per ubicacions espec\u00edfiques (interior i exterior), amb caracter\u00edstiques de conteig de persones, antipassback, llistes negres, etc. i a m\u00e9s, els elements visibles del sistema comptem amb un incre\u00edble disseny que s&#8217;integra excelentment a l&#8217;entorn.<\/p>\n<p>Si el que est\u00e0 buscant en una empresa de seguretat, \u00e9s que li ofereixi assessorament profesional i un servei integral acord a les seves necessitats, AB Seguretat \u00e9s la soluci\u00f3, es pot posar en contacte amb nosaltres <a href=\"http:\/\/www.abseguridad.com\/contacto\/\">omplint el q\u00fcestionari<\/a> o si ho prefereix truqui&#8217;ns al tel\u00e8fon <a href=\"tel:932936673\">932936673<\/a> on li atindrem personalment.<\/p>\n<p>Estem a la seva disposici\u00f3!<\/p>\n","protected":false},"excerpt":{"rendered":"<p>En AB Seguretat tenim un \u00fanic objectiu, garantitzar la protecci\u00f3 i seguretat de les persones i la dels seus b\u00e9ns en qualsevol entorn. Per assegurar que s&#8217;asoleix aquest objectiu, dissenyem i instal\u00b7lem sistemes de Control d&#8217;Accessos i pres\u00e8ncia a mesura de les necessitats dels nostres clients. A partir del Projecte de Seguretat, fixem les necessitats [&hellip;]<\/p>\n","protected":false},"author":49,"featured_media":2713,"parent":0,"menu_order":0,"comment_status":"closed","ping_status":"closed","template":"elementor_header_footer","meta":{"footnotes":""},"class_list":["post-2976","page","type-page","status-publish","has-post-thumbnail","hentry"],"yoast_head":"<!-- This site is optimized with the Yoast SEO plugin v27.5 - https:\/\/yoast.com\/product\/yoast-seo-wordpress\/ -->\n<title>Control d&#039;accessos i pres\u00e8ncia - AB Seguridad<\/title>\n<meta name=\"description\" content=\"A AB Seguretat som especialistes en la instal\u00b7laci\u00f3 i el manteniment de sistemes de control d&#039;accessos i pres\u00e8ncia a empreses.\" \/>\n<meta name=\"robots\" content=\"index, follow, max-snippet:-1, max-image-preview:large, max-video-preview:-1\" \/>\n<link rel=\"canonical\" href=\"https:\/\/www.abseguridad.com\/ca\/control-daccessos-i-presencia\/\" \/>\n<meta property=\"og:locale\" content=\"ca_ES\" \/>\n<meta property=\"og:type\" content=\"article\" \/>\n<meta property=\"og:title\" content=\"Control d&#039;accessos i pres\u00e8ncia - AB Seguridad\" \/>\n<meta property=\"og:description\" content=\"A AB Seguretat som especialistes en la instal\u00b7laci\u00f3 i el manteniment de sistemes de control d&#039;accessos i pres\u00e8ncia a empreses.\" \/>\n<meta property=\"og:url\" content=\"https:\/\/www.abseguridad.com\/ca\/control-daccessos-i-presencia\/\" \/>\n<meta property=\"og:site_name\" content=\"AB Seguridad\" \/>\n<meta property=\"article:modified_time\" content=\"2021-11-17T08:50:26+00:00\" \/>\n<meta property=\"og:image\" content=\"https:\/\/www.abseguridad.com\/wp-content\/uploads\/2016\/04\/control-de-accesos.jpg\" \/>\n\t<meta property=\"og:image:width\" content=\"1688\" \/>\n\t<meta property=\"og:image:height\" content=\"1125\" \/>\n\t<meta property=\"og:image:type\" content=\"image\/jpeg\" \/>\n<meta name=\"twitter:card\" content=\"summary_large_image\" \/>\n<meta name=\"twitter:site\" content=\"@ab_seguridad\" \/>\n<meta name=\"twitter:label1\" content=\"Temps estimat de lectura\" \/>\n\t<meta name=\"twitter:data1\" content=\"2 minutes\" \/>\n<script type=\"application\/ld+json\" class=\"yoast-schema-graph\">{\"@context\":\"https:\\\/\\\/schema.org\",\"@graph\":[{\"@type\":\"WebPage\",\"@id\":\"https:\\\/\\\/www.abseguridad.com\\\/ca\\\/control-daccessos-i-presencia\\\/\",\"url\":\"https:\\\/\\\/www.abseguridad.com\\\/ca\\\/control-daccessos-i-presencia\\\/\",\"name\":\"Control d'accessos i pres\u00e8ncia - AB Seguridad\",\"isPartOf\":{\"@id\":\"https:\\\/\\\/www.abseguridad.com\\\/ca\\\/#website\"},\"primaryImageOfPage\":{\"@id\":\"https:\\\/\\\/www.abseguridad.com\\\/ca\\\/control-daccessos-i-presencia\\\/#primaryimage\"},\"image\":{\"@id\":\"https:\\\/\\\/www.abseguridad.com\\\/ca\\\/control-daccessos-i-presencia\\\/#primaryimage\"},\"thumbnailUrl\":\"https:\\\/\\\/www.abseguridad.com\\\/wp-content\\\/uploads\\\/2016\\\/04\\\/control-de-accesos.jpg\",\"datePublished\":\"2021-11-17T08:50:21+00:00\",\"dateModified\":\"2021-11-17T08:50:26+00:00\",\"description\":\"A AB Seguretat som especialistes en la instal\u00b7laci\u00f3 i el manteniment de sistemes de control d'accessos i pres\u00e8ncia a empreses.\",\"breadcrumb\":{\"@id\":\"https:\\\/\\\/www.abseguridad.com\\\/ca\\\/control-daccessos-i-presencia\\\/#breadcrumb\"},\"inLanguage\":\"ca\",\"potentialAction\":[{\"@type\":\"ReadAction\",\"target\":[\"https:\\\/\\\/www.abseguridad.com\\\/ca\\\/control-daccessos-i-presencia\\\/\"]}]},{\"@type\":\"ImageObject\",\"inLanguage\":\"ca\",\"@id\":\"https:\\\/\\\/www.abseguridad.com\\\/ca\\\/control-daccessos-i-presencia\\\/#primaryimage\",\"url\":\"https:\\\/\\\/www.abseguridad.com\\\/wp-content\\\/uploads\\\/2016\\\/04\\\/control-de-accesos.jpg\",\"contentUrl\":\"https:\\\/\\\/www.abseguridad.com\\\/wp-content\\\/uploads\\\/2016\\\/04\\\/control-de-accesos.jpg\",\"width\":1688,\"height\":1125},{\"@type\":\"BreadcrumbList\",\"@id\":\"https:\\\/\\\/www.abseguridad.com\\\/ca\\\/control-daccessos-i-presencia\\\/#breadcrumb\",\"itemListElement\":[{\"@type\":\"ListItem\",\"position\":1,\"name\":\"Portada\",\"item\":\"https:\\\/\\\/www.abseguridad.com\\\/ca\\\/inici\\\/\"},{\"@type\":\"ListItem\",\"position\":2,\"name\":\"Control d&#8217;accessos i pres\u00e8ncia\"}]},{\"@type\":\"WebSite\",\"@id\":\"https:\\\/\\\/www.abseguridad.com\\\/ca\\\/#website\",\"url\":\"https:\\\/\\\/www.abseguridad.com\\\/ca\\\/\",\"name\":\"AB Seguridad\",\"description\":\"Seguridad y Contraincendios en Barcelona\",\"publisher\":{\"@id\":\"https:\\\/\\\/www.abseguridad.com\\\/ca\\\/#organization\"},\"potentialAction\":[{\"@type\":\"SearchAction\",\"target\":{\"@type\":\"EntryPoint\",\"urlTemplate\":\"https:\\\/\\\/www.abseguridad.com\\\/ca\\\/?s={search_term_string}\"},\"query-input\":{\"@type\":\"PropertyValueSpecification\",\"valueRequired\":true,\"valueName\":\"search_term_string\"}}],\"inLanguage\":\"ca\"},{\"@type\":\"Organization\",\"@id\":\"https:\\\/\\\/www.abseguridad.com\\\/ca\\\/#organization\",\"name\":\"AB Seguridad\",\"url\":\"https:\\\/\\\/www.abseguridad.com\\\/ca\\\/\",\"logo\":{\"@type\":\"ImageObject\",\"inLanguage\":\"ca\",\"@id\":\"https:\\\/\\\/www.abseguridad.com\\\/ca\\\/#\\\/schema\\\/logo\\\/image\\\/\",\"url\":\"https:\\\/\\\/www.abseguridad.com\\\/wp-content\\\/uploads\\\/2021\\\/06\\\/ab_seguridad_OK.png\",\"contentUrl\":\"https:\\\/\\\/www.abseguridad.com\\\/wp-content\\\/uploads\\\/2021\\\/06\\\/ab_seguridad_OK.png\",\"width\":260,\"height\":190,\"caption\":\"AB Seguridad\"},\"image\":{\"@id\":\"https:\\\/\\\/www.abseguridad.com\\\/ca\\\/#\\\/schema\\\/logo\\\/image\\\/\"},\"sameAs\":[\"https:\\\/\\\/x.com\\\/ab_seguridad\",\"https:\\\/\\\/es.linkedin.com\\\/company\\\/ab-seguridad\"]}]}<\/script>\n<!-- \/ Yoast SEO plugin. -->","yoast_head_json":{"title":"Control d'accessos i pres\u00e8ncia - AB Seguridad","description":"A AB Seguretat som especialistes en la instal\u00b7laci\u00f3 i el manteniment de sistemes de control d'accessos i pres\u00e8ncia a empreses.","robots":{"index":"index","follow":"follow","max-snippet":"max-snippet:-1","max-image-preview":"max-image-preview:large","max-video-preview":"max-video-preview:-1"},"canonical":"https:\/\/www.abseguridad.com\/ca\/control-daccessos-i-presencia\/","og_locale":"ca_ES","og_type":"article","og_title":"Control d'accessos i pres\u00e8ncia - AB Seguridad","og_description":"A AB Seguretat som especialistes en la instal\u00b7laci\u00f3 i el manteniment de sistemes de control d'accessos i pres\u00e8ncia a empreses.","og_url":"https:\/\/www.abseguridad.com\/ca\/control-daccessos-i-presencia\/","og_site_name":"AB Seguridad","article_modified_time":"2021-11-17T08:50:26+00:00","og_image":[{"width":1688,"height":1125,"url":"https:\/\/www.abseguridad.com\/wp-content\/uploads\/2016\/04\/control-de-accesos.jpg","type":"image\/jpeg"}],"twitter_card":"summary_large_image","twitter_site":"@ab_seguridad","twitter_misc":{"Temps estimat de lectura":"2 minutes"},"schema":{"@context":"https:\/\/schema.org","@graph":[{"@type":"WebPage","@id":"https:\/\/www.abseguridad.com\/ca\/control-daccessos-i-presencia\/","url":"https:\/\/www.abseguridad.com\/ca\/control-daccessos-i-presencia\/","name":"Control d'accessos i pres\u00e8ncia - AB Seguridad","isPartOf":{"@id":"https:\/\/www.abseguridad.com\/ca\/#website"},"primaryImageOfPage":{"@id":"https:\/\/www.abseguridad.com\/ca\/control-daccessos-i-presencia\/#primaryimage"},"image":{"@id":"https:\/\/www.abseguridad.com\/ca\/control-daccessos-i-presencia\/#primaryimage"},"thumbnailUrl":"https:\/\/www.abseguridad.com\/wp-content\/uploads\/2016\/04\/control-de-accesos.jpg","datePublished":"2021-11-17T08:50:21+00:00","dateModified":"2021-11-17T08:50:26+00:00","description":"A AB Seguretat som especialistes en la instal\u00b7laci\u00f3 i el manteniment de sistemes de control d'accessos i pres\u00e8ncia a empreses.","breadcrumb":{"@id":"https:\/\/www.abseguridad.com\/ca\/control-daccessos-i-presencia\/#breadcrumb"},"inLanguage":"ca","potentialAction":[{"@type":"ReadAction","target":["https:\/\/www.abseguridad.com\/ca\/control-daccessos-i-presencia\/"]}]},{"@type":"ImageObject","inLanguage":"ca","@id":"https:\/\/www.abseguridad.com\/ca\/control-daccessos-i-presencia\/#primaryimage","url":"https:\/\/www.abseguridad.com\/wp-content\/uploads\/2016\/04\/control-de-accesos.jpg","contentUrl":"https:\/\/www.abseguridad.com\/wp-content\/uploads\/2016\/04\/control-de-accesos.jpg","width":1688,"height":1125},{"@type":"BreadcrumbList","@id":"https:\/\/www.abseguridad.com\/ca\/control-daccessos-i-presencia\/#breadcrumb","itemListElement":[{"@type":"ListItem","position":1,"name":"Portada","item":"https:\/\/www.abseguridad.com\/ca\/inici\/"},{"@type":"ListItem","position":2,"name":"Control d&#8217;accessos i pres\u00e8ncia"}]},{"@type":"WebSite","@id":"https:\/\/www.abseguridad.com\/ca\/#website","url":"https:\/\/www.abseguridad.com\/ca\/","name":"AB Seguridad","description":"Seguridad y Contraincendios en Barcelona","publisher":{"@id":"https:\/\/www.abseguridad.com\/ca\/#organization"},"potentialAction":[{"@type":"SearchAction","target":{"@type":"EntryPoint","urlTemplate":"https:\/\/www.abseguridad.com\/ca\/?s={search_term_string}"},"query-input":{"@type":"PropertyValueSpecification","valueRequired":true,"valueName":"search_term_string"}}],"inLanguage":"ca"},{"@type":"Organization","@id":"https:\/\/www.abseguridad.com\/ca\/#organization","name":"AB Seguridad","url":"https:\/\/www.abseguridad.com\/ca\/","logo":{"@type":"ImageObject","inLanguage":"ca","@id":"https:\/\/www.abseguridad.com\/ca\/#\/schema\/logo\/image\/","url":"https:\/\/www.abseguridad.com\/wp-content\/uploads\/2021\/06\/ab_seguridad_OK.png","contentUrl":"https:\/\/www.abseguridad.com\/wp-content\/uploads\/2021\/06\/ab_seguridad_OK.png","width":260,"height":190,"caption":"AB Seguridad"},"image":{"@id":"https:\/\/www.abseguridad.com\/ca\/#\/schema\/logo\/image\/"},"sameAs":["https:\/\/x.com\/ab_seguridad","https:\/\/es.linkedin.com\/company\/ab-seguridad"]}]}},"_links":{"self":[{"href":"https:\/\/www.abseguridad.com\/ca\/wp-json\/wp\/v2\/pages\/2976","targetHints":{"allow":["GET"]}}],"collection":[{"href":"https:\/\/www.abseguridad.com\/ca\/wp-json\/wp\/v2\/pages"}],"about":[{"href":"https:\/\/www.abseguridad.com\/ca\/wp-json\/wp\/v2\/types\/page"}],"author":[{"embeddable":true,"href":"https:\/\/www.abseguridad.com\/ca\/wp-json\/wp\/v2\/users\/49"}],"replies":[{"embeddable":true,"href":"https:\/\/www.abseguridad.com\/ca\/wp-json\/wp\/v2\/comments?post=2976"}],"version-history":[{"count":0,"href":"https:\/\/www.abseguridad.com\/ca\/wp-json\/wp\/v2\/pages\/2976\/revisions"}],"wp:featuredmedia":[{"embeddable":true,"href":"https:\/\/www.abseguridad.com\/ca\/wp-json\/wp\/v2\/media\/2713"}],"wp:attachment":[{"href":"https:\/\/www.abseguridad.com\/ca\/wp-json\/wp\/v2\/media?parent=2976"}],"curies":[{"name":"wp","href":"https:\/\/api.w.org\/{rel}","templated":true}]}}