{"id":2971,"date":"2021-11-16T12:48:32","date_gmt":"2021-11-16T11:48:32","guid":{"rendered":"https:\/\/www.abseguridad.com\/cameres-de-seguretat\/"},"modified":"2021-11-16T12:48:32","modified_gmt":"2021-11-16T11:48:32","slug":"cameres-de-seguretat","status":"publish","type":"page","link":"https:\/\/www.abseguridad.com\/ca\/cameres-de-seguretat\/","title":{"rendered":"C\u00e0meres de Seguretat"},"content":{"rendered":"<p>En <a href=\"https:\/\/www.abseguridad.com\/ca\/qui-som-empresa-de-seguretat-a-barcelona\/\">AB Seguretat<\/a> tenim com a objectiu garantitzar la protecci\u00f3 i seguretat de les persones i la dels seus b\u00e9ns en qualsevol circumst\u00e0ncia. Per aix\u00f2, creem projectes d&#8217;instal\u00b7laci\u00f3 de c\u00e0meres de seguretat.<\/p>\n<p>Per assegurar l&#8217;\u00e8xit, dissenyem i instal\u00b7lem sistemes de circuit tancat de televisi\u00f3 (CCTV) a mesura de les necessitats de cada client.<\/p>\n<p>Nom\u00e9s fem l&#8217;instal\u00b7laci\u00f3 de c\u00e0meres de seguretat amb productes d&#8217;\u00faltima generaci\u00f3 que permeten major qualitat d&#8217;imatge i millors prestacions. A trav\u00e9s de les m\u00e9s avan\u00e7ades tecnologies podem oferir la m\u00e0xima seguretat als nostres clients. Treballem amb sistemes IP, HDTVI i anal\u00f2gic, amb comunicaci\u00f3 per wifi o wimax, a m\u00e9s d&#8217;associar els sistemes de CCTV a <a href=\"https:\/\/www.abseguridad.com\/ca\/sistemas-de-seguridad-anti-intrusion\/\">sistemes antiintrusi\u00f3<\/a>, <a href=\"https:\/\/www.abseguridad.com\/ca\/control-daccessos-i-presencia\/\">sistemes de control d&#8217;accessos<\/a> o central receptora d&#8217;alarmes.<\/p>\n<p>Els sistemes de c\u00e0meres de seguretat CCTV que oferim tenen una \u00e0mplia gamma de c\u00e0meres, fixes o motoritzades, infraroges, t\u00e8rmiques, IP, multitud d&#8217;enregistradors o servidors d&#8217;enregistrament, sistemes d&#8217;an\u00e0lisi de v\u00eddeo, solucions m\u00f2bils, etc. Les cambres es poden utilitzar tant a l&#8217;interior com a l&#8217;exterior, amb les funcions de vigil\u00e0ncia, protecci\u00f3 de persones, edificis, vehicles, vandalisme etc.<\/p>\n<p>Destaquem l&#8217;aplicaci\u00f3 de sistemes d&#8217;an\u00e0lisi de v\u00eddeo intel\u00b7ligent a la instal\u00b7laci\u00f3 de c\u00e0meres de seguretat que permeten controlar i analitzar les activitats de persones i objectes tant a l&#8217;interior com a l&#8217;exterior de la zona protegida.<\/p>\n<p>Si el que est\u00e0 buscant en una empresa dinstal laci\u00f3 de c\u00e0meres de seguretat, que li ofereixi un assessorament professional i un servei integral dacord amb les seves necessitats, AB Seguretat \u00e9s la soluci\u00f3. Poseu-vos en contacte amb nosaltres <a href=\"https:\/\/www.abseguridad.com\/ca\/cameres-de-seguretat\/#contacto\">omplint el formulari<\/a>o si ho preferiu truqueu-nos al tel\u00e8fon <a href=\"tel:932936673\">932936673<\/a>on us atendrem personalment.<\/p>\n<p>Estem a la seva disposici\u00f3!<\/p>\n","protected":false},"excerpt":{"rendered":"<p>En AB Seguretat tenim com a objectiu garantitzar la protecci\u00f3 i seguretat de les persones i la dels seus b\u00e9ns en qualsevol circumst\u00e0ncia. Per aix\u00f2, creem projectes d&#8217;instal\u00b7laci\u00f3 de c\u00e0meres de seguretat. Per assegurar l&#8217;\u00e8xit, dissenyem i instal\u00b7lem sistemes de circuit tancat de televisi\u00f3 (CCTV) a mesura de les necessitats de cada client. Nom\u00e9s fem [&hellip;]<\/p>\n","protected":false},"author":49,"featured_media":2760,"parent":0,"menu_order":0,"comment_status":"closed","ping_status":"closed","template":"","meta":{"footnotes":""},"class_list":["post-2971","page","type-page","status-publish","has-post-thumbnail","hentry"],"yoast_head":"<!-- This site is optimized with the Yoast SEO plugin v27.5 - https:\/\/yoast.com\/product\/yoast-seo-wordpress\/ -->\n<title>C\u00e0meres de Seguretat - AB Seguridad<\/title>\n<meta name=\"description\" content=\"A AB Seguretat som especialistes en la instal\u00b7laci\u00f3 i manteniment de sistemes de cambres de seguretat en empreses i comer\u00e7os.\" \/>\n<meta name=\"robots\" content=\"index, follow, max-snippet:-1, max-image-preview:large, max-video-preview:-1\" \/>\n<link rel=\"canonical\" href=\"https:\/\/www.abseguridad.com\/ca\/cameres-de-seguretat\/\" \/>\n<meta property=\"og:locale\" content=\"ca_ES\" \/>\n<meta property=\"og:type\" content=\"article\" \/>\n<meta property=\"og:title\" content=\"C\u00e0meres de Seguretat - AB Seguridad\" \/>\n<meta property=\"og:description\" content=\"A AB Seguretat som especialistes en la instal\u00b7laci\u00f3 i manteniment de sistemes de cambres de seguretat en empreses i comer\u00e7os.\" \/>\n<meta property=\"og:url\" content=\"https:\/\/www.abseguridad.com\/ca\/cameres-de-seguretat\/\" \/>\n<meta property=\"og:site_name\" content=\"AB Seguridad\" \/>\n<meta property=\"og:image\" content=\"https:\/\/www.abseguridad.com\/wp-content\/uploads\/2017\/04\/camara-seguridad.jpg\" \/>\n\t<meta property=\"og:image:width\" content=\"1280\" \/>\n\t<meta property=\"og:image:height\" content=\"853\" \/>\n\t<meta property=\"og:image:type\" content=\"image\/jpeg\" \/>\n<meta name=\"twitter:card\" content=\"summary_large_image\" \/>\n<meta name=\"twitter:site\" content=\"@ab_seguridad\" \/>\n<meta name=\"twitter:label1\" content=\"Temps estimat de lectura\" \/>\n\t<meta name=\"twitter:data1\" content=\"1 minute\" \/>\n<script type=\"application\/ld+json\" class=\"yoast-schema-graph\">{\"@context\":\"https:\\\/\\\/schema.org\",\"@graph\":[{\"@type\":\"WebPage\",\"@id\":\"https:\\\/\\\/www.abseguridad.com\\\/ca\\\/cameres-de-seguretat\\\/\",\"url\":\"https:\\\/\\\/www.abseguridad.com\\\/ca\\\/cameres-de-seguretat\\\/\",\"name\":\"C\u00e0meres de Seguretat - AB Seguridad\",\"isPartOf\":{\"@id\":\"https:\\\/\\\/www.abseguridad.com\\\/ca\\\/#website\"},\"primaryImageOfPage\":{\"@id\":\"https:\\\/\\\/www.abseguridad.com\\\/ca\\\/cameres-de-seguretat\\\/#primaryimage\"},\"image\":{\"@id\":\"https:\\\/\\\/www.abseguridad.com\\\/ca\\\/cameres-de-seguretat\\\/#primaryimage\"},\"thumbnailUrl\":\"https:\\\/\\\/www.abseguridad.com\\\/wp-content\\\/uploads\\\/2017\\\/04\\\/camara-seguridad.jpg\",\"datePublished\":\"2021-11-16T11:48:32+00:00\",\"description\":\"A AB Seguretat som especialistes en la instal\u00b7laci\u00f3 i manteniment de sistemes de cambres de seguretat en empreses i comer\u00e7os.\",\"breadcrumb\":{\"@id\":\"https:\\\/\\\/www.abseguridad.com\\\/ca\\\/cameres-de-seguretat\\\/#breadcrumb\"},\"inLanguage\":\"ca\",\"potentialAction\":[{\"@type\":\"ReadAction\",\"target\":[\"https:\\\/\\\/www.abseguridad.com\\\/ca\\\/cameres-de-seguretat\\\/\"]}]},{\"@type\":\"ImageObject\",\"inLanguage\":\"ca\",\"@id\":\"https:\\\/\\\/www.abseguridad.com\\\/ca\\\/cameres-de-seguretat\\\/#primaryimage\",\"url\":\"https:\\\/\\\/www.abseguridad.com\\\/wp-content\\\/uploads\\\/2017\\\/04\\\/camara-seguridad.jpg\",\"contentUrl\":\"https:\\\/\\\/www.abseguridad.com\\\/wp-content\\\/uploads\\\/2017\\\/04\\\/camara-seguridad.jpg\",\"width\":1280,\"height\":853},{\"@type\":\"BreadcrumbList\",\"@id\":\"https:\\\/\\\/www.abseguridad.com\\\/ca\\\/cameres-de-seguretat\\\/#breadcrumb\",\"itemListElement\":[{\"@type\":\"ListItem\",\"position\":1,\"name\":\"Portada\",\"item\":\"https:\\\/\\\/www.abseguridad.com\\\/ca\\\/inici\\\/\"},{\"@type\":\"ListItem\",\"position\":2,\"name\":\"C\u00e0meres de Seguretat\"}]},{\"@type\":\"WebSite\",\"@id\":\"https:\\\/\\\/www.abseguridad.com\\\/ca\\\/#website\",\"url\":\"https:\\\/\\\/www.abseguridad.com\\\/ca\\\/\",\"name\":\"AB Seguridad\",\"description\":\"Seguridad y Contraincendios en Barcelona\",\"publisher\":{\"@id\":\"https:\\\/\\\/www.abseguridad.com\\\/ca\\\/#organization\"},\"potentialAction\":[{\"@type\":\"SearchAction\",\"target\":{\"@type\":\"EntryPoint\",\"urlTemplate\":\"https:\\\/\\\/www.abseguridad.com\\\/ca\\\/?s={search_term_string}\"},\"query-input\":{\"@type\":\"PropertyValueSpecification\",\"valueRequired\":true,\"valueName\":\"search_term_string\"}}],\"inLanguage\":\"ca\"},{\"@type\":\"Organization\",\"@id\":\"https:\\\/\\\/www.abseguridad.com\\\/ca\\\/#organization\",\"name\":\"AB Seguridad\",\"url\":\"https:\\\/\\\/www.abseguridad.com\\\/ca\\\/\",\"logo\":{\"@type\":\"ImageObject\",\"inLanguage\":\"ca\",\"@id\":\"https:\\\/\\\/www.abseguridad.com\\\/ca\\\/#\\\/schema\\\/logo\\\/image\\\/\",\"url\":\"https:\\\/\\\/www.abseguridad.com\\\/wp-content\\\/uploads\\\/2021\\\/06\\\/ab_seguridad_OK.png\",\"contentUrl\":\"https:\\\/\\\/www.abseguridad.com\\\/wp-content\\\/uploads\\\/2021\\\/06\\\/ab_seguridad_OK.png\",\"width\":260,\"height\":190,\"caption\":\"AB Seguridad\"},\"image\":{\"@id\":\"https:\\\/\\\/www.abseguridad.com\\\/ca\\\/#\\\/schema\\\/logo\\\/image\\\/\"},\"sameAs\":[\"https:\\\/\\\/x.com\\\/ab_seguridad\",\"https:\\\/\\\/es.linkedin.com\\\/company\\\/ab-seguridad\"]}]}<\/script>\n<!-- \/ Yoast SEO plugin. -->","yoast_head_json":{"title":"C\u00e0meres de Seguretat - AB Seguridad","description":"A AB Seguretat som especialistes en la instal\u00b7laci\u00f3 i manteniment de sistemes de cambres de seguretat en empreses i comer\u00e7os.","robots":{"index":"index","follow":"follow","max-snippet":"max-snippet:-1","max-image-preview":"max-image-preview:large","max-video-preview":"max-video-preview:-1"},"canonical":"https:\/\/www.abseguridad.com\/ca\/cameres-de-seguretat\/","og_locale":"ca_ES","og_type":"article","og_title":"C\u00e0meres de Seguretat - AB Seguridad","og_description":"A AB Seguretat som especialistes en la instal\u00b7laci\u00f3 i manteniment de sistemes de cambres de seguretat en empreses i comer\u00e7os.","og_url":"https:\/\/www.abseguridad.com\/ca\/cameres-de-seguretat\/","og_site_name":"AB Seguridad","og_image":[{"width":1280,"height":853,"url":"https:\/\/www.abseguridad.com\/wp-content\/uploads\/2017\/04\/camara-seguridad.jpg","type":"image\/jpeg"}],"twitter_card":"summary_large_image","twitter_site":"@ab_seguridad","twitter_misc":{"Temps estimat de lectura":"1 minute"},"schema":{"@context":"https:\/\/schema.org","@graph":[{"@type":"WebPage","@id":"https:\/\/www.abseguridad.com\/ca\/cameres-de-seguretat\/","url":"https:\/\/www.abseguridad.com\/ca\/cameres-de-seguretat\/","name":"C\u00e0meres de Seguretat - AB Seguridad","isPartOf":{"@id":"https:\/\/www.abseguridad.com\/ca\/#website"},"primaryImageOfPage":{"@id":"https:\/\/www.abseguridad.com\/ca\/cameres-de-seguretat\/#primaryimage"},"image":{"@id":"https:\/\/www.abseguridad.com\/ca\/cameres-de-seguretat\/#primaryimage"},"thumbnailUrl":"https:\/\/www.abseguridad.com\/wp-content\/uploads\/2017\/04\/camara-seguridad.jpg","datePublished":"2021-11-16T11:48:32+00:00","description":"A AB Seguretat som especialistes en la instal\u00b7laci\u00f3 i manteniment de sistemes de cambres de seguretat en empreses i comer\u00e7os.","breadcrumb":{"@id":"https:\/\/www.abseguridad.com\/ca\/cameres-de-seguretat\/#breadcrumb"},"inLanguage":"ca","potentialAction":[{"@type":"ReadAction","target":["https:\/\/www.abseguridad.com\/ca\/cameres-de-seguretat\/"]}]},{"@type":"ImageObject","inLanguage":"ca","@id":"https:\/\/www.abseguridad.com\/ca\/cameres-de-seguretat\/#primaryimage","url":"https:\/\/www.abseguridad.com\/wp-content\/uploads\/2017\/04\/camara-seguridad.jpg","contentUrl":"https:\/\/www.abseguridad.com\/wp-content\/uploads\/2017\/04\/camara-seguridad.jpg","width":1280,"height":853},{"@type":"BreadcrumbList","@id":"https:\/\/www.abseguridad.com\/ca\/cameres-de-seguretat\/#breadcrumb","itemListElement":[{"@type":"ListItem","position":1,"name":"Portada","item":"https:\/\/www.abseguridad.com\/ca\/inici\/"},{"@type":"ListItem","position":2,"name":"C\u00e0meres de Seguretat"}]},{"@type":"WebSite","@id":"https:\/\/www.abseguridad.com\/ca\/#website","url":"https:\/\/www.abseguridad.com\/ca\/","name":"AB Seguridad","description":"Seguridad y Contraincendios en Barcelona","publisher":{"@id":"https:\/\/www.abseguridad.com\/ca\/#organization"},"potentialAction":[{"@type":"SearchAction","target":{"@type":"EntryPoint","urlTemplate":"https:\/\/www.abseguridad.com\/ca\/?s={search_term_string}"},"query-input":{"@type":"PropertyValueSpecification","valueRequired":true,"valueName":"search_term_string"}}],"inLanguage":"ca"},{"@type":"Organization","@id":"https:\/\/www.abseguridad.com\/ca\/#organization","name":"AB Seguridad","url":"https:\/\/www.abseguridad.com\/ca\/","logo":{"@type":"ImageObject","inLanguage":"ca","@id":"https:\/\/www.abseguridad.com\/ca\/#\/schema\/logo\/image\/","url":"https:\/\/www.abseguridad.com\/wp-content\/uploads\/2021\/06\/ab_seguridad_OK.png","contentUrl":"https:\/\/www.abseguridad.com\/wp-content\/uploads\/2021\/06\/ab_seguridad_OK.png","width":260,"height":190,"caption":"AB Seguridad"},"image":{"@id":"https:\/\/www.abseguridad.com\/ca\/#\/schema\/logo\/image\/"},"sameAs":["https:\/\/x.com\/ab_seguridad","https:\/\/es.linkedin.com\/company\/ab-seguridad"]}]}},"_links":{"self":[{"href":"https:\/\/www.abseguridad.com\/ca\/wp-json\/wp\/v2\/pages\/2971","targetHints":{"allow":["GET"]}}],"collection":[{"href":"https:\/\/www.abseguridad.com\/ca\/wp-json\/wp\/v2\/pages"}],"about":[{"href":"https:\/\/www.abseguridad.com\/ca\/wp-json\/wp\/v2\/types\/page"}],"author":[{"embeddable":true,"href":"https:\/\/www.abseguridad.com\/ca\/wp-json\/wp\/v2\/users\/49"}],"replies":[{"embeddable":true,"href":"https:\/\/www.abseguridad.com\/ca\/wp-json\/wp\/v2\/comments?post=2971"}],"version-history":[{"count":0,"href":"https:\/\/www.abseguridad.com\/ca\/wp-json\/wp\/v2\/pages\/2971\/revisions"}],"wp:featuredmedia":[{"embeddable":true,"href":"https:\/\/www.abseguridad.com\/ca\/wp-json\/wp\/v2\/media\/2760"}],"wp:attachment":[{"href":"https:\/\/www.abseguridad.com\/ca\/wp-json\/wp\/v2\/media?parent=2971"}],"curies":[{"name":"wp","href":"https:\/\/api.w.org\/{rel}","templated":true}]}}