{"id":2962,"date":"2021-11-16T12:32:35","date_gmt":"2021-11-16T11:32:35","guid":{"rendered":"https:\/\/www.abseguridad.com\/avis-legal\/"},"modified":"2021-11-16T12:32:36","modified_gmt":"2021-11-16T11:32:36","slug":"avis-legal","status":"publish","type":"page","link":"https:\/\/www.abseguridad.com\/ca\/avis-legal\/","title":{"rendered":"Av\u00eds Legal"},"content":{"rendered":"<h1 style=\"text-align: justify;\"><strong>CONDICIONS D&#8217;\u00daS<\/strong><\/h1>\n<p style=\"text-align: justify;\">Aquest av\u00eds legal regula l&#8217;\u00fas del lloc web <strong>www.abseguridad.com<\/strong> (d&#8217;ara endavant, LA WEB), del qual \u00e9s titular <strong>Adell Bolde Seguretat I S.L<\/strong>(d&#8217;ara endavant, EL PROPIETARI DEL WEB).<\/p>\n<p style=\"text-align: justify;\">La navegaci\u00f3 pel lloc web d&#8217;EL PROPIETARI DE LA WEB atribueix la condici\u00f3 d&#8217;usuari i implica l&#8217;acceptaci\u00f3 plena i sense reserves de totes i cadascuna de les disposicions incloses en aquest Av\u00eds Legal, que poden patir modificacions.<\/p>\n<p style=\"text-align: justify;\">L&#8217;usuari s&#8217;obliga a fer un \u00fas correcte del lloc web de conformitat amb les lleis, la bona fe, l&#8217;ordre p\u00fablic, els usos del tr\u00e0nsit i aquest Av\u00eds Legal. L&#8217;usuari respondr\u00e0 davant del PROPIETARI DE LA WEB o davant de tercers, de qualssevol danys i perjudicis que es puguin causar com a conseq\u00fc\u00e8ncia de l&#8217;incompliment de la dita obligaci\u00f3.<\/p>\n<h1 style=\"text-align: justify;\"><strong>IDENTIFICACI\u00d3 I COMUNICACIONS<\/strong><\/h1>\n<p style=\"text-align: justify;\">EL PROPIETARI DE LA WEB, en compliment de la Llei 34\/2002, d&#8217;11 de juliol, de serveis de la societat de la informaci\u00f3 i de comer\u00e7 electr\u00f2nic, us informa que: La seva denominaci\u00f3 social \u00e9s: <strong>Adell Bolde Seguridad I, SL<\/strong> CIF \u00e9s: <strong>B60214095<\/strong>.<\/p>\n<p style=\"text-align: justify;\">El seu domicili social est\u00e0 en: <strong>Av. Barcelona, 211 nau 6 08750 &#8211; Molins de Rei (Barcelona)<\/strong><\/p>\n<p style=\"text-align: justify;\">Per comunicar-se amb nosaltres, posem a la vostra disposici\u00f3 diferents mitjans de contacte que detallem a continuaci\u00f3: Tel\u00e8fon: <strong>(+34) 932 936 673<\/strong>. Email: <strong><a href=\"mailto:ab@abseguridad.com\">ab@abseguridad.com<\/a><\/strong>.<\/p>\n<p style=\"text-align: justify;\">Totes les notificacions i comunicacions entre els usuaris i EL PROPIETARI DE LA WEB es consideraran eficaces, amb car\u00e0cter general, quan es realitzin a trav\u00e9s de correu postal o qualsevol altre mitj\u00e0 dels detallats anteriorment.<\/p>\n<h1 style=\"text-align: justify;\"><strong>CONDICIONS D&#8217;ACC\u00c9S I UTILITZACI\u00d3<\/strong><\/h1>\n<p style=\"text-align: justify;\">El lloc web i els seus serveis s\u00f3n d&#8217;acc\u00e9s lliure i gratu\u00eft, no obstant, EL PROPIETARI DEL WEB condiciona la utilitzaci\u00f3 d&#8217;alguns dels serveis oferts a la seva web a l&#8217;emplenament previ del corresponent formulari. L&#8217;usuari garanteix l&#8217;autenticitat i l&#8217;actualitat de totes aquelles dades que comuniqui al PROPIETARI DEL WEB i ser\u00e0 l&#8217;\u00fanic responsable de les manifestacions falses o inexactes que faci. L&#8217;usuari es compromet expressament a fer un \u00fas adequat dels continguts i serveis del PROPIETARI DE LA WEB ia no emprar-los per, entre d&#8217;altres:<\/p>\n<ol style=\"text-align: justify;\">\n<li>Difondre continguts, delictius, violents, pornogr\u00e0fics, racistes, xen\u00f2fob, ofensius, d&#8217;apologia del terrorisme o, en general, contraris a la llei o ordre p\u00fablic.<\/li>\n<li>Introduir a la xarxa virus inform\u00e0tics o realitzar actuacions susceptibles d&#8217;alterar, fer malb\u00e9, interrompre o generar errors o danys en els documents electr\u00f2nics, dades o sistemes f\u00edsics i l\u00f2gics del PROPIETARI DEL WEB o de terceres persones; aix\u00ed com obstaculitzar lacc\u00e9s daltres usuaris al lloc web i als seus serveis mitjan\u00e7ant el consum massiu dels recursos inform\u00e0tics a trav\u00e9s dels quals EL PROPIETARI DE LA WEB presta els seus serveis.<\/li>\n<li>Intentar accedir als comptes de correu electr\u00f2nic d&#8217;altres usuaris oa \u00e0rees restringides dels sistemes inform\u00e0tics del PROPIETARI DEL WEB o de tercers i, si escau, extreure&#8217;n informaci\u00f3.<\/li>\n<li>Vulnerar els drets de propietat intel\u00b7lectual o industrial, aix\u00ed com violar la confidencialitat de la informaci\u00f3 del PROPIETARI DE LA WEB o de tercers.<\/li>\n<li>Suplantar la identitat d&#8217;un altre usuari, de les administracions p\u00fabliques o d&#8217;un tercer.<\/li>\n<li>Reproduir, copiar, distribuir, posar a disposici\u00f3 o de qualsevol altra manera comunicar p\u00fablicament, transformar o modificar els continguts, llevat que es compti amb lautoritzaci\u00f3 del titular dels corresponents drets o aix\u00f2 resulti legalment perm\u00e8s.<\/li>\n<li>Demanar dades amb finalitat publicit\u00e0ria i de remetre publicitat de qualsevol classe i comunicacions amb finalitats de venda o altres de naturalesa comercial sense que intervingui la seva pr\u00e8via sol\u00b7licitud o consentiment.<\/li>\n<\/ol>\n<p style=\"text-align: justify;\">Tots els continguts del lloc web, com ara textos, fotografies, gr\u00e0fics, imatges, icones, tecnologia, programari, aix\u00ed com el seu disseny gr\u00e0fic i codis font, constitueixen una obra la propietat de la qual pertany a EL PROPIETARI DE LA WEB, sense que es puguin entendre cedits al usuari cap dels drets dexplotaci\u00f3 sobre els mateixos m\u00e9s enll\u00e0 del estrictament necessari per al correcte \u00fas de la web.<\/p>\n<p style=\"text-align: justify;\">En definitiva, els usuaris que accedeixin a aquest lloc web poden visualitzar els continguts i efectuar, si escau, c\u00f2pies privades autoritzades sempre que els elements reprodu\u00efts no siguin cedits posteriorment a tercers, ni s&#8217;instal\u00b7lin a servidors connectats a xarxes, ni siguin objecte de cap mena d&#8217;explotaci\u00f3.<\/p>\n<p style=\"text-align: justify;\">Aix\u00ed mateix, totes les marques, noms comercials o signes distintius de qualsevol classe que apareixen al lloc web s\u00f3n propietat del PROPIETARI DE LA WEB, sense que es pugui entendre que l&#8217;\u00fas o acc\u00e9s a aquest atribueixi a l&#8217;usuari cap dret sobre aquests. La distribuci\u00f3, la modificaci\u00f3, la cessi\u00f3 o la comunicaci\u00f3 p\u00fablica dels continguts i qualsevol altre acte que no hagi estat expressament autoritzat pel titular dels drets d&#8217;explotaci\u00f3 queden prohibits.<\/p>\n<p style=\"text-align: justify;\">L&#8217;establiment d&#8217;un hiperenlla\u00e7 no implica en cap cas l&#8217;exist\u00e8ncia de relacions entre EL PROPIETARI DE LA WEB i el propietari del lloc web on s&#8217;estableixi, ni l&#8217;acceptaci\u00f3 i aprovaci\u00f3 per part del PROPIETARI DE LA WEB dels seus continguts o serveis . Aquelles persones que es proposin establir un hiperenlla\u00e7 pr\u00e8viament hauran de sol\u00b7licitar autoritzaci\u00f3 per escrit al PROPIETARI DEL WEB. En tot cas, l&#8217;hiperenlla\u00e7 \u00fanicament permetr\u00e0 l&#8217;acc\u00e9s a la p\u00e0gina web o p\u00e0gina d&#8217;inici del nostre lloc web, aix\u00ed mateix s&#8217;haur\u00e0 d&#8217;abstenir de fer manifestacions o indicacions falses, inexactes o incorrectes sobre EL PROPIETARI DE LA WEB, o incloure continguts il\u00b7l\u00edcits, contraris als bons costums ia l&#8217;ordre p\u00fablic.<\/p>\n<p style=\"text-align: justify;\">EL PROPIETARI DE LA WEB no es responsabilitza de l&#8217;\u00fas que cada usuari doni als materials posats a disposici\u00f3 en aquest lloc web ni de les actuacions que realitzi sobre la base d&#8217;aquests.<\/p>\n<h1 style=\"text-align: justify;\"><strong>EXCLUSI\u00d3 DE GARANTIES I DE RESPONSABILITAT<\/strong><\/h1>\n<p style=\"text-align: justify;\">El contingut del present lloc web \u00e9s de car\u00e0cter general i t\u00e9 una finalitat merament informativa, sense que se&#8217;n garanteixi plenament l&#8217;acc\u00e9s a tots els continguts, ni la seva exhaustivitat, correcci\u00f3, vig\u00e8ncia o actualitat, ni la seva idone\u00eftat o utilitat per a un objectiu espec\u00edfic.<\/p>\n<p style=\"text-align: justify;\">EL PROPIETARI DEL WEB exclou, fins on permet l&#8217;ordenament jur\u00eddic, qualsevol responsabilitat pels danys i perjudicis de tota naturalesa derivats de:<\/p>\n<ol style=\"text-align: justify;\">\n<li>La impossibilitat d&#8217;acc\u00e9s al lloc web o la manca de veracitat, exactitud, exhaustivitat i\/o actualitat dels continguts, aix\u00ed com l&#8217;exist\u00e8ncia de vicis i defectes de tota mena dels continguts transmesos, difosos, emmagatzemats, posats a disposici\u00f3 als quals s&#8217;hagi accedit a trav\u00e9s del lloc web o dels serveis que s&#8217;hi ofereixen.<\/li>\n<li>La pres\u00e8ncia de virus o d&#8217;altres elements en els continguts que puguin produir alteracions als sistemes inform\u00e0tics, documents electr\u00f2nics o dades dels usuaris.<\/li>\n<li>L&#8217;incompliment de les lleis, la bona fe, l&#8217;ordre p\u00fablic, els usos del tr\u00e0nsit i aquest av\u00eds legal com a conseq\u00fc\u00e8ncia de l&#8217;\u00fas incorrecte del lloc web. En particular, ia manera exemplificativa, EL PROPIETARI DEL WEB no es fa responsable de les actuacions de tercers que vulnerin drets de propietat intel\u00b7lectual i industrial, secrets empresarials, drets a l&#8217;honor, a la intimitat personal i familiar ia la pr\u00f2pia imatge, aix\u00ed com la normativa en mat\u00e8ria de compet\u00e8ncia deslleial i publicitat il\u00b7l\u00edcita.<\/li>\n<\/ol>\n<p style=\"text-align: justify;\">Aix\u00ed mateix, EL PROPIETARI DE LA WEB declina qualsevol responsabilitat respecte a la informaci\u00f3 que estigui fora d&#8217;aquesta web i no sigui gestionada directament pel nostre webmaster. La funci\u00f3 dels links que apareixen en aquesta web \u00e9s exclusivament informar l&#8217;usuari sobre l&#8217;exist\u00e8ncia d&#8217;altres fonts susceptibles d&#8217;ampliar els continguts que ofereix aquest lloc web. EL PROPIETARI DE LA WEB no garanteix ni es responsabilitza del funcionament o accessibilitat dels llocs enlla\u00e7ats; ni suggereix, convida o recomana la visita a aquests, per la qual cosa tampoc ser\u00e0 responsable del resultat obtingut. EL PROPIETARI DEL WEB no es responsabilitza de l&#8217;establiment d&#8217;hipervincles per part de tercers.<\/p>\n<p style=\"text-align: justify;\">\u00daltima Revisi\u00f3. Juny 2018<\/p>\n","protected":false},"excerpt":{"rendered":"<p>CONDICIONS D&#8217;\u00daS Aquest av\u00eds legal regula l&#8217;\u00fas del lloc web www.abseguridad.com (d&#8217;ara endavant, LA WEB), del qual \u00e9s titular Adell Bolde Seguretat I S.L(d&#8217;ara endavant, EL PROPIETARI DEL WEB). La navegaci\u00f3 pel lloc web d&#8217;EL PROPIETARI DE LA WEB atribueix la condici\u00f3 d&#8217;usuari i implica l&#8217;acceptaci\u00f3 plena i sense reserves de totes i cadascuna de [&hellip;]<\/p>\n","protected":false},"author":49,"featured_media":0,"parent":0,"menu_order":0,"comment_status":"closed","ping_status":"closed","template":"","meta":{"footnotes":""},"class_list":["post-2962","page","type-page","status-publish","hentry"],"yoast_head":"<!-- This site is optimized with the Yoast SEO plugin v27.5 - https:\/\/yoast.com\/product\/yoast-seo-wordpress\/ -->\n<title>Av\u00eds Legal - AB Seguretat<\/title>\n<meta name=\"description\" content=\"El prestador, responsable del lloc web, posa a disposici\u00f3 dels usuaris el present document amb el qual pret\u00e9n donar compliment a les obligacions...\" \/>\n<meta name=\"robots\" content=\"index, follow, max-snippet:-1, max-image-preview:large, max-video-preview:-1\" \/>\n<link rel=\"canonical\" href=\"https:\/\/www.abseguridad.com\/ca\/avis-legal\/\" \/>\n<meta property=\"og:locale\" content=\"ca_ES\" \/>\n<meta property=\"og:type\" content=\"article\" \/>\n<meta property=\"og:title\" content=\"Av\u00eds Legal - AB Seguretat\" \/>\n<meta property=\"og:description\" content=\"El prestador, responsable del lloc web, posa a disposici\u00f3 dels usuaris el present document amb el qual pret\u00e9n donar compliment a les obligacions...\" \/>\n<meta property=\"og:url\" content=\"https:\/\/www.abseguridad.com\/ca\/avis-legal\/\" \/>\n<meta property=\"og:site_name\" content=\"AB Seguridad\" \/>\n<meta property=\"article:modified_time\" content=\"2021-11-16T11:32:36+00:00\" \/>\n<meta name=\"twitter:card\" content=\"summary_large_image\" \/>\n<meta name=\"twitter:site\" content=\"@ab_seguridad\" \/>\n<meta name=\"twitter:label1\" content=\"Temps estimat de lectura\" \/>\n\t<meta name=\"twitter:data1\" content=\"6 minutes\" \/>\n<script type=\"application\/ld+json\" class=\"yoast-schema-graph\">{\"@context\":\"https:\\\/\\\/schema.org\",\"@graph\":[{\"@type\":\"WebPage\",\"@id\":\"https:\\\/\\\/www.abseguridad.com\\\/ca\\\/avis-legal\\\/\",\"url\":\"https:\\\/\\\/www.abseguridad.com\\\/ca\\\/avis-legal\\\/\",\"name\":\"Av\u00eds Legal - AB Seguretat\",\"isPartOf\":{\"@id\":\"https:\\\/\\\/www.abseguridad.com\\\/ca\\\/#website\"},\"datePublished\":\"2021-11-16T11:32:35+00:00\",\"dateModified\":\"2021-11-16T11:32:36+00:00\",\"description\":\"El prestador, responsable del lloc web, posa a disposici\u00f3 dels usuaris el present document amb el qual pret\u00e9n donar compliment a les obligacions...\",\"breadcrumb\":{\"@id\":\"https:\\\/\\\/www.abseguridad.com\\\/ca\\\/avis-legal\\\/#breadcrumb\"},\"inLanguage\":\"ca\",\"potentialAction\":[{\"@type\":\"ReadAction\",\"target\":[\"https:\\\/\\\/www.abseguridad.com\\\/ca\\\/avis-legal\\\/\"]}]},{\"@type\":\"BreadcrumbList\",\"@id\":\"https:\\\/\\\/www.abseguridad.com\\\/ca\\\/avis-legal\\\/#breadcrumb\",\"itemListElement\":[{\"@type\":\"ListItem\",\"position\":1,\"name\":\"Portada\",\"item\":\"https:\\\/\\\/www.abseguridad.com\\\/ca\\\/inici\\\/\"},{\"@type\":\"ListItem\",\"position\":2,\"name\":\"Av\u00eds Legal\"}]},{\"@type\":\"WebSite\",\"@id\":\"https:\\\/\\\/www.abseguridad.com\\\/ca\\\/#website\",\"url\":\"https:\\\/\\\/www.abseguridad.com\\\/ca\\\/\",\"name\":\"AB Seguridad\",\"description\":\"Seguridad y Contraincendios en Barcelona\",\"publisher\":{\"@id\":\"https:\\\/\\\/www.abseguridad.com\\\/ca\\\/#organization\"},\"potentialAction\":[{\"@type\":\"SearchAction\",\"target\":{\"@type\":\"EntryPoint\",\"urlTemplate\":\"https:\\\/\\\/www.abseguridad.com\\\/ca\\\/?s={search_term_string}\"},\"query-input\":{\"@type\":\"PropertyValueSpecification\",\"valueRequired\":true,\"valueName\":\"search_term_string\"}}],\"inLanguage\":\"ca\"},{\"@type\":\"Organization\",\"@id\":\"https:\\\/\\\/www.abseguridad.com\\\/ca\\\/#organization\",\"name\":\"AB Seguridad\",\"url\":\"https:\\\/\\\/www.abseguridad.com\\\/ca\\\/\",\"logo\":{\"@type\":\"ImageObject\",\"inLanguage\":\"ca\",\"@id\":\"https:\\\/\\\/www.abseguridad.com\\\/ca\\\/#\\\/schema\\\/logo\\\/image\\\/\",\"url\":\"https:\\\/\\\/www.abseguridad.com\\\/wp-content\\\/uploads\\\/2021\\\/06\\\/ab_seguridad_OK.png\",\"contentUrl\":\"https:\\\/\\\/www.abseguridad.com\\\/wp-content\\\/uploads\\\/2021\\\/06\\\/ab_seguridad_OK.png\",\"width\":260,\"height\":190,\"caption\":\"AB Seguridad\"},\"image\":{\"@id\":\"https:\\\/\\\/www.abseguridad.com\\\/ca\\\/#\\\/schema\\\/logo\\\/image\\\/\"},\"sameAs\":[\"https:\\\/\\\/x.com\\\/ab_seguridad\",\"https:\\\/\\\/es.linkedin.com\\\/company\\\/ab-seguridad\"]}]}<\/script>\n<!-- \/ Yoast SEO plugin. -->","yoast_head_json":{"title":"Av\u00eds Legal - AB Seguretat","description":"El prestador, responsable del lloc web, posa a disposici\u00f3 dels usuaris el present document amb el qual pret\u00e9n donar compliment a les obligacions...","robots":{"index":"index","follow":"follow","max-snippet":"max-snippet:-1","max-image-preview":"max-image-preview:large","max-video-preview":"max-video-preview:-1"},"canonical":"https:\/\/www.abseguridad.com\/ca\/avis-legal\/","og_locale":"ca_ES","og_type":"article","og_title":"Av\u00eds Legal - AB Seguretat","og_description":"El prestador, responsable del lloc web, posa a disposici\u00f3 dels usuaris el present document amb el qual pret\u00e9n donar compliment a les obligacions...","og_url":"https:\/\/www.abseguridad.com\/ca\/avis-legal\/","og_site_name":"AB Seguridad","article_modified_time":"2021-11-16T11:32:36+00:00","twitter_card":"summary_large_image","twitter_site":"@ab_seguridad","twitter_misc":{"Temps estimat de lectura":"6 minutes"},"schema":{"@context":"https:\/\/schema.org","@graph":[{"@type":"WebPage","@id":"https:\/\/www.abseguridad.com\/ca\/avis-legal\/","url":"https:\/\/www.abseguridad.com\/ca\/avis-legal\/","name":"Av\u00eds Legal - AB Seguretat","isPartOf":{"@id":"https:\/\/www.abseguridad.com\/ca\/#website"},"datePublished":"2021-11-16T11:32:35+00:00","dateModified":"2021-11-16T11:32:36+00:00","description":"El prestador, responsable del lloc web, posa a disposici\u00f3 dels usuaris el present document amb el qual pret\u00e9n donar compliment a les obligacions...","breadcrumb":{"@id":"https:\/\/www.abseguridad.com\/ca\/avis-legal\/#breadcrumb"},"inLanguage":"ca","potentialAction":[{"@type":"ReadAction","target":["https:\/\/www.abseguridad.com\/ca\/avis-legal\/"]}]},{"@type":"BreadcrumbList","@id":"https:\/\/www.abseguridad.com\/ca\/avis-legal\/#breadcrumb","itemListElement":[{"@type":"ListItem","position":1,"name":"Portada","item":"https:\/\/www.abseguridad.com\/ca\/inici\/"},{"@type":"ListItem","position":2,"name":"Av\u00eds Legal"}]},{"@type":"WebSite","@id":"https:\/\/www.abseguridad.com\/ca\/#website","url":"https:\/\/www.abseguridad.com\/ca\/","name":"AB Seguridad","description":"Seguridad y Contraincendios en Barcelona","publisher":{"@id":"https:\/\/www.abseguridad.com\/ca\/#organization"},"potentialAction":[{"@type":"SearchAction","target":{"@type":"EntryPoint","urlTemplate":"https:\/\/www.abseguridad.com\/ca\/?s={search_term_string}"},"query-input":{"@type":"PropertyValueSpecification","valueRequired":true,"valueName":"search_term_string"}}],"inLanguage":"ca"},{"@type":"Organization","@id":"https:\/\/www.abseguridad.com\/ca\/#organization","name":"AB Seguridad","url":"https:\/\/www.abseguridad.com\/ca\/","logo":{"@type":"ImageObject","inLanguage":"ca","@id":"https:\/\/www.abseguridad.com\/ca\/#\/schema\/logo\/image\/","url":"https:\/\/www.abseguridad.com\/wp-content\/uploads\/2021\/06\/ab_seguridad_OK.png","contentUrl":"https:\/\/www.abseguridad.com\/wp-content\/uploads\/2021\/06\/ab_seguridad_OK.png","width":260,"height":190,"caption":"AB Seguridad"},"image":{"@id":"https:\/\/www.abseguridad.com\/ca\/#\/schema\/logo\/image\/"},"sameAs":["https:\/\/x.com\/ab_seguridad","https:\/\/es.linkedin.com\/company\/ab-seguridad"]}]}},"_links":{"self":[{"href":"https:\/\/www.abseguridad.com\/ca\/wp-json\/wp\/v2\/pages\/2962","targetHints":{"allow":["GET"]}}],"collection":[{"href":"https:\/\/www.abseguridad.com\/ca\/wp-json\/wp\/v2\/pages"}],"about":[{"href":"https:\/\/www.abseguridad.com\/ca\/wp-json\/wp\/v2\/types\/page"}],"author":[{"embeddable":true,"href":"https:\/\/www.abseguridad.com\/ca\/wp-json\/wp\/v2\/users\/49"}],"replies":[{"embeddable":true,"href":"https:\/\/www.abseguridad.com\/ca\/wp-json\/wp\/v2\/comments?post=2962"}],"version-history":[{"count":0,"href":"https:\/\/www.abseguridad.com\/ca\/wp-json\/wp\/v2\/pages\/2962\/revisions"}],"wp:attachment":[{"href":"https:\/\/www.abseguridad.com\/ca\/wp-json\/wp\/v2\/media?parent=2962"}],"curies":[{"name":"wp","href":"https:\/\/api.w.org\/{rel}","templated":true}]}}