{"id":2938,"date":"2016-03-07T12:02:45","date_gmt":"2016-03-07T12:02:45","guid":{"rendered":"https:\/\/www.abseguridad.com\/sistemas-de-seguridad-anti-intrusion\/"},"modified":"2021-10-18T12:06:50","modified_gmt":"2021-10-18T11:06:50","slug":"sistemas-de-seguridad-anti-intrusion","status":"publish","type":"page","link":"https:\/\/www.abseguridad.com\/ca\/sistemas-de-seguridad-anti-intrusion\/","title":{"rendered":"Sistemes anti-intrusi\u00f3"},"content":{"rendered":"<p style=\"text-align: justify;\">En <a href=\"https:\/\/www.abseguridad.com\/ca\/qui-som-empresa-de-seguretat-a-barcelona\/\">AB Seguridad<\/a> tenim un objectiu: garantitzar la protecci\u00f3 i seguretat de les persones i la dels seus bens en qualsevol circumst\u00e0ncia. Per asegurar l&#8217;\u00e8xit, realitzem projectes de sistemes anti-intrusi\u00f3 a mesura per a cada client.<\/p>\n<p>Un cop realitzat el <a href=\"https:\/\/www.abseguridad.com\/ca\/projectes-de-seguretat\/\">projecte de seguretat<\/a>, fixem les prioritats i les necessitats en mat\u00e8ria de detecci\u00f3 d&#8217;intrusos responent als requisits dels nostres clients.<\/p>\n<p>Instal\u00b7lem productes d&#8217;\u00faltima generaci\u00f3 que possibiiliten una major protecci\u00f3 davant sabotatges i intents d&#8217;intrusi\u00f3, i una minimitzaci\u00f3 de les falses alarmes. A trav\u00e9s de les m\u00e9s avan\u00e7ades tecnologies oferim la m\u00e0xima seguretat als nostres clients.<\/p>\n<p>Ens adaptem a cada client, per aix\u00f2, instal\u00b7lem sistemes cablejats, mixtes o via r\u00e0dio segons la seva necessitat. Aquests sistemes s&#8217;associaran a una s\u00e8rie d&#8217;elements de detecci\u00f3 que realitzen la transmissi\u00f3 d&#8217;events i alarmes mitjan\u00e7ant TCP\/IP, GPRS i\/o RTC a la central receptora d&#8217;alarmes, que es troba activa 24 h al dia, 7 dies a la setmana.<\/p>\n<p>Per l&#8217;\u00fas i maneig dels sistemes anti-intrusi\u00f3, els nostres clients poden fer servir teclats, comandaments o apps m\u00f3vils. Tamb\u00e9 disposem de centrals d&#8217;alarmes pensades per oferir funcions avan\u00e7ades de dom\u00f2tica. S\u00f3n gestionades remotament per l&#8217;usuari amb el seu terminal m\u00f3vil.<\/p>\n<p>Les nostres instal\u00b7lacions de protecci\u00f3 utilitzen diferents sistemes de protecci\u00f3.<\/p>\n<p>Aquests sistemes anti-intrusi\u00f3 s&#8217;associen a sistemes CCTV (circuit tancat de televisi\u00f3) per retransmissi\u00f3 d&#8217;esdeveniments i imatges a m\u00f3vils i correu electr\u00f2nic en temps real, funcionament aut\u00f2nom o conectat a central d&#8217;alarma. Tamb\u00e9 es vinculen a elements actius, el seu prop\u00f2sit \u00e9s fer fugir a l&#8217;intr\u00fas:<\/p>\n<ul>\n<li>Generador de boira anti robatori: Produeix una boira inn\u00f2cua juntament amb destejos lluminosos i ac\u00fastics que desconcerten a l&#8217;intr\u00fas.<\/li>\n<li>Il\u00b7luminaci\u00f3 sorpresiva.<\/li>\n<li>Barreres de so: generant un so intolerable i inofensiu que impideix als intrusos permaneixer en la zona protegida. Ideal per ser utilitzat en combinaci\u00f3 amb sistemes de seguretat en negocis i instal\u00b7lacions d&#8217;alt risc.<\/li>\n<\/ul>\n<p>En AB Seguretat som especialistes en sistemes de seguretat perimetral.<\/p>\n<p>Els sistemes de seguretat perimetral detecten els senyals provinents de la zona protegida en el seu per\u00edmetre, generat per escalament, intents de tall, cops a les tanques o b\u00e9 simple petjades a l&#8217;interior de l&#8217;\u00e0rea protegida. Aquesta protecci\u00f3 detecta als intrusos abans de la seva incursi\u00f3 en el nostre recinte i ens facilita:<\/p>\n<ul>\n<li>Actuar amb previsi\u00f3 sobre els possibles perills que ens pugui ocasionar.<\/li>\n<li>Avisar les autoritats amb antelaci\u00f3 per disminuir el temps de resposta.<\/li>\n<li>Augmentar la nostra tranquil\u00b7litat a l&#8217;con\u00e9ixer els perills amb anterioritat.<\/li>\n<li>Preveure un mecanisme de seguretat passiva o activa coneixent les necessitats.<\/li>\n<\/ul>\n<p>Podem trobar diferents tipus de sistemes de seguretat perimetral:<\/p>\n<ul>\n<li>Detectors de moviment per a exteriors.<\/li>\n<li>Barreres infraroges per a exteriors de llarg i de curt abast.<\/li>\n<li>Sistemes enterrats de detecci\u00f3 per pressi\u00f3.<\/li>\n<li>CCTV (circuit tancat de televisi\u00f3) i an\u00e0lisi de v\u00eddeo.<\/li>\n<li>Sistemes de tanques.<\/li>\n<\/ul>\n<p>Un altre apartat important \u00e9s la <a href=\"https:\/\/www.abseguridad.com\/ca\/seguretat-fisica\/\">seguretat f\u00edsica<\/a>. Dissenyem les mesures adequades de protecci\u00f3 f\u00edsica i electr\u00f2nica, de manera que treballin de forma complement\u00e0ria i maximitzin el temps disponible per a l&#8217;arribada de les forces i cossos de seguretat abans que la intrusi\u00f3 sigui efectiva. Protegir les instal\u00b7lacions i els seus b\u00e9ns es complementa amb la seguretat de les persones.<\/p>\n<p>Si el que est\u00e0 buscant en una empresa de seguretat per protegir el seu habitatge, comer\u00e7, ind\u00fastria o instituci\u00f3, que li ofereixi un assessorament professional i un servei integral d&#8217;acord amb les seves necessitats, AB Seguretat \u00e9s la soluci\u00f3. Poseu-vos en contacte amb nosaltres <a href=\"http:\/\/www.abseguridad.com\/contacto\/\">omplint el q\u00fcestionari<\/a> o si ho prefereix truqui&#8217;ns a el tel\u00e8fon 932936673 on l&#8217;atendrem personalment.<\/p>\n<p>Estem a la seva disposici\u00f3!<\/p>\n<p>Descobreix la nostra <a href=\"http:\/\/www.abseguridad.com\/wp-content\/uploads\/2019\/01\/AB-kit-alarma-mitjana.pdf\">AB SENSE CABLES &#8211; KIT ALARMA SENSE FIL<\/a><\/p>\n","protected":false},"excerpt":{"rendered":"<p>En AB Seguridad tenim un objectiu: garantitzar la protecci\u00f3 i seguretat de les persones i la dels seus bens en qualsevol circumst\u00e0ncia. Per asegurar l&#8217;\u00e8xit, realitzem projectes de sistemes anti-intrusi\u00f3 a mesura per a cada client. Un cop realitzat el projecte de seguretat, fixem les prioritats i les necessitats en mat\u00e8ria de detecci\u00f3 d&#8217;intrusos responent [&hellip;]<\/p>\n","protected":false},"author":49,"featured_media":2711,"parent":0,"menu_order":0,"comment_status":"closed","ping_status":"closed","template":"elementor_header_footer","meta":{"footnotes":""},"class_list":["post-2938","page","type-page","status-publish","has-post-thumbnail","hentry"],"yoast_head":"<!-- This site is optimized with the Yoast SEO plugin v27.4 - https:\/\/yoast.com\/product\/yoast-seo-wordpress\/ -->\n<title>Sistemes anti-intrusi\u00f3 - AB Seguridad<\/title>\n<meta name=\"description\" content=\"En AB Seguretat som especialistes en la instal\u00b7laci\u00f3 i manteniment de sistemes anti-intrusi\u00f3 en empreses, comer\u00e7os i habitatges.\" \/>\n<meta name=\"robots\" content=\"index, follow, max-snippet:-1, max-image-preview:large, max-video-preview:-1\" \/>\n<link rel=\"canonical\" href=\"https:\/\/www.abseguridad.com\/ca\/sistemas-de-seguridad-anti-intrusion\/\" \/>\n<meta property=\"og:locale\" content=\"ca_ES\" \/>\n<meta property=\"og:type\" content=\"article\" \/>\n<meta property=\"og:title\" content=\"Sistemes anti-intrusi\u00f3 - AB Seguridad\" \/>\n<meta property=\"og:description\" content=\"En AB Seguretat som especialistes en la instal\u00b7laci\u00f3 i manteniment de sistemes anti-intrusi\u00f3 en empreses, comer\u00e7os i habitatges.\" \/>\n<meta property=\"og:url\" content=\"https:\/\/www.abseguridad.com\/ca\/sistemas-de-seguridad-anti-intrusion\/\" \/>\n<meta property=\"og:site_name\" content=\"AB Seguridad\" \/>\n<meta property=\"article:modified_time\" content=\"2021-10-18T11:06:50+00:00\" \/>\n<meta property=\"og:image\" content=\"https:\/\/www.abseguridad.com\/wp-content\/uploads\/2016\/03\/sistemas-antiintrusion.jpg\" \/>\n\t<meta property=\"og:image:width\" content=\"1839\" \/>\n\t<meta property=\"og:image:height\" content=\"1033\" \/>\n\t<meta property=\"og:image:type\" content=\"image\/jpeg\" \/>\n<meta name=\"twitter:card\" content=\"summary_large_image\" \/>\n<meta name=\"twitter:site\" content=\"@ab_seguridad\" \/>\n<meta name=\"twitter:label1\" content=\"Temps estimat de lectura\" \/>\n\t<meta name=\"twitter:data1\" content=\"3 minutes\" \/>\n<script type=\"application\/ld+json\" class=\"yoast-schema-graph\">{\"@context\":\"https:\\\/\\\/schema.org\",\"@graph\":[{\"@type\":\"WebPage\",\"@id\":\"https:\\\/\\\/www.abseguridad.com\\\/ca\\\/sistemas-de-seguridad-anti-intrusion\\\/\",\"url\":\"https:\\\/\\\/www.abseguridad.com\\\/ca\\\/sistemas-de-seguridad-anti-intrusion\\\/\",\"name\":\"Sistemes anti-intrusi\u00f3 - AB Seguridad\",\"isPartOf\":{\"@id\":\"https:\\\/\\\/www.abseguridad.com\\\/ca\\\/#website\"},\"primaryImageOfPage\":{\"@id\":\"https:\\\/\\\/www.abseguridad.com\\\/ca\\\/sistemas-de-seguridad-anti-intrusion\\\/#primaryimage\"},\"image\":{\"@id\":\"https:\\\/\\\/www.abseguridad.com\\\/ca\\\/sistemas-de-seguridad-anti-intrusion\\\/#primaryimage\"},\"thumbnailUrl\":\"https:\\\/\\\/www.abseguridad.com\\\/wp-content\\\/uploads\\\/2016\\\/03\\\/sistemas-antiintrusion.jpg\",\"datePublished\":\"2016-03-07T12:02:45+00:00\",\"dateModified\":\"2021-10-18T11:06:50+00:00\",\"description\":\"En AB Seguretat som especialistes en la instal\u00b7laci\u00f3 i manteniment de sistemes anti-intrusi\u00f3 en empreses, comer\u00e7os i habitatges.\",\"breadcrumb\":{\"@id\":\"https:\\\/\\\/www.abseguridad.com\\\/ca\\\/sistemas-de-seguridad-anti-intrusion\\\/#breadcrumb\"},\"inLanguage\":\"ca\",\"potentialAction\":[{\"@type\":\"ReadAction\",\"target\":[\"https:\\\/\\\/www.abseguridad.com\\\/ca\\\/sistemas-de-seguridad-anti-intrusion\\\/\"]}]},{\"@type\":\"ImageObject\",\"inLanguage\":\"ca\",\"@id\":\"https:\\\/\\\/www.abseguridad.com\\\/ca\\\/sistemas-de-seguridad-anti-intrusion\\\/#primaryimage\",\"url\":\"https:\\\/\\\/www.abseguridad.com\\\/wp-content\\\/uploads\\\/2016\\\/03\\\/sistemas-antiintrusion.jpg\",\"contentUrl\":\"https:\\\/\\\/www.abseguridad.com\\\/wp-content\\\/uploads\\\/2016\\\/03\\\/sistemas-antiintrusion.jpg\",\"width\":1839,\"height\":1033,\"caption\":\"sistemas anti-intrusi\u00f3n\"},{\"@type\":\"BreadcrumbList\",\"@id\":\"https:\\\/\\\/www.abseguridad.com\\\/ca\\\/sistemas-de-seguridad-anti-intrusion\\\/#breadcrumb\",\"itemListElement\":[{\"@type\":\"ListItem\",\"position\":1,\"name\":\"Portada\",\"item\":\"https:\\\/\\\/www.abseguridad.com\\\/ca\\\/inici\\\/\"},{\"@type\":\"ListItem\",\"position\":2,\"name\":\"Sistemes anti-intrusi\u00f3\"}]},{\"@type\":\"WebSite\",\"@id\":\"https:\\\/\\\/www.abseguridad.com\\\/ca\\\/#website\",\"url\":\"https:\\\/\\\/www.abseguridad.com\\\/ca\\\/\",\"name\":\"AB Seguridad\",\"description\":\"Seguridad y Contraincendios en Barcelona\",\"publisher\":{\"@id\":\"https:\\\/\\\/www.abseguridad.com\\\/ca\\\/#organization\"},\"potentialAction\":[{\"@type\":\"SearchAction\",\"target\":{\"@type\":\"EntryPoint\",\"urlTemplate\":\"https:\\\/\\\/www.abseguridad.com\\\/ca\\\/?s={search_term_string}\"},\"query-input\":{\"@type\":\"PropertyValueSpecification\",\"valueRequired\":true,\"valueName\":\"search_term_string\"}}],\"inLanguage\":\"ca\"},{\"@type\":\"Organization\",\"@id\":\"https:\\\/\\\/www.abseguridad.com\\\/ca\\\/#organization\",\"name\":\"AB Seguridad\",\"url\":\"https:\\\/\\\/www.abseguridad.com\\\/ca\\\/\",\"logo\":{\"@type\":\"ImageObject\",\"inLanguage\":\"ca\",\"@id\":\"https:\\\/\\\/www.abseguridad.com\\\/ca\\\/#\\\/schema\\\/logo\\\/image\\\/\",\"url\":\"https:\\\/\\\/www.abseguridad.com\\\/wp-content\\\/uploads\\\/2021\\\/06\\\/ab_seguridad_OK.png\",\"contentUrl\":\"https:\\\/\\\/www.abseguridad.com\\\/wp-content\\\/uploads\\\/2021\\\/06\\\/ab_seguridad_OK.png\",\"width\":260,\"height\":190,\"caption\":\"AB Seguridad\"},\"image\":{\"@id\":\"https:\\\/\\\/www.abseguridad.com\\\/ca\\\/#\\\/schema\\\/logo\\\/image\\\/\"},\"sameAs\":[\"https:\\\/\\\/x.com\\\/ab_seguridad\",\"https:\\\/\\\/es.linkedin.com\\\/company\\\/ab-seguridad\"]}]}<\/script>\n<!-- \/ Yoast SEO plugin. -->","yoast_head_json":{"title":"Sistemes anti-intrusi\u00f3 - AB Seguridad","description":"En AB Seguretat som especialistes en la instal\u00b7laci\u00f3 i manteniment de sistemes anti-intrusi\u00f3 en empreses, comer\u00e7os i habitatges.","robots":{"index":"index","follow":"follow","max-snippet":"max-snippet:-1","max-image-preview":"max-image-preview:large","max-video-preview":"max-video-preview:-1"},"canonical":"https:\/\/www.abseguridad.com\/ca\/sistemas-de-seguridad-anti-intrusion\/","og_locale":"ca_ES","og_type":"article","og_title":"Sistemes anti-intrusi\u00f3 - AB Seguridad","og_description":"En AB Seguretat som especialistes en la instal\u00b7laci\u00f3 i manteniment de sistemes anti-intrusi\u00f3 en empreses, comer\u00e7os i habitatges.","og_url":"https:\/\/www.abseguridad.com\/ca\/sistemas-de-seguridad-anti-intrusion\/","og_site_name":"AB Seguridad","article_modified_time":"2021-10-18T11:06:50+00:00","og_image":[{"width":1839,"height":1033,"url":"https:\/\/www.abseguridad.com\/wp-content\/uploads\/2016\/03\/sistemas-antiintrusion.jpg","type":"image\/jpeg"}],"twitter_card":"summary_large_image","twitter_site":"@ab_seguridad","twitter_misc":{"Temps estimat de lectura":"3 minutes"},"schema":{"@context":"https:\/\/schema.org","@graph":[{"@type":"WebPage","@id":"https:\/\/www.abseguridad.com\/ca\/sistemas-de-seguridad-anti-intrusion\/","url":"https:\/\/www.abseguridad.com\/ca\/sistemas-de-seguridad-anti-intrusion\/","name":"Sistemes anti-intrusi\u00f3 - AB Seguridad","isPartOf":{"@id":"https:\/\/www.abseguridad.com\/ca\/#website"},"primaryImageOfPage":{"@id":"https:\/\/www.abseguridad.com\/ca\/sistemas-de-seguridad-anti-intrusion\/#primaryimage"},"image":{"@id":"https:\/\/www.abseguridad.com\/ca\/sistemas-de-seguridad-anti-intrusion\/#primaryimage"},"thumbnailUrl":"https:\/\/www.abseguridad.com\/wp-content\/uploads\/2016\/03\/sistemas-antiintrusion.jpg","datePublished":"2016-03-07T12:02:45+00:00","dateModified":"2021-10-18T11:06:50+00:00","description":"En AB Seguretat som especialistes en la instal\u00b7laci\u00f3 i manteniment de sistemes anti-intrusi\u00f3 en empreses, comer\u00e7os i habitatges.","breadcrumb":{"@id":"https:\/\/www.abseguridad.com\/ca\/sistemas-de-seguridad-anti-intrusion\/#breadcrumb"},"inLanguage":"ca","potentialAction":[{"@type":"ReadAction","target":["https:\/\/www.abseguridad.com\/ca\/sistemas-de-seguridad-anti-intrusion\/"]}]},{"@type":"ImageObject","inLanguage":"ca","@id":"https:\/\/www.abseguridad.com\/ca\/sistemas-de-seguridad-anti-intrusion\/#primaryimage","url":"https:\/\/www.abseguridad.com\/wp-content\/uploads\/2016\/03\/sistemas-antiintrusion.jpg","contentUrl":"https:\/\/www.abseguridad.com\/wp-content\/uploads\/2016\/03\/sistemas-antiintrusion.jpg","width":1839,"height":1033,"caption":"sistemas anti-intrusi\u00f3n"},{"@type":"BreadcrumbList","@id":"https:\/\/www.abseguridad.com\/ca\/sistemas-de-seguridad-anti-intrusion\/#breadcrumb","itemListElement":[{"@type":"ListItem","position":1,"name":"Portada","item":"https:\/\/www.abseguridad.com\/ca\/inici\/"},{"@type":"ListItem","position":2,"name":"Sistemes anti-intrusi\u00f3"}]},{"@type":"WebSite","@id":"https:\/\/www.abseguridad.com\/ca\/#website","url":"https:\/\/www.abseguridad.com\/ca\/","name":"AB Seguridad","description":"Seguridad y Contraincendios en Barcelona","publisher":{"@id":"https:\/\/www.abseguridad.com\/ca\/#organization"},"potentialAction":[{"@type":"SearchAction","target":{"@type":"EntryPoint","urlTemplate":"https:\/\/www.abseguridad.com\/ca\/?s={search_term_string}"},"query-input":{"@type":"PropertyValueSpecification","valueRequired":true,"valueName":"search_term_string"}}],"inLanguage":"ca"},{"@type":"Organization","@id":"https:\/\/www.abseguridad.com\/ca\/#organization","name":"AB Seguridad","url":"https:\/\/www.abseguridad.com\/ca\/","logo":{"@type":"ImageObject","inLanguage":"ca","@id":"https:\/\/www.abseguridad.com\/ca\/#\/schema\/logo\/image\/","url":"https:\/\/www.abseguridad.com\/wp-content\/uploads\/2021\/06\/ab_seguridad_OK.png","contentUrl":"https:\/\/www.abseguridad.com\/wp-content\/uploads\/2021\/06\/ab_seguridad_OK.png","width":260,"height":190,"caption":"AB Seguridad"},"image":{"@id":"https:\/\/www.abseguridad.com\/ca\/#\/schema\/logo\/image\/"},"sameAs":["https:\/\/x.com\/ab_seguridad","https:\/\/es.linkedin.com\/company\/ab-seguridad"]}]}},"_links":{"self":[{"href":"https:\/\/www.abseguridad.com\/ca\/wp-json\/wp\/v2\/pages\/2938","targetHints":{"allow":["GET"]}}],"collection":[{"href":"https:\/\/www.abseguridad.com\/ca\/wp-json\/wp\/v2\/pages"}],"about":[{"href":"https:\/\/www.abseguridad.com\/ca\/wp-json\/wp\/v2\/types\/page"}],"author":[{"embeddable":true,"href":"https:\/\/www.abseguridad.com\/ca\/wp-json\/wp\/v2\/users\/49"}],"replies":[{"embeddable":true,"href":"https:\/\/www.abseguridad.com\/ca\/wp-json\/wp\/v2\/comments?post=2938"}],"version-history":[{"count":0,"href":"https:\/\/www.abseguridad.com\/ca\/wp-json\/wp\/v2\/pages\/2938\/revisions"}],"wp:featuredmedia":[{"embeddable":true,"href":"https:\/\/www.abseguridad.com\/ca\/wp-json\/wp\/v2\/media\/2711"}],"wp:attachment":[{"href":"https:\/\/www.abseguridad.com\/ca\/wp-json\/wp\/v2\/media?parent=2938"}],"curies":[{"name":"wp","href":"https:\/\/api.w.org\/{rel}","templated":true}]}}