{"id":2915,"date":"2016-03-07T12:04:10","date_gmt":"2016-03-07T12:04:10","guid":{"rendered":"https:\/\/www.abseguridad.com\/servicio-de-mantenimiento-para-sistemas-de-seguridad\/"},"modified":"2021-12-02T13:04:40","modified_gmt":"2021-12-02T12:04:40","slug":"servicio-de-mantenimiento-para-sistemas-de-seguridad","status":"publish","type":"page","link":"https:\/\/www.abseguridad.com\/ca\/servicio-de-mantenimiento-para-sistemas-de-seguridad\/","title":{"rendered":"Manteniment"},"content":{"rendered":"<h2>El nostre servei de manteniment per als sistemes de seguretat \u00e9s l&#8217;\u00fanic que es necessita per a que sempre funcionin correctament quan els necessiti.<\/h2>\n<p>Tots els sistemes de seguretat s\u00f3n susceptibles d&#8217;averies i desgast, aix\u00ed que per evitar qualsevol problema s&#8217;ha de realitzar un manteniment adequat.<\/p>\n<p>En <a href=\"https:\/\/www.abseguridad.com\/ca\/qui-som-empresa-de-seguretat-a-barcelona\/\">AB Seguretat <\/a>estem especialitzats en el manteniment de sistemes de seguretat, seguint aquest un punt diferencial de la nostra empresa.<\/p>\n<p>Realitzem el manteniment dels serveis i sistemes seg\u00fcents:<\/p>\n<ul>\n<li><a href=\"https:\/\/www.abseguridad.com\/proteccion-contra-incendio\/\">Protecci\u00f3 contra incendi.<\/a><\/li>\n<li><a href=\"https:\/\/www.abseguridad.com\/ca\/sistemas-de-seguridad-anti-intrusion\/\">Sistemes anti-intrusi\u00f3.<\/a><\/li>\n<li><a href=\"https:\/\/www.abseguridad.com\/ca\/cameres-de-seguretat\/\">C\u00e0meres de seguretat (CCTV).<\/a><\/li>\n<li><a href=\"https:\/\/www.abseguridad.com\/ca\/control-daccessos-i-presencia\/\">Control d&#8217;accessos i pres\u00e8ncia.<\/a><\/li>\n<li><a href=\"https:\/\/www.abseguridad.com\/ca\/seguretat-fisica\/\" target=\"_blank\" rel=\"noopener noreferrer\">Seguretat f\u00edsica.<\/a><\/li>\n<\/ul>\n<p>Per al manteniment seguim estrictament les indicacions de:<\/p>\n<ul>\n<li>La normativa vigent.<\/li>\n<li>Les indicacions i recomanacions addicionals indicades pels diferents fabricants.<\/li>\n<li>Addicionalment, gr\u00e0cies a la nostra experi\u00e8ncia acumulada, revisem punts sensibles de les instal\u00b7lacions que s\u00f3n susceptibles de generar errors i que habitualment no queden revisats.<\/li>\n<\/ul>\n<p>Si el que esteu buscant en una empresa de seguretat per realitzar el manteniment de les solucions de seguretat instal\u00b7lades, que us ofereixi un assessorament professional i un servei integral d&#8217;acord amb les vostres necessitats, AB Seguretat \u00e9s la soluci\u00f3. Podeu posar-vos en contacte amb nosaltres <a href=\"http:\/\/www.abseguridad.com\/contacto\/\">omplint el q\u00fcestionario<\/a>si ho preferiu truqueu-nos al tel\u00e8fon <a href=\"tel:932936673\">932936673<\/a> on us atendrem personalment.<\/p>\n<p>Estem a la seva disposici\u00f3!<\/p>\n","protected":false},"excerpt":{"rendered":"<p>El nostre servei de manteniment per als sistemes de seguretat \u00e9s l&#8217;\u00fanic que es necessita per a que sempre funcionin correctament quan els necessiti. Tots els sistemes de seguretat s\u00f3n susceptibles d&#8217;averies i desgast, aix\u00ed que per evitar qualsevol problema s&#8217;ha de realitzar un manteniment adequat. En AB Seguretat estem especialitzats en el manteniment de [&hellip;]<\/p>\n","protected":false},"author":49,"featured_media":2718,"parent":0,"menu_order":0,"comment_status":"closed","ping_status":"closed","template":"elementor_header_footer","meta":{"footnotes":""},"class_list":["post-2915","page","type-page","status-publish","has-post-thumbnail","hentry"],"yoast_head":"<!-- This site is optimized with the Yoast SEO plugin v27.4 - https:\/\/yoast.com\/product\/yoast-seo-wordpress\/ -->\n<title>Manteniment per Sistemes de Seguretat - AB Seguretat<\/title>\n<meta name=\"description\" content=\"En AB Seguretat som especialistes en el manteniment per sistemes de seguretat instal\u00b7lats en empreses, comer\u00e7os i habitatges.\" \/>\n<meta name=\"robots\" content=\"index, follow, max-snippet:-1, max-image-preview:large, max-video-preview:-1\" \/>\n<link rel=\"canonical\" href=\"https:\/\/www.abseguridad.com\/ca\/servicio-de-mantenimiento-para-sistemas-de-seguridad\/\" \/>\n<meta property=\"og:locale\" content=\"ca_ES\" \/>\n<meta property=\"og:type\" content=\"article\" \/>\n<meta property=\"og:title\" content=\"Manteniment per Sistemes de Seguretat - AB Seguretat\" \/>\n<meta property=\"og:description\" content=\"En AB Seguretat som especialistes en el manteniment per sistemes de seguretat instal\u00b7lats en empreses, comer\u00e7os i habitatges.\" \/>\n<meta property=\"og:url\" content=\"https:\/\/www.abseguridad.com\/ca\/servicio-de-mantenimiento-para-sistemas-de-seguridad\/\" \/>\n<meta property=\"og:site_name\" content=\"AB Seguridad\" \/>\n<meta property=\"article:modified_time\" content=\"2021-12-02T12:04:40+00:00\" \/>\n<meta property=\"og:image\" content=\"https:\/\/www.abseguridad.com\/wp-content\/uploads\/2016\/03\/mantenimiento.jpg\" \/>\n\t<meta property=\"og:image:width\" content=\"1687\" \/>\n\t<meta property=\"og:image:height\" content=\"1126\" \/>\n\t<meta property=\"og:image:type\" content=\"image\/jpeg\" \/>\n<meta name=\"twitter:card\" content=\"summary_large_image\" \/>\n<meta name=\"twitter:site\" content=\"@ab_seguridad\" \/>\n<meta name=\"twitter:label1\" content=\"Temps estimat de lectura\" \/>\n\t<meta name=\"twitter:data1\" content=\"1 minute\" \/>\n<script type=\"application\/ld+json\" class=\"yoast-schema-graph\">{\"@context\":\"https:\\\/\\\/schema.org\",\"@graph\":[{\"@type\":\"WebPage\",\"@id\":\"https:\\\/\\\/www.abseguridad.com\\\/ca\\\/servicio-de-mantenimiento-para-sistemas-de-seguridad\\\/\",\"url\":\"https:\\\/\\\/www.abseguridad.com\\\/ca\\\/servicio-de-mantenimiento-para-sistemas-de-seguridad\\\/\",\"name\":\"Manteniment per Sistemes de Seguretat - AB Seguretat\",\"isPartOf\":{\"@id\":\"https:\\\/\\\/www.abseguridad.com\\\/ca\\\/#website\"},\"primaryImageOfPage\":{\"@id\":\"https:\\\/\\\/www.abseguridad.com\\\/ca\\\/servicio-de-mantenimiento-para-sistemas-de-seguridad\\\/#primaryimage\"},\"image\":{\"@id\":\"https:\\\/\\\/www.abseguridad.com\\\/ca\\\/servicio-de-mantenimiento-para-sistemas-de-seguridad\\\/#primaryimage\"},\"thumbnailUrl\":\"https:\\\/\\\/www.abseguridad.com\\\/wp-content\\\/uploads\\\/2016\\\/03\\\/mantenimiento.jpg\",\"datePublished\":\"2016-03-07T12:04:10+00:00\",\"dateModified\":\"2021-12-02T12:04:40+00:00\",\"description\":\"En AB Seguretat som especialistes en el manteniment per sistemes de seguretat instal\u00b7lats en empreses, comer\u00e7os i habitatges.\",\"breadcrumb\":{\"@id\":\"https:\\\/\\\/www.abseguridad.com\\\/ca\\\/servicio-de-mantenimiento-para-sistemas-de-seguridad\\\/#breadcrumb\"},\"inLanguage\":\"ca\",\"potentialAction\":[{\"@type\":\"ReadAction\",\"target\":[\"https:\\\/\\\/www.abseguridad.com\\\/ca\\\/servicio-de-mantenimiento-para-sistemas-de-seguridad\\\/\"]}]},{\"@type\":\"ImageObject\",\"inLanguage\":\"ca\",\"@id\":\"https:\\\/\\\/www.abseguridad.com\\\/ca\\\/servicio-de-mantenimiento-para-sistemas-de-seguridad\\\/#primaryimage\",\"url\":\"https:\\\/\\\/www.abseguridad.com\\\/wp-content\\\/uploads\\\/2016\\\/03\\\/mantenimiento.jpg\",\"contentUrl\":\"https:\\\/\\\/www.abseguridad.com\\\/wp-content\\\/uploads\\\/2016\\\/03\\\/mantenimiento.jpg\",\"width\":1687,\"height\":1126,\"caption\":\"Mantenimiento de Sistemas de Seguridad\"},{\"@type\":\"BreadcrumbList\",\"@id\":\"https:\\\/\\\/www.abseguridad.com\\\/ca\\\/servicio-de-mantenimiento-para-sistemas-de-seguridad\\\/#breadcrumb\",\"itemListElement\":[{\"@type\":\"ListItem\",\"position\":1,\"name\":\"Portada\",\"item\":\"https:\\\/\\\/www.abseguridad.com\\\/ca\\\/inici\\\/\"},{\"@type\":\"ListItem\",\"position\":2,\"name\":\"Manteniment\"}]},{\"@type\":\"WebSite\",\"@id\":\"https:\\\/\\\/www.abseguridad.com\\\/ca\\\/#website\",\"url\":\"https:\\\/\\\/www.abseguridad.com\\\/ca\\\/\",\"name\":\"AB Seguridad\",\"description\":\"Seguridad y Contraincendios en Barcelona\",\"publisher\":{\"@id\":\"https:\\\/\\\/www.abseguridad.com\\\/ca\\\/#organization\"},\"potentialAction\":[{\"@type\":\"SearchAction\",\"target\":{\"@type\":\"EntryPoint\",\"urlTemplate\":\"https:\\\/\\\/www.abseguridad.com\\\/ca\\\/?s={search_term_string}\"},\"query-input\":{\"@type\":\"PropertyValueSpecification\",\"valueRequired\":true,\"valueName\":\"search_term_string\"}}],\"inLanguage\":\"ca\"},{\"@type\":\"Organization\",\"@id\":\"https:\\\/\\\/www.abseguridad.com\\\/ca\\\/#organization\",\"name\":\"AB Seguridad\",\"url\":\"https:\\\/\\\/www.abseguridad.com\\\/ca\\\/\",\"logo\":{\"@type\":\"ImageObject\",\"inLanguage\":\"ca\",\"@id\":\"https:\\\/\\\/www.abseguridad.com\\\/ca\\\/#\\\/schema\\\/logo\\\/image\\\/\",\"url\":\"https:\\\/\\\/www.abseguridad.com\\\/wp-content\\\/uploads\\\/2021\\\/06\\\/ab_seguridad_OK.png\",\"contentUrl\":\"https:\\\/\\\/www.abseguridad.com\\\/wp-content\\\/uploads\\\/2021\\\/06\\\/ab_seguridad_OK.png\",\"width\":260,\"height\":190,\"caption\":\"AB Seguridad\"},\"image\":{\"@id\":\"https:\\\/\\\/www.abseguridad.com\\\/ca\\\/#\\\/schema\\\/logo\\\/image\\\/\"},\"sameAs\":[\"https:\\\/\\\/x.com\\\/ab_seguridad\",\"https:\\\/\\\/es.linkedin.com\\\/company\\\/ab-seguridad\"]}]}<\/script>\n<!-- \/ Yoast SEO plugin. -->","yoast_head_json":{"title":"Manteniment per Sistemes de Seguretat - AB Seguretat","description":"En AB Seguretat som especialistes en el manteniment per sistemes de seguretat instal\u00b7lats en empreses, comer\u00e7os i habitatges.","robots":{"index":"index","follow":"follow","max-snippet":"max-snippet:-1","max-image-preview":"max-image-preview:large","max-video-preview":"max-video-preview:-1"},"canonical":"https:\/\/www.abseguridad.com\/ca\/servicio-de-mantenimiento-para-sistemas-de-seguridad\/","og_locale":"ca_ES","og_type":"article","og_title":"Manteniment per Sistemes de Seguretat - AB Seguretat","og_description":"En AB Seguretat som especialistes en el manteniment per sistemes de seguretat instal\u00b7lats en empreses, comer\u00e7os i habitatges.","og_url":"https:\/\/www.abseguridad.com\/ca\/servicio-de-mantenimiento-para-sistemas-de-seguridad\/","og_site_name":"AB Seguridad","article_modified_time":"2021-12-02T12:04:40+00:00","og_image":[{"width":1687,"height":1126,"url":"https:\/\/www.abseguridad.com\/wp-content\/uploads\/2016\/03\/mantenimiento.jpg","type":"image\/jpeg"}],"twitter_card":"summary_large_image","twitter_site":"@ab_seguridad","twitter_misc":{"Temps estimat de lectura":"1 minute"},"schema":{"@context":"https:\/\/schema.org","@graph":[{"@type":"WebPage","@id":"https:\/\/www.abseguridad.com\/ca\/servicio-de-mantenimiento-para-sistemas-de-seguridad\/","url":"https:\/\/www.abseguridad.com\/ca\/servicio-de-mantenimiento-para-sistemas-de-seguridad\/","name":"Manteniment per Sistemes de Seguretat - AB Seguretat","isPartOf":{"@id":"https:\/\/www.abseguridad.com\/ca\/#website"},"primaryImageOfPage":{"@id":"https:\/\/www.abseguridad.com\/ca\/servicio-de-mantenimiento-para-sistemas-de-seguridad\/#primaryimage"},"image":{"@id":"https:\/\/www.abseguridad.com\/ca\/servicio-de-mantenimiento-para-sistemas-de-seguridad\/#primaryimage"},"thumbnailUrl":"https:\/\/www.abseguridad.com\/wp-content\/uploads\/2016\/03\/mantenimiento.jpg","datePublished":"2016-03-07T12:04:10+00:00","dateModified":"2021-12-02T12:04:40+00:00","description":"En AB Seguretat som especialistes en el manteniment per sistemes de seguretat instal\u00b7lats en empreses, comer\u00e7os i habitatges.","breadcrumb":{"@id":"https:\/\/www.abseguridad.com\/ca\/servicio-de-mantenimiento-para-sistemas-de-seguridad\/#breadcrumb"},"inLanguage":"ca","potentialAction":[{"@type":"ReadAction","target":["https:\/\/www.abseguridad.com\/ca\/servicio-de-mantenimiento-para-sistemas-de-seguridad\/"]}]},{"@type":"ImageObject","inLanguage":"ca","@id":"https:\/\/www.abseguridad.com\/ca\/servicio-de-mantenimiento-para-sistemas-de-seguridad\/#primaryimage","url":"https:\/\/www.abseguridad.com\/wp-content\/uploads\/2016\/03\/mantenimiento.jpg","contentUrl":"https:\/\/www.abseguridad.com\/wp-content\/uploads\/2016\/03\/mantenimiento.jpg","width":1687,"height":1126,"caption":"Mantenimiento de Sistemas de Seguridad"},{"@type":"BreadcrumbList","@id":"https:\/\/www.abseguridad.com\/ca\/servicio-de-mantenimiento-para-sistemas-de-seguridad\/#breadcrumb","itemListElement":[{"@type":"ListItem","position":1,"name":"Portada","item":"https:\/\/www.abseguridad.com\/ca\/inici\/"},{"@type":"ListItem","position":2,"name":"Manteniment"}]},{"@type":"WebSite","@id":"https:\/\/www.abseguridad.com\/ca\/#website","url":"https:\/\/www.abseguridad.com\/ca\/","name":"AB Seguridad","description":"Seguridad y Contraincendios en Barcelona","publisher":{"@id":"https:\/\/www.abseguridad.com\/ca\/#organization"},"potentialAction":[{"@type":"SearchAction","target":{"@type":"EntryPoint","urlTemplate":"https:\/\/www.abseguridad.com\/ca\/?s={search_term_string}"},"query-input":{"@type":"PropertyValueSpecification","valueRequired":true,"valueName":"search_term_string"}}],"inLanguage":"ca"},{"@type":"Organization","@id":"https:\/\/www.abseguridad.com\/ca\/#organization","name":"AB Seguridad","url":"https:\/\/www.abseguridad.com\/ca\/","logo":{"@type":"ImageObject","inLanguage":"ca","@id":"https:\/\/www.abseguridad.com\/ca\/#\/schema\/logo\/image\/","url":"https:\/\/www.abseguridad.com\/wp-content\/uploads\/2021\/06\/ab_seguridad_OK.png","contentUrl":"https:\/\/www.abseguridad.com\/wp-content\/uploads\/2021\/06\/ab_seguridad_OK.png","width":260,"height":190,"caption":"AB Seguridad"},"image":{"@id":"https:\/\/www.abseguridad.com\/ca\/#\/schema\/logo\/image\/"},"sameAs":["https:\/\/x.com\/ab_seguridad","https:\/\/es.linkedin.com\/company\/ab-seguridad"]}]}},"_links":{"self":[{"href":"https:\/\/www.abseguridad.com\/ca\/wp-json\/wp\/v2\/pages\/2915","targetHints":{"allow":["GET"]}}],"collection":[{"href":"https:\/\/www.abseguridad.com\/ca\/wp-json\/wp\/v2\/pages"}],"about":[{"href":"https:\/\/www.abseguridad.com\/ca\/wp-json\/wp\/v2\/types\/page"}],"author":[{"embeddable":true,"href":"https:\/\/www.abseguridad.com\/ca\/wp-json\/wp\/v2\/users\/49"}],"replies":[{"embeddable":true,"href":"https:\/\/www.abseguridad.com\/ca\/wp-json\/wp\/v2\/comments?post=2915"}],"version-history":[{"count":0,"href":"https:\/\/www.abseguridad.com\/ca\/wp-json\/wp\/v2\/pages\/2915\/revisions"}],"wp:featuredmedia":[{"embeddable":true,"href":"https:\/\/www.abseguridad.com\/ca\/wp-json\/wp\/v2\/media\/2718"}],"wp:attachment":[{"href":"https:\/\/www.abseguridad.com\/ca\/wp-json\/wp\/v2\/media?parent=2915"}],"curies":[{"name":"wp","href":"https:\/\/api.w.org\/{rel}","templated":true}]}}